{"id":2568,"date":"2024-10-08T00:40:43","date_gmt":"2024-10-07T21:40:43","guid":{"rendered":"https:\/\/erayman.com\/en\/product\/h014-001-x01\/"},"modified":"2024-10-08T00:40:43","modified_gmt":"2024-10-07T21:40:43","slug":"h014-001-x01","status":"publish","type":"product","link":"https:\/\/erayman.com\/en\/product\/h014-001-x01\/","title":{"rendered":"H014 001 X01"},"content":{"rendered":"","protected":false},"excerpt":{"rendered":"<p>D\u00f6k\u00fcm Metaldan Yap\u0131lm\u0131\u015f G\u00f6vde<br \/>\nKademeli Geri \u00c7ekilebilir<br \/>\nSa\u011f ve Sol El \u0130\u00e7in Kullan\u0131ma Uygun<br \/>\nTrapezoid U\u00e7 ve Kanca U\u00e7 \u0130le Kullan\u0131labilir<\/p>\n","protected":false},"featured_media":2569,"comment_status":"closed","ping_status":"closed","template":"","meta":[],"product_cat":[237],"product_tag":[],"class_list":{"0":"post-2568","1":"product","2":"type-product","3":"status-publish","4":"has-post-thumbnail","6":"product_cat-work-safety-hand-knife","8":"first","9":"instock","10":"shipping-taxable","11":"product-type-simple"},"aioseo_notices":[],"_links":{"self":[{"href":"https:\/\/erayman.com\/en\/wp-json\/wp\/v2\/product\/2568"}],"collection":[{"href":"https:\/\/erayman.com\/en\/wp-json\/wp\/v2\/product"}],"about":[{"href":"https:\/\/erayman.com\/en\/wp-json\/wp\/v2\/types\/product"}],"replies":[{"embeddable":true,"href":"https:\/\/erayman.com\/en\/wp-json\/wp\/v2\/comments?post=2568"}],"wp:featuredmedia":[{"embeddable":true,"href":"https:\/\/erayman.com\/en\/wp-json\/wp\/v2\/media\/2569"}],"wp:attachment":[{"href":"https:\/\/erayman.com\/en\/wp-json\/wp\/v2\/media?parent=2568"}],"wp:term":[{"taxonomy":"product_cat","embeddable":true,"href":"https:\/\/erayman.com\/en\/wp-json\/wp\/v2\/product_cat?post=2568"},{"taxonomy":"product_tag","embeddable":true,"href":"https:\/\/erayman.com\/en\/wp-json\/wp\/v2\/product_tag?post=2568"}],"curies":[{"name":"wp","href":"https:\/\/api.w.org\/{rel}","templated":true}]}}