{"id":2558,"date":"2024-10-08T00:45:37","date_gmt":"2024-10-07T21:45:37","guid":{"rendered":"https:\/\/erayman.com\/en\/product\/h020-001-s05\/"},"modified":"2024-10-08T00:45:37","modified_gmt":"2024-10-07T21:45:37","slug":"h020-001-s05","status":"publish","type":"product","link":"https:\/\/erayman.com\/en\/product\/h020-001-s05\/","title":{"rendered":"H020 001 S05"},"content":{"rendered":"","protected":false},"excerpt":{"rendered":"<p>Camelyaf\u0131 Takviyeli Plastik G\u00f6vde<br \/>\nDe\u011fi\u015ftirilebilir Sabit U\u00e7lu<br \/>\nSa\u011f ve Sol El \u0130\u00e7in Kullan\u0131ma Uygun<br \/>\nSlim Jilet Serisiyle Kullan\u0131l\u0131r<\/p>\n","protected":false},"featured_media":2559,"comment_status":"closed","ping_status":"closed","template":"","meta":[],"product_cat":[237],"product_tag":[],"class_list":{"0":"post-2558","1":"product","2":"type-product","3":"status-publish","4":"has-post-thumbnail","6":"product_cat-work-safety-hand-knife","8":"first","9":"instock","10":"shipping-taxable","11":"product-type-simple"},"aioseo_notices":[],"_links":{"self":[{"href":"https:\/\/erayman.com\/en\/wp-json\/wp\/v2\/product\/2558"}],"collection":[{"href":"https:\/\/erayman.com\/en\/wp-json\/wp\/v2\/product"}],"about":[{"href":"https:\/\/erayman.com\/en\/wp-json\/wp\/v2\/types\/product"}],"replies":[{"embeddable":true,"href":"https:\/\/erayman.com\/en\/wp-json\/wp\/v2\/comments?post=2558"}],"wp:featuredmedia":[{"embeddable":true,"href":"https:\/\/erayman.com\/en\/wp-json\/wp\/v2\/media\/2559"}],"wp:attachment":[{"href":"https:\/\/erayman.com\/en\/wp-json\/wp\/v2\/media?parent=2558"}],"wp:term":[{"taxonomy":"product_cat","embeddable":true,"href":"https:\/\/erayman.com\/en\/wp-json\/wp\/v2\/product_cat?post=2558"},{"taxonomy":"product_tag","embeddable":true,"href":"https:\/\/erayman.com\/en\/wp-json\/wp\/v2\/product_tag?post=2558"}],"curies":[{"name":"wp","href":"https:\/\/api.w.org\/{rel}","templated":true}]}}