{"id":2556,"date":"2024-10-08T00:46:13","date_gmt":"2024-10-07T21:46:13","guid":{"rendered":"https:\/\/erayman.com\/en\/product\/h023-002-s05\/"},"modified":"2024-10-08T00:46:13","modified_gmt":"2024-10-07T21:46:13","slug":"h023-002-s05","status":"publish","type":"product","link":"https:\/\/erayman.com\/en\/product\/h023-002-s05\/","title":{"rendered":"H023 002 S05"},"content":{"rendered":"","protected":false},"excerpt":{"rendered":"<p>D\u00f6k\u00fcm \u00c7elikten Yap\u0131lm\u0131\u015f G\u00f6vde<br \/>\nGeri \u00c7ekilebilen Mekanizma<br \/>\nElle Kolay A\u00e7\u0131labilen B\u0131\u00e7ak De\u011fi\u015ftirme Sistemi<br \/>\nSa\u011f ve Sol El \u0130\u00e7in Kullan\u0131ma Uygun<br \/>\nSlim Jilet Serisiyle Kullan\u0131l\u0131r<\/p>\n","protected":false},"featured_media":2557,"comment_status":"closed","ping_status":"closed","template":"","meta":[],"product_cat":[237],"product_tag":[],"class_list":{"0":"post-2556","1":"product","2":"type-product","3":"status-publish","4":"has-post-thumbnail","6":"product_cat-work-safety-hand-knife","8":"first","9":"instock","10":"shipping-taxable","11":"product-type-simple"},"aioseo_notices":[],"_links":{"self":[{"href":"https:\/\/erayman.com\/en\/wp-json\/wp\/v2\/product\/2556"}],"collection":[{"href":"https:\/\/erayman.com\/en\/wp-json\/wp\/v2\/product"}],"about":[{"href":"https:\/\/erayman.com\/en\/wp-json\/wp\/v2\/types\/product"}],"replies":[{"embeddable":true,"href":"https:\/\/erayman.com\/en\/wp-json\/wp\/v2\/comments?post=2556"}],"wp:featuredmedia":[{"embeddable":true,"href":"https:\/\/erayman.com\/en\/wp-json\/wp\/v2\/media\/2557"}],"wp:attachment":[{"href":"https:\/\/erayman.com\/en\/wp-json\/wp\/v2\/media?parent=2556"}],"wp:term":[{"taxonomy":"product_cat","embeddable":true,"href":"https:\/\/erayman.com\/en\/wp-json\/wp\/v2\/product_cat?post=2556"},{"taxonomy":"product_tag","embeddable":true,"href":"https:\/\/erayman.com\/en\/wp-json\/wp\/v2\/product_tag?post=2556"}],"curies":[{"name":"wp","href":"https:\/\/api.w.org\/{rel}","templated":true}]}}