{"id":2550,"date":"2024-10-08T00:50:10","date_gmt":"2024-10-07T21:50:10","guid":{"rendered":"https:\/\/erayman.com\/en\/product\/h030-001-a03\/"},"modified":"2024-10-08T00:50:10","modified_gmt":"2024-10-07T21:50:10","slug":"h030-001-a03","status":"publish","type":"product","link":"https:\/\/erayman.com\/en\/product\/h030-001-a03\/","title":{"rendered":"H030 001 A03"},"content":{"rendered":"","protected":false},"excerpt":{"rendered":"<p>\u00c7elik B\u0131\u00e7ak Tutaca\u011f\u0131 ve Yayl\u0131 Koruma Sistemi<br \/>\nTek D\u00fc\u011fme \u0130le Kolay Jilet De\u011fi\u015ftirme Sistemi<br \/>\nDe\u011fi\u015ftirilebilir Jilet<br \/>\n\u00c7ift Tarafl\u0131 3 Delikli Jilet \u0130le Kullan\u0131l\u0131r<\/p>\n","protected":false},"featured_media":2551,"comment_status":"closed","ping_status":"closed","template":"","meta":[],"product_cat":[237],"product_tag":[],"class_list":{"0":"post-2550","1":"product","2":"type-product","3":"status-publish","4":"has-post-thumbnail","6":"product_cat-work-safety-hand-knife","8":"first","9":"instock","10":"shipping-taxable","11":"product-type-simple"},"aioseo_notices":[],"_links":{"self":[{"href":"https:\/\/erayman.com\/en\/wp-json\/wp\/v2\/product\/2550"}],"collection":[{"href":"https:\/\/erayman.com\/en\/wp-json\/wp\/v2\/product"}],"about":[{"href":"https:\/\/erayman.com\/en\/wp-json\/wp\/v2\/types\/product"}],"replies":[{"embeddable":true,"href":"https:\/\/erayman.com\/en\/wp-json\/wp\/v2\/comments?post=2550"}],"wp:featuredmedia":[{"embeddable":true,"href":"https:\/\/erayman.com\/en\/wp-json\/wp\/v2\/media\/2551"}],"wp:attachment":[{"href":"https:\/\/erayman.com\/en\/wp-json\/wp\/v2\/media?parent=2550"}],"wp:term":[{"taxonomy":"product_cat","embeddable":true,"href":"https:\/\/erayman.com\/en\/wp-json\/wp\/v2\/product_cat?post=2550"},{"taxonomy":"product_tag","embeddable":true,"href":"https:\/\/erayman.com\/en\/wp-json\/wp\/v2\/product_tag?post=2550"}],"curies":[{"name":"wp","href":"https:\/\/api.w.org\/{rel}","templated":true}]}}