{"id":2548,"date":"2024-10-08T00:51:00","date_gmt":"2024-10-07T21:51:00","guid":{"rendered":"https:\/\/erayman.com\/en\/product\/h032-001-a03\/"},"modified":"2024-10-08T00:51:00","modified_gmt":"2024-10-07T21:51:00","slug":"h032-001-a03","status":"publish","type":"product","link":"https:\/\/erayman.com\/en\/product\/h032-001-a03\/","title":{"rendered":"H032 001 A03"},"content":{"rendered":"","protected":false},"excerpt":{"rendered":"<p>Y\u00fcksek G\u00fcvenlik \u00d6zelli\u011fi<br \/>\nKesilen Malzeme Sonunda Jilet Bo\u015fa D\u00fc\u015ft\u00fc\u011f\u00fcnde Otomatik Geri \u00c7ekilen Mekanizma<br \/>\nTrapezoid U\u00e7 \u0130le Kullan\u0131l\u0131r<\/p>\n","protected":false},"featured_media":2549,"comment_status":"closed","ping_status":"closed","template":"","meta":[],"product_cat":[237],"product_tag":[],"class_list":{"0":"post-2548","1":"product","2":"type-product","3":"status-publish","4":"has-post-thumbnail","6":"product_cat-work-safety-hand-knife","8":"first","9":"instock","10":"shipping-taxable","11":"product-type-simple"},"aioseo_notices":[],"_links":{"self":[{"href":"https:\/\/erayman.com\/en\/wp-json\/wp\/v2\/product\/2548"}],"collection":[{"href":"https:\/\/erayman.com\/en\/wp-json\/wp\/v2\/product"}],"about":[{"href":"https:\/\/erayman.com\/en\/wp-json\/wp\/v2\/types\/product"}],"replies":[{"embeddable":true,"href":"https:\/\/erayman.com\/en\/wp-json\/wp\/v2\/comments?post=2548"}],"wp:featuredmedia":[{"embeddable":true,"href":"https:\/\/erayman.com\/en\/wp-json\/wp\/v2\/media\/2549"}],"wp:attachment":[{"href":"https:\/\/erayman.com\/en\/wp-json\/wp\/v2\/media?parent=2548"}],"wp:term":[{"taxonomy":"product_cat","embeddable":true,"href":"https:\/\/erayman.com\/en\/wp-json\/wp\/v2\/product_cat?post=2548"},{"taxonomy":"product_tag","embeddable":true,"href":"https:\/\/erayman.com\/en\/wp-json\/wp\/v2\/product_tag?post=2548"}],"curies":[{"name":"wp","href":"https:\/\/api.w.org\/{rel}","templated":true}]}}