{"id":2542,"date":"2024-10-08T00:52:53","date_gmt":"2024-10-07T21:52:53","guid":{"rendered":"https:\/\/erayman.com\/en\/product\/h041-004-a01-cam-kaziyici-metal\/"},"modified":"2024-10-16T01:33:57","modified_gmt":"2024-10-15T22:33:57","slug":"h041-004-a01-glass-scraper-metal","status":"publish","type":"product","link":"https:\/\/erayman.com\/en\/product\/h041-004-a01-glass-scraper-metal\/","title":{"rendered":"H041 004 A01 GLASS SCRAPER \u2013 METAL"},"content":{"rendered":"","protected":false},"excerpt":{"rendered":"<p>D\u00f6k\u00fcm Metaldan Yap\u0131lm\u0131\u015f G\u00f6vde<br \/>\nKademeli Geri \u00c7ekilebilir<br \/>\nDe\u011fi\u015ftirilebilir Jilet<br \/>\nSa\u011f ve Sol El \u0130\u00e7in Kullan\u0131ma Uygun<br \/>\nAl\u00fcminyum K\u0131l\u0131fl\u0131, Tek Tarafl\u0131 Jilet \u0130le Kullan\u0131l\u0131r<\/p>\n","protected":false},"featured_media":2543,"comment_status":"closed","ping_status":"closed","template":"","meta":[],"product_cat":[237],"product_tag":[],"class_list":{"0":"post-2542","1":"product","2":"type-product","3":"status-publish","4":"has-post-thumbnail","6":"product_cat-work-safety-hand-knife","8":"first","9":"instock","10":"shipping-taxable","11":"product-type-simple"},"aioseo_notices":[],"_links":{"self":[{"href":"https:\/\/erayman.com\/en\/wp-json\/wp\/v2\/product\/2542"}],"collection":[{"href":"https:\/\/erayman.com\/en\/wp-json\/wp\/v2\/product"}],"about":[{"href":"https:\/\/erayman.com\/en\/wp-json\/wp\/v2\/types\/product"}],"replies":[{"embeddable":true,"href":"https:\/\/erayman.com\/en\/wp-json\/wp\/v2\/comments?post=2542"}],"wp:featuredmedia":[{"embeddable":true,"href":"https:\/\/erayman.com\/en\/wp-json\/wp\/v2\/media\/2543"}],"wp:attachment":[{"href":"https:\/\/erayman.com\/en\/wp-json\/wp\/v2\/media?parent=2542"}],"wp:term":[{"taxonomy":"product_cat","embeddable":true,"href":"https:\/\/erayman.com\/en\/wp-json\/wp\/v2\/product_cat?post=2542"},{"taxonomy":"product_tag","embeddable":true,"href":"https:\/\/erayman.com\/en\/wp-json\/wp\/v2\/product_tag?post=2542"}],"curies":[{"name":"wp","href":"https:\/\/api.w.org\/{rel}","templated":true}]}}