{"id":2540,"date":"2024-10-08T00:54:27","date_gmt":"2024-10-07T21:54:27","guid":{"rendered":"https:\/\/erayman.com\/en\/product\/h042-001-a01\/"},"modified":"2024-10-08T00:54:27","modified_gmt":"2024-10-07T21:54:27","slug":"h042-001-a01","status":"publish","type":"product","link":"https:\/\/erayman.com\/en\/product\/h042-001-a01\/","title":{"rendered":"H042 001 A01"},"content":{"rendered":"","protected":false},"excerpt":{"rendered":"<p>Plastik G\u00f6vde<br \/>\nDe\u011fi\u015ftirilebilir Jilet<br \/>\nTek D\u00fc\u011fme \u0130le Kolay Jilet De\u011fi\u015ftirme Sistemi<br \/>\nSa\u011f ve Sol El \u0130\u00e7in Kullan\u0131ma Uygun<br \/>\nAl\u00fcminyum K\u0131l\u0131fl\u0131, Tek Tarafl\u0131 Jilet \u0130le Kullan\u0131l\u0131r<\/p>\n","protected":false},"featured_media":2541,"comment_status":"closed","ping_status":"closed","template":"","meta":[],"product_cat":[237],"product_tag":[],"class_list":{"0":"post-2540","1":"product","2":"type-product","3":"status-publish","4":"has-post-thumbnail","6":"product_cat-work-safety-hand-knife","8":"first","9":"instock","10":"shipping-taxable","11":"product-type-simple"},"aioseo_notices":[],"_links":{"self":[{"href":"https:\/\/erayman.com\/en\/wp-json\/wp\/v2\/product\/2540"}],"collection":[{"href":"https:\/\/erayman.com\/en\/wp-json\/wp\/v2\/product"}],"about":[{"href":"https:\/\/erayman.com\/en\/wp-json\/wp\/v2\/types\/product"}],"replies":[{"embeddable":true,"href":"https:\/\/erayman.com\/en\/wp-json\/wp\/v2\/comments?post=2540"}],"wp:featuredmedia":[{"embeddable":true,"href":"https:\/\/erayman.com\/en\/wp-json\/wp\/v2\/media\/2541"}],"wp:attachment":[{"href":"https:\/\/erayman.com\/en\/wp-json\/wp\/v2\/media?parent=2540"}],"wp:term":[{"taxonomy":"product_cat","embeddable":true,"href":"https:\/\/erayman.com\/en\/wp-json\/wp\/v2\/product_cat?post=2540"},{"taxonomy":"product_tag","embeddable":true,"href":"https:\/\/erayman.com\/en\/wp-json\/wp\/v2\/product_tag?post=2540"}],"curies":[{"name":"wp","href":"https:\/\/api.w.org\/{rel}","templated":true}]}}