{"id":2534,"date":"2024-10-08T00:57:20","date_gmt":"2024-10-07T21:57:20","guid":{"rendered":"https:\/\/erayman.com\/en\/product\/h052-002-p02\/"},"modified":"2024-10-08T00:57:20","modified_gmt":"2024-10-07T21:57:20","slug":"h052-002-p02","status":"publish","type":"product","link":"https:\/\/erayman.com\/en\/product\/h052-002-p02\/","title":{"rendered":"H052 002 P02"},"content":{"rendered":"","protected":false},"excerpt":{"rendered":"<p>Plastik Tutacakl\u0131<br \/>\nAl\u00fcminyum \u0130\u015fleme<br \/>\nVida Halkal\u0131 Kilit Sistemi<br \/>\nSa\u011f ve Sol El \u0130\u00e7in Kullan\u0131ma Uygun<br \/>\nHobi Jiletleri Serisi \u0130le Birlikte Kullan\u0131l\u0131r<\/p>\n","protected":false},"featured_media":2535,"comment_status":"closed","ping_status":"closed","template":"","meta":[],"product_cat":[237],"product_tag":[],"class_list":{"0":"post-2534","1":"product","2":"type-product","3":"status-publish","4":"has-post-thumbnail","6":"product_cat-work-safety-hand-knife","8":"first","9":"instock","10":"shipping-taxable","11":"product-type-simple"},"aioseo_notices":[],"_links":{"self":[{"href":"https:\/\/erayman.com\/en\/wp-json\/wp\/v2\/product\/2534"}],"collection":[{"href":"https:\/\/erayman.com\/en\/wp-json\/wp\/v2\/product"}],"about":[{"href":"https:\/\/erayman.com\/en\/wp-json\/wp\/v2\/types\/product"}],"replies":[{"embeddable":true,"href":"https:\/\/erayman.com\/en\/wp-json\/wp\/v2\/comments?post=2534"}],"wp:featuredmedia":[{"embeddable":true,"href":"https:\/\/erayman.com\/en\/wp-json\/wp\/v2\/media\/2535"}],"wp:attachment":[{"href":"https:\/\/erayman.com\/en\/wp-json\/wp\/v2\/media?parent=2534"}],"wp:term":[{"taxonomy":"product_cat","embeddable":true,"href":"https:\/\/erayman.com\/en\/wp-json\/wp\/v2\/product_cat?post=2534"},{"taxonomy":"product_tag","embeddable":true,"href":"https:\/\/erayman.com\/en\/wp-json\/wp\/v2\/product_tag?post=2534"}],"curies":[{"name":"wp","href":"https:\/\/api.w.org\/{rel}","templated":true}]}}