{"id":2524,"date":"2024-10-08T01:01:01","date_gmt":"2024-10-07T22:01:01","guid":{"rendered":"https:\/\/erayman.com\/en\/product\/h090-001-s05\/"},"modified":"2024-10-08T01:01:01","modified_gmt":"2024-10-07T22:01:01","slug":"h090-001-s05","status":"publish","type":"product","link":"https:\/\/erayman.com\/en\/product\/h090-001-s05\/","title":{"rendered":"H090 001 S05"},"content":{"rendered":"","protected":false},"excerpt":{"rendered":"<p>K\u0131sa Bist\u00fcri Tutaca\u011f\u0131<br \/>\nMetal G\u00f6vde<br \/>\nSa\u011f ve Sol El \u0130\u00e7in Kullan\u0131ma Uygun<br \/>\nBist\u00fcri Jiletler \u0130le Kullan\u0131l\u0131r<\/p>\n","protected":false},"featured_media":2525,"comment_status":"closed","ping_status":"closed","template":"","meta":[],"product_cat":[237],"product_tag":[],"class_list":{"0":"post-2524","1":"product","2":"type-product","3":"status-publish","4":"has-post-thumbnail","6":"product_cat-work-safety-hand-knife","8":"first","9":"instock","10":"shipping-taxable","11":"product-type-simple"},"aioseo_notices":[],"_links":{"self":[{"href":"https:\/\/erayman.com\/en\/wp-json\/wp\/v2\/product\/2524"}],"collection":[{"href":"https:\/\/erayman.com\/en\/wp-json\/wp\/v2\/product"}],"about":[{"href":"https:\/\/erayman.com\/en\/wp-json\/wp\/v2\/types\/product"}],"replies":[{"embeddable":true,"href":"https:\/\/erayman.com\/en\/wp-json\/wp\/v2\/comments?post=2524"}],"wp:featuredmedia":[{"embeddable":true,"href":"https:\/\/erayman.com\/en\/wp-json\/wp\/v2\/media\/2525"}],"wp:attachment":[{"href":"https:\/\/erayman.com\/en\/wp-json\/wp\/v2\/media?parent=2524"}],"wp:term":[{"taxonomy":"product_cat","embeddable":true,"href":"https:\/\/erayman.com\/en\/wp-json\/wp\/v2\/product_cat?post=2524"},{"taxonomy":"product_tag","embeddable":true,"href":"https:\/\/erayman.com\/en\/wp-json\/wp\/v2\/product_tag?post=2524"}],"curies":[{"name":"wp","href":"https:\/\/api.w.org\/{rel}","templated":true}]}}