{"id":2518,"date":"2024-10-08T01:03:53","date_gmt":"2024-10-07T22:03:53","guid":{"rendered":"https:\/\/erayman.com\/en\/product\/h102-001-o01-rty-2-g\/"},"modified":"2024-10-08T01:03:53","modified_gmt":"2024-10-07T22:03:53","slug":"h102-001-o01-rty-2-g","status":"publish","type":"product","link":"https:\/\/erayman.com\/en\/product\/h102-001-o01-rty-2-g\/","title":{"rendered":"H102 001 O01 \/ RTY-2\/G"},"content":{"rendered":"","protected":false},"excerpt":{"rendered":"<p>Plastik G\u00f6vde<br \/>\nDe\u011fi\u015ftirilebilir Dairesel B\u0131\u00e7ak<br \/>\nEmniyet \u0130\u00e7in S\u00fcrg\u00fcl\u00fc Muhafaza Kapa\u011f\u0131<br \/>\nSa\u011f ve Sol El \u0130\u00e7in Kullan\u0131ma Uygun<br \/>\nRB45 (45mm) Dairesel B\u0131\u00e7ak \u0130le Kullan\u0131l\u0131r<\/p>\n","protected":false},"featured_media":2519,"comment_status":"closed","ping_status":"closed","template":"","meta":[],"product_cat":[237],"product_tag":[],"class_list":{"0":"post-2518","1":"product","2":"type-product","3":"status-publish","4":"has-post-thumbnail","6":"product_cat-work-safety-hand-knife","8":"first","9":"instock","10":"shipping-taxable","11":"product-type-simple"},"aioseo_notices":[],"_links":{"self":[{"href":"https:\/\/erayman.com\/en\/wp-json\/wp\/v2\/product\/2518"}],"collection":[{"href":"https:\/\/erayman.com\/en\/wp-json\/wp\/v2\/product"}],"about":[{"href":"https:\/\/erayman.com\/en\/wp-json\/wp\/v2\/types\/product"}],"replies":[{"embeddable":true,"href":"https:\/\/erayman.com\/en\/wp-json\/wp\/v2\/comments?post=2518"}],"wp:featuredmedia":[{"embeddable":true,"href":"https:\/\/erayman.com\/en\/wp-json\/wp\/v2\/media\/2519"}],"wp:attachment":[{"href":"https:\/\/erayman.com\/en\/wp-json\/wp\/v2\/media?parent=2518"}],"wp:term":[{"taxonomy":"product_cat","embeddable":true,"href":"https:\/\/erayman.com\/en\/wp-json\/wp\/v2\/product_cat?post=2518"},{"taxonomy":"product_tag","embeddable":true,"href":"https:\/\/erayman.com\/en\/wp-json\/wp\/v2\/product_tag?post=2518"}],"curies":[{"name":"wp","href":"https:\/\/api.w.org\/{rel}","templated":true}]}}