{"id":2488,"date":"2024-10-08T01:16:25","date_gmt":"2024-10-07T22:16:25","guid":{"rendered":"https:\/\/erayman.com\/en\/product\/h907-003-t03b\/"},"modified":"2024-10-08T01:16:25","modified_gmt":"2024-10-07T22:16:25","slug":"h907-003-t03b","status":"publish","type":"product","link":"https:\/\/erayman.com\/en\/product\/h907-003-t03b\/","title":{"rendered":"H907 003 T03B"},"content":{"rendered":"","protected":false},"excerpt":{"rendered":"<p>Plastik G\u00f6vde<br \/>\nDe\u011fi\u015ftirilebilir Jilet<br \/>\nEmniyet \u0130\u00e7in Muhafaza Kapa\u011f\u0131<br \/>\n2 Adet Jilet \u0130le Kullan\u0131l\u0131r<br \/>\nZor \u0130\u015fler \u0130\u00e7in<\/p>\n","protected":false},"featured_media":2489,"comment_status":"closed","ping_status":"closed","template":"","meta":[],"product_cat":[237],"product_tag":[],"class_list":{"0":"post-2488","1":"product","2":"type-product","3":"status-publish","4":"has-post-thumbnail","6":"product_cat-work-safety-hand-knife","8":"first","9":"instock","10":"shipping-taxable","11":"product-type-simple"},"aioseo_notices":[],"_links":{"self":[{"href":"https:\/\/erayman.com\/en\/wp-json\/wp\/v2\/product\/2488"}],"collection":[{"href":"https:\/\/erayman.com\/en\/wp-json\/wp\/v2\/product"}],"about":[{"href":"https:\/\/erayman.com\/en\/wp-json\/wp\/v2\/types\/product"}],"replies":[{"embeddable":true,"href":"https:\/\/erayman.com\/en\/wp-json\/wp\/v2\/comments?post=2488"}],"wp:featuredmedia":[{"embeddable":true,"href":"https:\/\/erayman.com\/en\/wp-json\/wp\/v2\/media\/2489"}],"wp:attachment":[{"href":"https:\/\/erayman.com\/en\/wp-json\/wp\/v2\/media?parent=2488"}],"wp:term":[{"taxonomy":"product_cat","embeddable":true,"href":"https:\/\/erayman.com\/en\/wp-json\/wp\/v2\/product_cat?post=2488"},{"taxonomy":"product_tag","embeddable":true,"href":"https:\/\/erayman.com\/en\/wp-json\/wp\/v2\/product_tag?post=2488"}],"curies":[{"name":"wp","href":"https:\/\/api.w.org\/{rel}","templated":true}]}}