{"id":2484,"date":"2024-10-08T01:17:44","date_gmt":"2024-10-07T22:17:44","guid":{"rendered":"https:\/\/erayman.com\/en\/product\/h907-006-p04\/"},"modified":"2024-10-08T01:17:44","modified_gmt":"2024-10-07T22:17:44","slug":"h907-006-p04","status":"publish","type":"product","link":"https:\/\/erayman.com\/en\/product\/h907-006-p04\/","title":{"rendered":"H907 006 P04"},"content":{"rendered":"","protected":false},"excerpt":{"rendered":"<p>Plastik G\u00f6vde<br \/>\nYekpare Sabit B\u0131\u00e7akl\u0131<br \/>\nSa\u011f ve Sol El \u0130\u00e7in Kullan\u0131ma Uygun<br \/>\nArka Taraf\u0131nda Kesici Kancas\u0131 Mevcut<\/p>\n","protected":false},"featured_media":2485,"comment_status":"closed","ping_status":"closed","template":"","meta":[],"product_cat":[237],"product_tag":[],"class_list":{"0":"post-2484","1":"product","2":"type-product","3":"status-publish","4":"has-post-thumbnail","6":"product_cat-work-safety-hand-knife","8":"first","9":"instock","10":"shipping-taxable","11":"product-type-simple"},"aioseo_notices":[],"_links":{"self":[{"href":"https:\/\/erayman.com\/en\/wp-json\/wp\/v2\/product\/2484"}],"collection":[{"href":"https:\/\/erayman.com\/en\/wp-json\/wp\/v2\/product"}],"about":[{"href":"https:\/\/erayman.com\/en\/wp-json\/wp\/v2\/types\/product"}],"replies":[{"embeddable":true,"href":"https:\/\/erayman.com\/en\/wp-json\/wp\/v2\/comments?post=2484"}],"wp:featuredmedia":[{"embeddable":true,"href":"https:\/\/erayman.com\/en\/wp-json\/wp\/v2\/media\/2485"}],"wp:attachment":[{"href":"https:\/\/erayman.com\/en\/wp-json\/wp\/v2\/media?parent=2484"}],"wp:term":[{"taxonomy":"product_cat","embeddable":true,"href":"https:\/\/erayman.com\/en\/wp-json\/wp\/v2\/product_cat?post=2484"},{"taxonomy":"product_tag","embeddable":true,"href":"https:\/\/erayman.com\/en\/wp-json\/wp\/v2\/product_tag?post=2484"}],"curies":[{"name":"wp","href":"https:\/\/api.w.org\/{rel}","templated":true}]}}