{"id":2476,"date":"2024-10-08T01:20:18","date_gmt":"2024-10-07T22:20:18","guid":{"rendered":"https:\/\/erayman.com\/en\/product\/h907-014-j01\/"},"modified":"2024-10-08T01:20:18","modified_gmt":"2024-10-07T22:20:18","slug":"h907-014-j01","status":"publish","type":"product","link":"https:\/\/erayman.com\/en\/product\/h907-014-j01\/","title":{"rendered":"H907 014 J01"},"content":{"rendered":"","protected":false},"excerpt":{"rendered":"<p>Kaymaz Plastik G\u00f6vde<br \/>\nElle Kolay A\u00e7\u0131labilen Kapak Sistemi<br \/>\nDe\u011fi\u015ftirilebilir Jilet<br \/>\n\u00dcst K\u0131sm\u0131nda Film \u00c7izme Sabit B\u0131\u00e7a\u011f\u0131<br \/>\n\u00c7ift Tarafl\u0131 3 Delikli Jilet \u0130le Kullan\u0131l\u0131r<\/p>\n","protected":false},"featured_media":2477,"comment_status":"closed","ping_status":"closed","template":"","meta":[],"product_cat":[237],"product_tag":[],"class_list":{"0":"post-2476","1":"product","2":"type-product","3":"status-publish","4":"has-post-thumbnail","6":"product_cat-work-safety-hand-knife","8":"first","9":"instock","10":"shipping-taxable","11":"product-type-simple"},"aioseo_notices":[],"_links":{"self":[{"href":"https:\/\/erayman.com\/en\/wp-json\/wp\/v2\/product\/2476"}],"collection":[{"href":"https:\/\/erayman.com\/en\/wp-json\/wp\/v2\/product"}],"about":[{"href":"https:\/\/erayman.com\/en\/wp-json\/wp\/v2\/types\/product"}],"replies":[{"embeddable":true,"href":"https:\/\/erayman.com\/en\/wp-json\/wp\/v2\/comments?post=2476"}],"wp:featuredmedia":[{"embeddable":true,"href":"https:\/\/erayman.com\/en\/wp-json\/wp\/v2\/media\/2477"}],"wp:attachment":[{"href":"https:\/\/erayman.com\/en\/wp-json\/wp\/v2\/media?parent=2476"}],"wp:term":[{"taxonomy":"product_cat","embeddable":true,"href":"https:\/\/erayman.com\/en\/wp-json\/wp\/v2\/product_cat?post=2476"},{"taxonomy":"product_tag","embeddable":true,"href":"https:\/\/erayman.com\/en\/wp-json\/wp\/v2\/product_tag?post=2476"}],"curies":[{"name":"wp","href":"https:\/\/api.w.org\/{rel}","templated":true}]}}