{"id":2472,"date":"2024-10-08T01:21:43","date_gmt":"2024-10-07T22:21:43","guid":{"rendered":"https:\/\/erayman.com\/en\/product\/h911-002-o01-olfa-maru-cutter\/"},"modified":"2024-10-08T01:21:43","modified_gmt":"2024-10-07T22:21:43","slug":"h911-002-o01-olfa-maru-cutter","status":"publish","type":"product","link":"https:\/\/erayman.com\/en\/product\/h911-002-o01-olfa-maru-cutter\/","title":{"rendered":"H911 002 O01 \/ OLFA MARU CUTTER"},"content":{"rendered":"","protected":false},"excerpt":{"rendered":"<p>Plastik G\u00f6vde<br \/>\nS\u00fcrekli Kesim Yapmay\u0131 Sa\u011flayan Dairesel B\u0131\u00e7ak<br \/>\nSa\u011f ve Sol El \u0130\u00e7in Kullan\u0131ma Uygun<br \/>\nRB45 (45mm) Dairesel B\u0131\u00e7ak \u0130le Kullan\u0131l\u0131r<\/p>\n","protected":false},"featured_media":2473,"comment_status":"closed","ping_status":"closed","template":"","meta":[],"product_cat":[237],"product_tag":[],"class_list":{"0":"post-2472","1":"product","2":"type-product","3":"status-publish","4":"has-post-thumbnail","6":"product_cat-work-safety-hand-knife","8":"first","9":"instock","10":"shipping-taxable","11":"product-type-simple"},"aioseo_notices":[],"_links":{"self":[{"href":"https:\/\/erayman.com\/en\/wp-json\/wp\/v2\/product\/2472"}],"collection":[{"href":"https:\/\/erayman.com\/en\/wp-json\/wp\/v2\/product"}],"about":[{"href":"https:\/\/erayman.com\/en\/wp-json\/wp\/v2\/types\/product"}],"replies":[{"embeddable":true,"href":"https:\/\/erayman.com\/en\/wp-json\/wp\/v2\/comments?post=2472"}],"wp:featuredmedia":[{"embeddable":true,"href":"https:\/\/erayman.com\/en\/wp-json\/wp\/v2\/media\/2473"}],"wp:attachment":[{"href":"https:\/\/erayman.com\/en\/wp-json\/wp\/v2\/media?parent=2472"}],"wp:term":[{"taxonomy":"product_cat","embeddable":true,"href":"https:\/\/erayman.com\/en\/wp-json\/wp\/v2\/product_cat?post=2472"},{"taxonomy":"product_tag","embeddable":true,"href":"https:\/\/erayman.com\/en\/wp-json\/wp\/v2\/product_tag?post=2472"}],"curies":[{"name":"wp","href":"https:\/\/api.w.org\/{rel}","templated":true}]}}