{"id":2468,"date":"2024-10-08T01:23:27","date_gmt":"2024-10-07T22:23:27","guid":{"rendered":"https:\/\/erayman.com\/en\/product\/h913-008-t03\/"},"modified":"2024-10-08T01:23:27","modified_gmt":"2024-10-07T22:23:27","slug":"h913-008-t03","status":"publish","type":"product","link":"https:\/\/erayman.com\/en\/product\/h913-008-t03\/","title":{"rendered":"H913 008 T03"},"content":{"rendered":"","protected":false},"excerpt":{"rendered":"<p>PLAST\u0130K G\u00d6VDEL\u0130 KARTON, ZARF, AMBALAJ KES\u0130C\u0130S\u0130<br \/>\nYEKPARE SAB\u0130T BI\u00c7AK<br \/>\nSA\u011e VE SOL EL KULLANIMI \u0130\u00c7\u0130N UYGUN<br \/>\nBEYAZ, SARI, PEMBE, MAV\u0130, YE\u015e\u0130L, TURUNCU RENK \u00c7E\u015e\u0130TLER\u0130<br \/>\nPROMOSYON AMA\u00c7LI MARKA \/ LOGO \/ YAZI BASILAB\u0130L\u0130R<\/p>\n","protected":false},"featured_media":2469,"comment_status":"closed","ping_status":"closed","template":"","meta":[],"product_cat":[237],"product_tag":[],"class_list":{"0":"post-2468","1":"product","2":"type-product","3":"status-publish","4":"has-post-thumbnail","6":"product_cat-work-safety-hand-knife","8":"first","9":"instock","10":"shipping-taxable","11":"product-type-simple"},"aioseo_notices":[],"_links":{"self":[{"href":"https:\/\/erayman.com\/en\/wp-json\/wp\/v2\/product\/2468"}],"collection":[{"href":"https:\/\/erayman.com\/en\/wp-json\/wp\/v2\/product"}],"about":[{"href":"https:\/\/erayman.com\/en\/wp-json\/wp\/v2\/types\/product"}],"replies":[{"embeddable":true,"href":"https:\/\/erayman.com\/en\/wp-json\/wp\/v2\/comments?post=2468"}],"wp:featuredmedia":[{"embeddable":true,"href":"https:\/\/erayman.com\/en\/wp-json\/wp\/v2\/media\/2469"}],"wp:attachment":[{"href":"https:\/\/erayman.com\/en\/wp-json\/wp\/v2\/media?parent=2468"}],"wp:term":[{"taxonomy":"product_cat","embeddable":true,"href":"https:\/\/erayman.com\/en\/wp-json\/wp\/v2\/product_cat?post=2468"},{"taxonomy":"product_tag","embeddable":true,"href":"https:\/\/erayman.com\/en\/wp-json\/wp\/v2\/product_tag?post=2468"}],"curies":[{"name":"wp","href":"https:\/\/api.w.org\/{rel}","templated":true}]}}