{"id":2466,"date":"2024-10-08T01:24:18","date_gmt":"2024-10-07T22:24:18","guid":{"rendered":"https:\/\/erayman.com\/en\/product\/h914-001-a03\/"},"modified":"2024-10-08T01:24:18","modified_gmt":"2024-10-07T22:24:18","slug":"h914-001-a03","status":"publish","type":"product","link":"https:\/\/erayman.com\/en\/product\/h914-001-a03\/","title":{"rendered":"H914 001 A03"},"content":{"rendered":"","protected":false},"excerpt":{"rendered":"<p>Otomatik Geri \u00c7ekilebilen Mekanizma<br \/>\nSol El \u0130\u00e7in Kullan\u0131ma Uygun<br \/>\nTrapezoid U\u00e7 ve Kanca U\u00e7 \u0130le Kullan\u0131labilir<\/p>\n","protected":false},"featured_media":2467,"comment_status":"closed","ping_status":"closed","template":"","meta":[],"product_cat":[237],"product_tag":[],"class_list":{"0":"post-2466","1":"product","2":"type-product","3":"status-publish","4":"has-post-thumbnail","6":"product_cat-work-safety-hand-knife","8":"first","9":"instock","10":"shipping-taxable","11":"product-type-simple"},"aioseo_notices":[],"_links":{"self":[{"href":"https:\/\/erayman.com\/en\/wp-json\/wp\/v2\/product\/2466"}],"collection":[{"href":"https:\/\/erayman.com\/en\/wp-json\/wp\/v2\/product"}],"about":[{"href":"https:\/\/erayman.com\/en\/wp-json\/wp\/v2\/types\/product"}],"replies":[{"embeddable":true,"href":"https:\/\/erayman.com\/en\/wp-json\/wp\/v2\/comments?post=2466"}],"wp:featuredmedia":[{"embeddable":true,"href":"https:\/\/erayman.com\/en\/wp-json\/wp\/v2\/media\/2467"}],"wp:attachment":[{"href":"https:\/\/erayman.com\/en\/wp-json\/wp\/v2\/media?parent=2466"}],"wp:term":[{"taxonomy":"product_cat","embeddable":true,"href":"https:\/\/erayman.com\/en\/wp-json\/wp\/v2\/product_cat?post=2466"},{"taxonomy":"product_tag","embeddable":true,"href":"https:\/\/erayman.com\/en\/wp-json\/wp\/v2\/product_tag?post=2466"}],"curies":[{"name":"wp","href":"https:\/\/api.w.org\/{rel}","templated":true}]}}