{"id":2460,"date":"2024-10-08T01:26:16","date_gmt":"2024-10-07T22:26:16","guid":{"rendered":"https:\/\/erayman.com\/en\/product\/h915-004-a02\/"},"modified":"2024-10-08T01:26:16","modified_gmt":"2024-10-07T22:26:16","slug":"h915-004-a02","status":"publish","type":"product","link":"https:\/\/erayman.com\/en\/product\/h915-004-a02\/","title":{"rendered":"H915 004 A02"},"content":{"rendered":"","protected":false},"excerpt":{"rendered":"<p>Dedekte Edilebilir Plastik G\u00f6vde<br \/>\nYekpare Sabit B\u0131\u00e7akl\u0131<br \/>\n\u00dcst K\u0131s\u0131mda, Film Delme \u0130\u015flemleri \u0130\u00e7in 2 Adet Film Delme Ucu Mevcuttur<br \/>\nSa\u011f ve Sol El \u0130\u00e7in Kullan\u0131ma Uygun<\/p>\n","protected":false},"featured_media":2461,"comment_status":"closed","ping_status":"closed","template":"","meta":[],"product_cat":[237],"product_tag":[],"class_list":{"0":"post-2460","1":"product","2":"type-product","3":"status-publish","4":"has-post-thumbnail","6":"product_cat-work-safety-hand-knife","8":"first","9":"instock","10":"shipping-taxable","11":"product-type-simple"},"aioseo_notices":[],"_links":{"self":[{"href":"https:\/\/erayman.com\/en\/wp-json\/wp\/v2\/product\/2460"}],"collection":[{"href":"https:\/\/erayman.com\/en\/wp-json\/wp\/v2\/product"}],"about":[{"href":"https:\/\/erayman.com\/en\/wp-json\/wp\/v2\/types\/product"}],"replies":[{"embeddable":true,"href":"https:\/\/erayman.com\/en\/wp-json\/wp\/v2\/comments?post=2460"}],"wp:featuredmedia":[{"embeddable":true,"href":"https:\/\/erayman.com\/en\/wp-json\/wp\/v2\/media\/2461"}],"wp:attachment":[{"href":"https:\/\/erayman.com\/en\/wp-json\/wp\/v2\/media?parent=2460"}],"wp:term":[{"taxonomy":"product_cat","embeddable":true,"href":"https:\/\/erayman.com\/en\/wp-json\/wp\/v2\/product_cat?post=2460"},{"taxonomy":"product_tag","embeddable":true,"href":"https:\/\/erayman.com\/en\/wp-json\/wp\/v2\/product_tag?post=2460"}],"curies":[{"name":"wp","href":"https:\/\/api.w.org\/{rel}","templated":true}]}}