{"id":2458,"date":"2024-10-08T01:27:44","date_gmt":"2024-10-07T22:27:44","guid":{"rendered":"https:\/\/erayman.com\/en\/product\/h917-001-t10\/"},"modified":"2024-10-08T01:27:44","modified_gmt":"2024-10-07T22:27:44","slug":"h917-001-t10","status":"publish","type":"product","link":"https:\/\/erayman.com\/en\/product\/h917-001-t10\/","title":{"rendered":"H917 001 T10"},"content":{"rendered":"","protected":false},"excerpt":{"rendered":"<p>\u00c7UVAL A\u00c7MA EL BI\u00c7A\u011eI<br \/>\nSA\u011eLAM SERT PLAST\u0130K G\u00d6VDE<br \/>\nKORUMA KAPAKLI ARKA KANCA U\u00c7<\/p>\n","protected":false},"featured_media":2459,"comment_status":"closed","ping_status":"closed","template":"","meta":[],"product_cat":[237],"product_tag":[],"class_list":{"0":"post-2458","1":"product","2":"type-product","3":"status-publish","4":"has-post-thumbnail","6":"product_cat-work-safety-hand-knife","8":"first","9":"instock","10":"shipping-taxable","11":"product-type-simple"},"aioseo_notices":[],"_links":{"self":[{"href":"https:\/\/erayman.com\/en\/wp-json\/wp\/v2\/product\/2458"}],"collection":[{"href":"https:\/\/erayman.com\/en\/wp-json\/wp\/v2\/product"}],"about":[{"href":"https:\/\/erayman.com\/en\/wp-json\/wp\/v2\/types\/product"}],"replies":[{"embeddable":true,"href":"https:\/\/erayman.com\/en\/wp-json\/wp\/v2\/comments?post=2458"}],"wp:featuredmedia":[{"embeddable":true,"href":"https:\/\/erayman.com\/en\/wp-json\/wp\/v2\/media\/2459"}],"wp:attachment":[{"href":"https:\/\/erayman.com\/en\/wp-json\/wp\/v2\/media?parent=2458"}],"wp:term":[{"taxonomy":"product_cat","embeddable":true,"href":"https:\/\/erayman.com\/en\/wp-json\/wp\/v2\/product_cat?post=2458"},{"taxonomy":"product_tag","embeddable":true,"href":"https:\/\/erayman.com\/en\/wp-json\/wp\/v2\/product_tag?post=2458"}],"curies":[{"name":"wp","href":"https:\/\/api.w.org\/{rel}","templated":true}]}}