{"id":2456,"date":"2024-10-08T01:28:34","date_gmt":"2024-10-07T22:28:34","guid":{"rendered":"https:\/\/erayman.com\/en\/product\/h918-001-t10-fish-knife\/"},"modified":"2024-10-08T01:28:34","modified_gmt":"2024-10-07T22:28:34","slug":"h918-001-t10-fish-knife","status":"publish","type":"product","link":"https:\/\/erayman.com\/en\/product\/h918-001-t10-fish-knife\/","title":{"rendered":"H918 001 T10 FISH KNIFE"},"content":{"rendered":"","protected":false},"excerpt":{"rendered":"<p>\u00c7UVAL A\u00c7MA EL BI\u00c7A\u011eI<br \/>\nDEDEKTE ED\u0130LEB\u0130L\u0130R PLAST\u0130KTEN \u0130MAL<br \/>\nARKA TARAF KANCA U\u00c7<\/p>\n","protected":false},"featured_media":2457,"comment_status":"closed","ping_status":"closed","template":"","meta":[],"product_cat":[237],"product_tag":[],"class_list":{"0":"post-2456","1":"product","2":"type-product","3":"status-publish","4":"has-post-thumbnail","6":"product_cat-work-safety-hand-knife","8":"first","9":"instock","10":"shipping-taxable","11":"product-type-simple"},"aioseo_notices":[],"_links":{"self":[{"href":"https:\/\/erayman.com\/en\/wp-json\/wp\/v2\/product\/2456"}],"collection":[{"href":"https:\/\/erayman.com\/en\/wp-json\/wp\/v2\/product"}],"about":[{"href":"https:\/\/erayman.com\/en\/wp-json\/wp\/v2\/types\/product"}],"replies":[{"embeddable":true,"href":"https:\/\/erayman.com\/en\/wp-json\/wp\/v2\/comments?post=2456"}],"wp:featuredmedia":[{"embeddable":true,"href":"https:\/\/erayman.com\/en\/wp-json\/wp\/v2\/media\/2457"}],"wp:attachment":[{"href":"https:\/\/erayman.com\/en\/wp-json\/wp\/v2\/media?parent=2456"}],"wp:term":[{"taxonomy":"product_cat","embeddable":true,"href":"https:\/\/erayman.com\/en\/wp-json\/wp\/v2\/product_cat?post=2456"},{"taxonomy":"product_tag","embeddable":true,"href":"https:\/\/erayman.com\/en\/wp-json\/wp\/v2\/product_tag?post=2456"}],"curies":[{"name":"wp","href":"https:\/\/api.w.org\/{rel}","templated":true}]}}