{"id":2454,"date":"2024-10-08T01:29:19","date_gmt":"2024-10-07T22:29:19","guid":{"rendered":"https:\/\/erayman.com\/en\/product\/h941-001-o01-olfa-hok-1\/"},"modified":"2024-10-08T01:29:19","modified_gmt":"2024-10-07T22:29:19","slug":"h941-001-o01-olfa-hok-1","status":"publish","type":"product","link":"https:\/\/erayman.com\/en\/product\/h941-001-o01-olfa-hok-1\/","title":{"rendered":"H941 001 O01 \/ OLFA HOK-1"},"content":{"rendered":"","protected":false},"excerpt":{"rendered":"<p>G\u00fc\u00e7lendirilmi\u015f Plastik G\u00f6vde<br \/>\nKademeli Geri \u00c7ekilebilir<br \/>\nVidal\u0131 B\u0131\u00e7ak Kilit Mekanizmas\u0131<br \/>\nSa\u011f ve Sol El \u0130\u00e7in Kullan\u0131ma Uygun<br \/>\nKanca U\u00e7 \u0130le Kullan\u0131l\u0131r<br \/>\nY\u00fcksek Zorluklu \u0130\u015fler \u0130\u00e7in<\/p>\n","protected":false},"featured_media":2455,"comment_status":"closed","ping_status":"closed","template":"","meta":[],"product_cat":[237],"product_tag":[],"class_list":{"0":"post-2454","1":"product","2":"type-product","3":"status-publish","4":"has-post-thumbnail","6":"product_cat-work-safety-hand-knife","8":"first","9":"instock","10":"shipping-taxable","11":"product-type-simple"},"aioseo_notices":[],"_links":{"self":[{"href":"https:\/\/erayman.com\/en\/wp-json\/wp\/v2\/product\/2454"}],"collection":[{"href":"https:\/\/erayman.com\/en\/wp-json\/wp\/v2\/product"}],"about":[{"href":"https:\/\/erayman.com\/en\/wp-json\/wp\/v2\/types\/product"}],"replies":[{"embeddable":true,"href":"https:\/\/erayman.com\/en\/wp-json\/wp\/v2\/comments?post=2454"}],"wp:featuredmedia":[{"embeddable":true,"href":"https:\/\/erayman.com\/en\/wp-json\/wp\/v2\/media\/2455"}],"wp:attachment":[{"href":"https:\/\/erayman.com\/en\/wp-json\/wp\/v2\/media?parent=2454"}],"wp:term":[{"taxonomy":"product_cat","embeddable":true,"href":"https:\/\/erayman.com\/en\/wp-json\/wp\/v2\/product_cat?post=2454"},{"taxonomy":"product_tag","embeddable":true,"href":"https:\/\/erayman.com\/en\/wp-json\/wp\/v2\/product_tag?post=2454"}],"curies":[{"name":"wp","href":"https:\/\/api.w.org\/{rel}","templated":true}]}}