{"id":2452,"date":"2024-10-08T01:30:14","date_gmt":"2024-10-07T22:30:14","guid":{"rendered":"https:\/\/erayman.com\/en\/product\/kk01-2\/"},"modified":"2024-10-08T01:30:14","modified_gmt":"2024-10-07T22:30:14","slug":"kk01-2","status":"publish","type":"product","link":"https:\/\/erayman.com\/en\/product\/kk01-2\/","title":{"rendered":"KK01"},"content":{"rendered":"","protected":false},"excerpt":{"rendered":"<p>Plastik G\u00f6vde<br \/>\nEmniyet \u0130\u00e7in Muhafaza Kapa\u011f\u0131<br \/>\nSa\u011f ve Sol El \u0130\u00e7in Kullan\u0131ma Uygun<br \/>\nKanca U\u00e7 \u0130le Kullan\u0131labilir<\/p>\n","protected":false},"featured_media":2453,"comment_status":"closed","ping_status":"closed","template":"","meta":[],"product_cat":[237],"product_tag":[],"class_list":{"0":"post-2452","1":"product","2":"type-product","3":"status-publish","4":"has-post-thumbnail","6":"product_cat-work-safety-hand-knife","8":"first","9":"instock","10":"shipping-taxable","11":"product-type-simple"},"aioseo_notices":[],"_links":{"self":[{"href":"https:\/\/erayman.com\/en\/wp-json\/wp\/v2\/product\/2452"}],"collection":[{"href":"https:\/\/erayman.com\/en\/wp-json\/wp\/v2\/product"}],"about":[{"href":"https:\/\/erayman.com\/en\/wp-json\/wp\/v2\/types\/product"}],"replies":[{"embeddable":true,"href":"https:\/\/erayman.com\/en\/wp-json\/wp\/v2\/comments?post=2452"}],"wp:featuredmedia":[{"embeddable":true,"href":"https:\/\/erayman.com\/en\/wp-json\/wp\/v2\/media\/2453"}],"wp:attachment":[{"href":"https:\/\/erayman.com\/en\/wp-json\/wp\/v2\/media?parent=2452"}],"wp:term":[{"taxonomy":"product_cat","embeddable":true,"href":"https:\/\/erayman.com\/en\/wp-json\/wp\/v2\/product_cat?post=2452"},{"taxonomy":"product_tag","embeddable":true,"href":"https:\/\/erayman.com\/en\/wp-json\/wp\/v2\/product_tag?post=2452"}],"curies":[{"name":"wp","href":"https:\/\/api.w.org\/{rel}","templated":true}]}}