{"id":2450,"date":"2024-10-08T01:31:22","date_gmt":"2024-10-07T22:31:22","guid":{"rendered":"https:\/\/erayman.com\/en\/product\/saka01t-2\/"},"modified":"2024-10-08T01:31:22","modified_gmt":"2024-10-07T22:31:22","slug":"saka01t-2","status":"publish","type":"product","link":"https:\/\/erayman.com\/en\/product\/saka01t-2\/","title":{"rendered":"SAKA01T"},"content":{"rendered":"","protected":false},"excerpt":{"rendered":"<p>Plastik G\u00f6vde<br \/>\nDe\u011fi\u015ftirilebilir Sabit U\u00e7lu<br \/>\nSa\u011f ve Sol El \u0130\u00e7in Kullan\u0131ma Uygun<br \/>\nPirin\u00e7 Kanca U\u00e7 \u0130le Kullan\u0131l\u0131r<\/p>\n","protected":false},"featured_media":2451,"comment_status":"closed","ping_status":"closed","template":"","meta":[],"product_cat":[237],"product_tag":[],"class_list":{"0":"post-2450","1":"product","2":"type-product","3":"status-publish","4":"has-post-thumbnail","6":"product_cat-work-safety-hand-knife","8":"first","9":"instock","10":"shipping-taxable","11":"product-type-simple"},"aioseo_notices":[],"_links":{"self":[{"href":"https:\/\/erayman.com\/en\/wp-json\/wp\/v2\/product\/2450"}],"collection":[{"href":"https:\/\/erayman.com\/en\/wp-json\/wp\/v2\/product"}],"about":[{"href":"https:\/\/erayman.com\/en\/wp-json\/wp\/v2\/types\/product"}],"replies":[{"embeddable":true,"href":"https:\/\/erayman.com\/en\/wp-json\/wp\/v2\/comments?post=2450"}],"wp:featuredmedia":[{"embeddable":true,"href":"https:\/\/erayman.com\/en\/wp-json\/wp\/v2\/media\/2451"}],"wp:attachment":[{"href":"https:\/\/erayman.com\/en\/wp-json\/wp\/v2\/media?parent=2450"}],"wp:term":[{"taxonomy":"product_cat","embeddable":true,"href":"https:\/\/erayman.com\/en\/wp-json\/wp\/v2\/product_cat?post=2450"},{"taxonomy":"product_tag","embeddable":true,"href":"https:\/\/erayman.com\/en\/wp-json\/wp\/v2\/product_tag?post=2450"}],"curies":[{"name":"wp","href":"https:\/\/api.w.org\/{rel}","templated":true}]}}