{"id":2446,"date":"2024-10-08T01:33:28","date_gmt":"2024-10-07T22:33:28","guid":{"rendered":"https:\/\/erayman.com\/en\/product\/suka01-el-bicagi-surgulu-kanca-2\/"},"modified":"2024-10-16T01:32:58","modified_gmt":"2024-10-15T22:32:58","slug":"suka01-hand-knife-sliding-hook","status":"publish","type":"product","link":"https:\/\/erayman.com\/en\/product\/suka01-hand-knife-sliding-hook\/","title":{"rendered":"SUKA01 HAND KNIFE \u2013 SLIDING HOOK"},"content":{"rendered":"","protected":false},"excerpt":{"rendered":"<p>Y\u00fcksek Dayan\u0131ml\u0131 Plastik G\u00f6vde<br \/>\nS\u00fcrmeli ve Kilitlemeli Emniyet Mekanizmas\u0131<br \/>\nSa\u011f ve Sol El \u0130\u00e7in Kullan\u0131ma Uygun<br \/>\nIF-1 ve IF-2 Siyah Kanca U\u00e7 \u0130le Kullan\u0131labilir<\/p>\n","protected":false},"featured_media":2447,"comment_status":"closed","ping_status":"closed","template":"","meta":[],"product_cat":[237],"product_tag":[],"class_list":{"0":"post-2446","1":"product","2":"type-product","3":"status-publish","4":"has-post-thumbnail","6":"product_cat-work-safety-hand-knife","8":"first","9":"instock","10":"shipping-taxable","11":"product-type-simple"},"aioseo_notices":[],"_links":{"self":[{"href":"https:\/\/erayman.com\/en\/wp-json\/wp\/v2\/product\/2446"}],"collection":[{"href":"https:\/\/erayman.com\/en\/wp-json\/wp\/v2\/product"}],"about":[{"href":"https:\/\/erayman.com\/en\/wp-json\/wp\/v2\/types\/product"}],"replies":[{"embeddable":true,"href":"https:\/\/erayman.com\/en\/wp-json\/wp\/v2\/comments?post=2446"}],"wp:featuredmedia":[{"embeddable":true,"href":"https:\/\/erayman.com\/en\/wp-json\/wp\/v2\/media\/2447"}],"wp:attachment":[{"href":"https:\/\/erayman.com\/en\/wp-json\/wp\/v2\/media?parent=2446"}],"wp:term":[{"taxonomy":"product_cat","embeddable":true,"href":"https:\/\/erayman.com\/en\/wp-json\/wp\/v2\/product_cat?post=2446"},{"taxonomy":"product_tag","embeddable":true,"href":"https:\/\/erayman.com\/en\/wp-json\/wp\/v2\/product_tag?post=2446"}],"curies":[{"name":"wp","href":"https:\/\/api.w.org\/{rel}","templated":true}]}}