{"id":2440,"date":"2024-10-09T12:21:02","date_gmt":"2024-10-09T09:21:02","guid":{"rendered":"https:\/\/erayman.com\/en\/product\/tam-yildiz-zimbalar\/"},"modified":"2024-10-16T01:32:31","modified_gmt":"2024-10-15T22:32:31","slug":"full-star-staples","status":"publish","type":"product","link":"https:\/\/erayman.com\/en\/product\/full-star-staples\/","title":{"rendered":"FULL STAR STAPLES"},"content":{"rendered":"","protected":false},"excerpt":{"rendered":"<div id=\"col-1643519847\" class=\"col product-kdv small-12 large-12\">\n<div class=\"col-inner\">\n<div class=\"product-short-description\">\n<table class=\" alignleft\" style=\"height: 880px; width: 115%; border-style: solid; border-collapse: collapse;\" border=\"0\" cellspacing=\"0\" cellpadding=\"0\">\n<tbody>\n<tr style=\"height: 10px;\">\n<td style=\"background-color: #f0eded; border-style: solid; border-color: #000000; width: 1.8711%; height: 24px; text-align: center;\" rowspan=\"2\"><span style=\"color: #000000;\"><span style=\"font-size: 100%;\"><strong>#<\/strong><\/span><span style=\"font-size: 100%;\"><strong><br \/>\n<\/strong><\/span><\/span><\/td>\n<td style=\"background-color: #f0eded; border-style: solid; border-color: #000000; width: 14.5209%; height: 24px; text-align: center;\" rowspan=\"2\"><span style=\"color: #000000;\"><b>KOD<\/b><\/span><\/td>\n<td style=\"background-color: #f0eded; border-style: solid; border-color: #000000; height: 13px; width: 28.9202%; text-align: center;\" colspan=\"6\"><span style=\"color: #000000;\"><strong>\u00d6L\u00c7\u00dcLER<\/strong><strong><br \/>\n<\/strong><\/span><\/td>\n<td style=\"background-color: #f0eded; border-style: solid; border-color: #000000; width: 47.1013%; height: 24px; text-align: center;\" rowspan=\"2\"><span style=\"color: #000000;\"><strong>\u00c7\u0130Z\u0130M<\/strong><\/span><\/td>\n<td style=\"background-color: #f0eded; border-style: solid; border-color: #000000; width: 1.8797%; height: 24px; text-align: center;\" rowspan=\"2\"><span style=\"color: #000000;\"><strong>YUVA<\/strong><\/span><\/td>\n<td style=\"background-color: #f0eded; border-style: solid; border-color: #000000; width: 5.00268%; height: 24px; text-align: center;\" rowspan=\"2\"><span style=\"color: #000000;\"><strong>\u00c7EL\u0130K<\/strong><strong><br \/>\n<\/strong><\/span><\/td>\n<td style=\"background-color: #f0eded; border-style: solid; border-color: #000000; width: 62.6201%; height: 24px; text-align: center;\" rowspan=\"2\"><span style=\"color: #000000;\"><strong>REF.<\/strong><strong><br \/>\n<\/strong><\/span><\/td>\n<\/tr>\n<tr style=\"height: 21px;\">\n<td style=\"background-color: #f0eded; border-style: solid; border-color: #000000; width: 2.88157%; height: 11px; text-align: center;\"><span style=\"color: #000000;\"><strong>BOY<\/strong><\/span><\/td>\n<td style=\"background-color: #f0eded; border-style: solid; border-color: #000000; width: 5.1286%; height: 11px; text-align: center;\"><span style=\"color: #000000;\"><strong>EN<\/strong><\/span><\/td>\n<td style=\"background-color: #f0eded; border-style: solid; border-color: #000000; width: 5.6346%; height: 11px; text-align: center;\"><span style=\"color: #000000;\"><strong>Y\u00dcK.<\/strong><\/span><\/td>\n<td style=\"background-color: #f0eded; border-style: solid; border-color: #000000; vertical-align: middle; width: 4.7039%; height: 11px; text-align: center;\"><span style=\"color: #000000;\"><strong>R1<\/strong><\/span><\/td>\n<td style=\"background-color: #f0eded; border-style: solid; border-color: #000000; vertical-align: middle; width: 4.9945%; height: 11px; text-align: center;\"><span style=\"color: #000000;\"><strong>R2<\/strong><\/span><\/td>\n<td style=\"background-color: #f0eded; border-style: solid; border-color: #000000; vertical-align: middle; width: 5.577%; height: 11px; text-align: center;\"><span style=\"color: #000000;\"><strong>L<\/strong><\/span><\/td>\n<\/tr>\n<tr style=\"height: 21px;\">\n<td style=\"border-style: solid; border-color: #000000; width: 1.8711%; height: 21px; text-align: center;\"><span style=\"color: #000000;\"><strong><span style=\"font-size: 100%;\">1<\/span><\/strong><\/span><\/td>\n<td style=\"border-style: solid; border-color: #000000; width: 14.5209%; height: 21px; text-align: center;\"><span style=\"color: #000000;\">MD 020<\/span><\/td>\n<td style=\"border-style: solid; border-color: #000000; width: 2.88157%; height: 21px; text-align: center;\"><span style=\"color: #000000;\">18<\/span><\/td>\n<td style=\"border-style: solid; border-color: #000000; width: 5.1286%; height: 21px; text-align: center;\"><span style=\"color: #000000;\">18<\/span><\/td>\n<td style=\"border-style: solid; border-color: #000000; width: 5.6346%; height: 21px; text-align: center;\"><span style=\"color: #000000;\">23.8<\/span><\/td>\n<td style=\"border-style: solid; border-color: #000000; width: 4.7039%; height: 21px; text-align: center;\"><span style=\"color: #000000;\">0,50<\/span><\/td>\n<td style=\"border-style: solid; border-color: #000000; width: 4.9945%; height: 21px; text-align: center;\"><span style=\"color: #000000;\">10,00<\/span><\/td>\n<td style=\"border-style: solid; border-color: #000000; width: 5.577%; height: 21px; text-align: center;\"><span style=\"color: #000000;\">13,00<\/span><\/td>\n<td style=\"border-style: solid; border-color: #000000; width: 47.1013%; height: 21px; text-align: center;\"><a href=\"https:\/\/alyatekstil.com\/wp-content\/uploads\/2020\/12\/Yildiz-Tam-MD020.jpg\"><img loading=\"lazy\" decoding=\"async\" class=\"wp-image-9968 aligncenter\" src=\"https:\/\/alyatekstil.com\/wp-content\/uploads\/2020\/12\/Yildiz-Tam-MD020.jpg\" alt=\"\" width=\"172\" height=\"164\"><\/a><\/td>\n<td style=\"border-style: solid; border-color: #000000; width: 1.8797%; height: 21px; text-align: center;\"><span style=\"color: #000000;\">\u2014\u2013<\/span><\/td>\n<td style=\"border-style: solid; border-color: #000000; width: 5.00268%; height: 21px; text-align: center;\"><span style=\"color: #000000;\">D2<\/span><\/td>\n<td style=\"border-style: solid; border-color: #000000; width: 62.6201%; height: 21px; text-align: center;\"><span style=\"color: #000000;\">MC<\/span><\/td>\n<\/tr>\n<tr style=\"height: 21px;\">\n<td style=\"border-style: solid; border-color: #000000; width: 1.8711%; height: 10px; text-align: center;\"><span style=\"color: #000000;\"><strong><span style=\"font-size: 100%;\">2<\/span><\/strong><\/span><\/td>\n<td style=\"border-style: solid; border-color: #000000; width: 14.5209%; height: 10px; text-align: center;\"><span style=\"color: #000000;\">MD 005<\/span><\/td>\n<td style=\"border-style: solid; border-color: #000000; width: 2.88157%; height: 10px; text-align: center;\"><span style=\"color: #000000;\">18<\/span><\/td>\n<td style=\"border-style: solid; border-color: #000000; width: 5.1286%; height: 10px; text-align: center;\"><span style=\"color: #000000;\">18<\/span><\/td>\n<td style=\"border-style: solid; border-color: #000000; width: 5.6346%; height: 10px; text-align: center;\"><span style=\"color: #000000;\">23.8<\/span><\/td>\n<td style=\"border-style: solid; border-color: #000000; width: 4.7039%; height: 10px; text-align: center;\"><span style=\"color: #000000;\">0,20<\/span><\/td>\n<td style=\"border-style: solid; border-color: #000000; width: 4.9945%; height: 10px; text-align: center;\"><span style=\"color: #000000;\">9,50<\/span><\/td>\n<td style=\"border-style: solid; border-color: #000000; width: 5.577%; height: 10px; text-align: center;\"><span style=\"color: #000000;\">14,50<\/span><\/td>\n<td style=\"border-style: solid; border-color: #000000; width: 47.1013%; height: 10px; text-align: center;\"><a href=\"https:\/\/alyatekstil.com\/wp-content\/uploads\/2020\/12\/Yildiz-Tam-MD005.jpg\"><img loading=\"lazy\" decoding=\"async\" class=\" wp-image-9969 aligncenter\" src=\"https:\/\/alyatekstil.com\/wp-content\/uploads\/2020\/12\/Yildiz-Tam-MD005.jpg\" alt=\"\" width=\"163\" height=\"159\"><\/a><\/td>\n<td style=\"border-style: solid; border-color: #000000; width: 1.8797%; height: 10px; text-align: center;\"><span style=\"color: #000000;\">\u2014\u2013<\/span><\/td>\n<td style=\"border-style: solid; border-color: #000000; width: 5.00268%; height: 10px; text-align: center;\"><span style=\"color: #000000;\">D2<\/span><\/td>\n<td style=\"border-style: solid; border-color: #000000; width: 62.6201%; height: 10px; text-align: center;\"><span style=\"color: #000000;\">MC<\/span><\/td>\n<\/tr>\n<tr style=\"height: 21px;\">\n<td style=\"border-style: solid; border-color: #000000; width: 1.8711%; height: 10px; text-align: center;\"><span style=\"color: #000000;\"><strong><span style=\"font-size: 100%;\">3<\/span><\/strong><\/span><\/td>\n<td style=\"border-style: solid; border-color: #000000; width: 14.5209%; height: 10px; text-align: center;\"><span style=\"color: #000000;\">MD 013<\/span><\/td>\n<td style=\"border-style: solid; border-color: #000000; width: 2.88157%; height: 10px; text-align: center;\"><span style=\"color: #000000;\">18<\/span><\/td>\n<td style=\"border-style: solid; border-color: #000000; width: 5.1286%; height: 10px; text-align: center;\"><span style=\"color: #000000;\">18<\/span><\/td>\n<td style=\"border-style: solid; border-color: #000000; width: 5.6346%; height: 10px; text-align: center;\"><span style=\"color: #000000;\">23.8<\/span><\/td>\n<td style=\"border-style: solid; border-color: #000000; width: 4.7039%; height: 10px; text-align: center;\"><span style=\"color: #000000;\">2,00<\/span><\/td>\n<td style=\"border-style: solid; border-color: #000000; width: 4.9945%; height: 10px; text-align: center;\"><span style=\"color: #000000;\">6,80<\/span><\/td>\n<td style=\"border-style: solid; border-color: #000000; width: 5.577%; height: 10px; text-align: center;\"><span style=\"color: #000000;\">13,00<\/span><\/td>\n<td style=\"border-style: solid; border-color: #000000; width: 47.1013%; height: 10px; text-align: center;\"><a href=\"https:\/\/alyatekstil.com\/wp-content\/uploads\/2020\/12\/Yildiz-Tam-MD013.jpg\"><img loading=\"lazy\" decoding=\"async\" class=\"wp-image-9970 aligncenter\" src=\"https:\/\/alyatekstil.com\/wp-content\/uploads\/2020\/12\/Yildiz-Tam-MD013.jpg\" alt=\"\" width=\"164\" height=\"159\"><\/a><\/td>\n<td style=\"border-style: solid; border-color: #000000; width: 1.8797%; height: 10px; text-align: center;\"><span style=\"color: #000000;\">\u2014\u2013<\/span><\/td>\n<td style=\"border-style: solid; border-color: #000000; width: 5.00268%; height: 10px; text-align: center;\"><span style=\"color: #000000;\">D2<\/span><\/td>\n<td style=\"border-style: solid; border-color: #000000; width: 62.6201%; height: 10px; text-align: center;\"><span style=\"color: #000000;\">MC<\/span><\/td>\n<\/tr>\n<tr style=\"height: 21px;\">\n<td style=\"border-style: solid; border-color: #000000; width: 1.8711%; height: 10px; text-align: center;\"><span style=\"color: #000000;\"><strong><span style=\"font-size: 100%;\">4<\/span><\/strong><\/span><\/td>\n<td style=\"border-style: solid; border-color: #000000; width: 14.5209%; height: 10px; text-align: center;\"><span style=\"color: #000000;\">MD 014<\/span><\/td>\n<td style=\"border-style: solid; border-color: #000000; width: 2.88157%; height: 10px; text-align: center;\"><span style=\"color: #000000;\">18<\/span><\/td>\n<td style=\"border-style: solid; border-color: #000000; width: 5.1286%; height: 10px; text-align: center;\"><span style=\"color: #000000;\">18<\/span><\/td>\n<td style=\"border-style: solid; border-color: #000000; width: 5.6346%; height: 10px; text-align: center;\"><span style=\"color: #000000;\">23.8<\/span><\/td>\n<td style=\"border-style: solid; border-color: #000000; width: 4.7039%; height: 10px; text-align: center;\"><span style=\"color: #000000;\">1,50<\/span><\/td>\n<td style=\"border-style: solid; border-color: #000000; width: 4.9945%; height: 10px; text-align: center;\"><span style=\"color: #000000;\">7,00<\/span><\/td>\n<td style=\"border-style: solid; border-color: #000000; width: 5.577%; height: 10px; text-align: center;\"><span style=\"color: #000000;\">15,00<\/span><\/td>\n<td style=\"border-style: solid; border-color: #000000; width: 47.1013%; height: 10px; text-align: center;\"><a href=\"https:\/\/alyatekstil.com\/wp-content\/uploads\/2020\/12\/Yildiz-Tam-MD014.jpg\"><img loading=\"lazy\" decoding=\"async\" class=\" wp-image-9971 aligncenter\" src=\"https:\/\/alyatekstil.com\/wp-content\/uploads\/2020\/12\/Yildiz-Tam-MD014.jpg\" alt=\"\" width=\"151\" height=\"156\"><\/a><\/td>\n<td style=\"border-style: solid; border-color: #000000; width: 1.8797%; height: 10px; text-align: center;\"><span style=\"color: #000000;\">\u2014\u2013<\/span><\/td>\n<td style=\"border-style: solid; border-color: #000000; width: 5.00268%; height: 10px; text-align: center;\"><span style=\"color: #000000;\">D2<\/span><\/td>\n<td style=\"border-style: solid; border-color: #000000; width: 62.6201%; height: 10px; text-align: center;\"><span style=\"color: #000000;\">MC<\/span><\/td>\n<\/tr>\n<tr style=\"height: 21px;\">\n<td style=\"border-style: solid; border-color: #000000; width: 1.8711%; height: 10px; text-align: center;\"><span style=\"color: #000000;\"><b>5<\/b><\/span><\/td>\n<td style=\"border-style: solid; border-color: #000000; width: 14.5209%; height: 10px; text-align: center;\"><span style=\"color: #000000;\">TD 006<\/span><\/td>\n<td style=\"border-style: solid; border-color: #000000; width: 2.88157%; height: 10px; text-align: center;\"><span style=\"color: #000000;\">22<\/span><\/td>\n<td style=\"border-style: solid; border-color: #000000; width: 5.1286%; height: 10px; text-align: center;\"><span style=\"color: #000000;\">20<\/span><\/td>\n<td style=\"border-style: solid; border-color: #000000; width: 5.6346%; height: 10px; text-align: center;\"><span style=\"color: #000000;\">23.7<\/span><\/td>\n<td style=\"border-style: solid; border-color: #000000; width: 4.7039%; height: 10px; text-align: center;\"><span style=\"color: #000000;\">0,20<\/span><\/td>\n<td style=\"border-style: solid; border-color: #000000; width: 4.9945%; height: 10px; text-align: center;\"><span style=\"color: #000000;\">8,00<\/span><\/td>\n<td style=\"border-style: solid; border-color: #000000; width: 5.577%; height: 10px; text-align: center;\"><span style=\"color: #000000;\">13,00<\/span><\/td>\n<td style=\"border-style: solid; border-color: #000000; width: 47.1013%; height: 10px; text-align: center;\"><a href=\"https:\/\/alyatekstil.com\/wp-content\/uploads\/2020\/12\/Yildiz-Tam-TD006.jpg\"><img loading=\"lazy\" decoding=\"async\" class=\" wp-image-9972 aligncenter\" src=\"https:\/\/alyatekstil.com\/wp-content\/uploads\/2020\/12\/Yildiz-Tam-TD006.jpg\" alt=\"\" width=\"194\" height=\"171\"><\/a><\/td>\n<td style=\"border-style: solid; border-color: #000000; width: 1.8797%; height: 10px; text-align: center;\"><span style=\"color: #000000;\">4<\/span><\/td>\n<td style=\"border-style: solid; border-color: #000000; width: 5.00268%; height: 10px; text-align: center;\"><span style=\"color: #000000;\">D2<\/span><\/td>\n<td style=\"border-style: solid; border-color: #000000; width: 62.6201%; height: 10px; text-align: center;\"><span style=\"color: #000000;\">TT<\/span><\/td>\n<\/tr>\n<tr style=\"height: 21px;\">\n<td style=\"border-style: solid; border-color: #000000; width: 1.8711%; height: 10px; text-align: center;\"><span style=\"color: #000000;\"><strong><span style=\"font-size: 100%;\">6<\/span><\/strong><\/span><\/td>\n<td style=\"border-style: solid; border-color: #000000; width: 14.5209%; height: 10px; text-align: center;\"><span style=\"color: #000000;\">TD 029<\/span><\/td>\n<td style=\"border-style: solid; border-color: #000000; width: 2.88157%; height: 10px; text-align: center;\"><span style=\"color: #000000;\">40\/37<\/span><\/td>\n<td style=\"border-style: solid; border-color: #000000; width: 5.1286%; height: 10px; text-align: center;\"><span style=\"color: #000000;\">22<\/span><\/td>\n<td style=\"border-style: solid; border-color: #000000; width: 5.6346%; height: 10px; text-align: center;\"><span style=\"color: #000000;\">23.7<\/span><\/td>\n<td style=\"border-style: solid; border-color: #000000; width: 4.7039%; height: 10px; text-align: center;\"><span style=\"color: #000000;\">1,00<\/span><\/td>\n<td style=\"border-style: solid; border-color: #000000; width: 4.9945%; height: 10px; text-align: center;\"><span style=\"color: #000000;\">8,00<\/span><\/td>\n<td style=\"border-style: solid; border-color: #000000; width: 5.577%; height: 10px; text-align: center;\"><span style=\"color: #000000;\">13,00<\/span><\/td>\n<td style=\"border-style: solid; border-color: #000000; width: 47.1013%; height: 10px; text-align: center;\"><a href=\"https:\/\/alyatekstil.com\/wp-content\/uploads\/2020\/12\/Yildiz-Tam-TD029.jpg\"><img loading=\"lazy\" decoding=\"async\" class=\" wp-image-9973 aligncenter\" src=\"https:\/\/alyatekstil.com\/wp-content\/uploads\/2020\/12\/Yildiz-Tam-TD029.jpg\" alt=\"\" width=\"204\" height=\"116\"><\/a><\/td>\n<td style=\"border-style: solid; border-color: #000000; width: 1.8797%; height: 10px; text-align: center;\"><span style=\"color: #000000;\">4<\/span><\/td>\n<td style=\"border-style: solid; border-color: #000000; width: 5.00268%; height: 10px; text-align: center;\"><span style=\"color: #000000;\">D2<\/span><\/td>\n<td style=\"border-style: solid; border-color: #000000; width: 62.6201%; height: 10px; text-align: center;\"><span style=\"color: #000000;\">TT<\/span><\/td>\n<\/tr>\n<\/tbody>\n<\/table>\n<p>&nbsp;<\/p>\n<\/div>\n<div class=\"row\" id=\"row-1792577539\">\n<div id=\"col-949300956\" class=\"col small-12 large-12\">\n<div class=\"col-inner\">\n<div class=\"product-price-container is-xxlarge\">\n<div class=\"price-wrapper\">\n<p class=\"price product-page-price \">\n<\/div>\n<\/div>\n<div class=\"add-to-cart-container form-normal is-normal\"><\/div>\n<\/p><\/div>\n<\/p><\/div>\n<\/div><\/div>\n<\/p><\/div>\n","protected":false},"featured_media":2441,"comment_status":"closed","ping_status":"closed","template":"","meta":[],"product_cat":[221,236],"product_tag":[],"class_list":{"0":"post-2440","1":"product","2":"type-product","3":"status-publish","4":"has-post-thumbnail","6":"product_cat-machine-knife","7":"product_cat-thermoform-vacuum-blades","9":"first","10":"instock","11":"shipping-taxable","12":"product-type-simple"},"aioseo_notices":[],"_links":{"self":[{"href":"https:\/\/erayman.com\/en\/wp-json\/wp\/v2\/product\/2440"}],"collection":[{"href":"https:\/\/erayman.com\/en\/wp-json\/wp\/v2\/product"}],"about":[{"href":"https:\/\/erayman.com\/en\/wp-json\/wp\/v2\/types\/product"}],"replies":[{"embeddable":true,"href":"https:\/\/erayman.com\/en\/wp-json\/wp\/v2\/comments?post=2440"}],"wp:featuredmedia":[{"embeddable":true,"href":"https:\/\/erayman.com\/en\/wp-json\/wp\/v2\/media\/2441"}],"wp:attachment":[{"href":"https:\/\/erayman.com\/en\/wp-json\/wp\/v2\/media?parent=2440"}],"wp:term":[{"taxonomy":"product_cat","embeddable":true,"href":"https:\/\/erayman.com\/en\/wp-json\/wp\/v2\/product_cat?post=2440"},{"taxonomy":"product_tag","embeddable":true,"href":"https:\/\/erayman.com\/en\/wp-json\/wp\/v2\/product_tag?post=2440"}],"curies":[{"name":"wp","href":"https:\/\/api.w.org\/{rel}","templated":true}]}}