{"id":2438,"date":"2024-10-09T14:22:17","date_gmt":"2024-10-09T11:22:17","guid":{"rendered":"https:\/\/erayman.com\/en\/product\/duz-bicaklar\/"},"modified":"2024-10-16T01:32:22","modified_gmt":"2024-10-15T22:32:22","slug":"straight-blades","status":"publish","type":"product","link":"https:\/\/erayman.com\/en\/product\/straight-blades\/","title":{"rendered":"STRAIGHT BLADES"},"content":{"rendered":"","protected":false},"excerpt":{"rendered":"<div class=\"col-inner\">\n<h4 style=\"text-align: left;\"><span style=\"color: #000000;\"><strong class=\"pdesc\">\u00dcR\u00dcN A\u00c7IKLAMASI<\/strong><\/span><\/h4>\n<div class=\"product-short-description\">\n<table class=\" alignleft\" style=\"height: 95px; width: 99.8904%; border-style: solid; border-collapse: collapse;\" border=\"0\" cellspacing=\"0\" cellpadding=\"0\">\n<tbody>\n<tr style=\"height: 10px;\">\n<td style=\"background-color: #f0eded; border-style: solid; border-color: #000000; text-align: center; width: 1.8711%; height: 24px;\" rowspan=\"2\"><span style=\"color: #000000;\"><span style=\"font-size: 100%;\"><strong>#<\/strong><\/span><span style=\"font-size: 100%;\"><strong><br \/>\n<\/strong><\/span><\/span><\/td>\n<td style=\"background-color: #f0eded; border-style: solid; border-color: #000000; text-align: center; width: 21.4893%; height: 24px;\" rowspan=\"2\"><span style=\"color: #000000;\"><b>\u00dcR\u00dcN<\/b><\/span><\/td>\n<td style=\"background-color: #f0eded; border-style: solid; border-color: #000000; text-align: center; width: 15.4979%; height: 24px;\" rowspan=\"2\"><span style=\"color: #000000;\"><b>KOD<\/b><\/span><\/td>\n<td style=\"background-color: #f0eded; border-style: solid; border-color: #000000; height: 13px; width: 25.6912%; text-align: center;\" colspan=\"3\"><span style=\"color: #000000;\"><strong>\u00d6L\u00c7\u00dcLER<\/strong><strong><br \/>\n<\/strong><\/span><\/td>\n<td style=\"background-color: #f0eded; border-style: solid; border-color: #000000; text-align: center; width: 9.7071%; height: 24px;\" rowspan=\"2\"><span style=\"color: #000000;\"><strong>A\u00c7I<\/strong><\/span><\/td>\n<td style=\"background-color: #f0eded; border-style: solid; border-color: #000000; text-align: center; width: 20.4922%; height: 24px;\" rowspan=\"2\"><span style=\"color: #000000;\"><strong>B\u0130LEME<\/strong><\/span><\/td>\n<td style=\"background-color: #f0eded; border-style: solid; border-color: #000000; text-align: center; width: 4.83348%; height: 24px;\" rowspan=\"2\"><span style=\"color: #000000;\"><strong>\u00c7EL\u0130K<\/strong><strong><br \/>\n<\/strong><\/span><\/td>\n<td style=\"background-color: #f0eded; border-style: solid; border-color: #000000; text-align: center; width: 62.6201%; height: 24px;\" rowspan=\"2\"><span style=\"color: #000000;\"><strong>REF.<\/strong><strong><br \/>\n<\/strong><\/span><\/td>\n<\/tr>\n<tr style=\"height: 21px;\">\n<td style=\"background-color: #f0eded; border-style: solid; border-color: #000000; width: 6.79476%; height: 11px; text-align: center;\"><span style=\"color: #000000;\"><strong>BOY<\/strong><\/span><\/td>\n<td style=\"background-color: #f0eded; border-style: solid; border-color: #000000; width: 9.70858%; height: 11px; text-align: center;\"><span style=\"color: #000000;\"><strong>EN<\/strong><\/span><\/td>\n<td style=\"background-color: #f0eded; border-style: solid; border-color: #000000; width: 9.18785%; height: 11px; text-align: center;\"><span style=\"color: #000000;\"><strong>KAL.<\/strong><\/span><\/td>\n<\/tr>\n<tr style=\"height: 21px;\">\n<td style=\"border-style: solid; border-color: #000000; text-align: center; width: 1.8711%; height: 21px;\"><span style=\"color: #000000;\"><strong><span style=\"font-size: 100%;\">1<\/span><\/strong><\/span><\/td>\n<td style=\"border-style: solid; border-color: #000000; width: 21.4893%; text-align: center; height: 21px;\"><span style=\"color: #000000;\">D\u00dcZ BI\u00c7AK<\/span><\/td>\n<td style=\"border-style: solid; border-color: #000000; width: 15.4979%; text-align: center; height: 21px;\"><span style=\"color: #000000;\">01MF 027<\/span><\/td>\n<td style=\"border-style: solid; border-color: #000000; width: 6.79476%; height: 21px; text-align: center;\"><span style=\"color: #000000;\">500<\/span><\/td>\n<td style=\"border-style: solid; border-color: #000000; width: 9.70858%; height: 21px; text-align: center;\"><span style=\"color: #000000;\">23.8<\/span><\/td>\n<td style=\"border-style: solid; border-color: #000000; width: 9.18785%; height: 21px; text-align: center;\"><span style=\"color: #000000;\">3<\/span><\/td>\n<td style=\"border-style: solid; border-color: #000000; text-align: center; width: 9.7071%; height: 21px;\"><span style=\"color: #000000;\">60\u00b0<\/span><\/td>\n<td style=\"border-style: solid; border-color: #000000; text-align: center; width: 20.4922%; height: 21px;\"><span style=\"color: #000000;\">\u00c7ift Taraftan<\/span><\/td>\n<td style=\"border-style: solid; border-color: #000000; text-align: center; width: 4.83348%; height: 21px;\"><span style=\"color: #000000;\">HSS<\/span><\/td>\n<td style=\"border-style: solid; border-color: #000000; text-align: center; width: 62.6201%; height: 21px;\"><span style=\"color: #000000;\">MC<\/span><\/td>\n<\/tr>\n<tr style=\"height: 21px;\">\n<td style=\"border-style: solid; border-color: #000000; text-align: center; width: 1.8711%; height: 10px;\"><span style=\"color: #000000;\"><strong><span style=\"font-size: 100%;\">2<\/span><\/strong><\/span><\/td>\n<td style=\"border-style: solid; border-color: #000000; width: 21.4893%; text-align: center; height: 10px;\"><span style=\"color: #000000;\">D\u00dcZ BI\u00c7AK<\/span><\/td>\n<td style=\"border-style: solid; border-color: #000000; width: 15.4979%; text-align: center; height: 10px;\"><span style=\"color: #000000;\">01MF 001<\/span><\/td>\n<td style=\"border-style: solid; border-color: #000000; width: 6.79476%; height: 10px; text-align: center;\"><span style=\"color: #000000;\">1000<\/span><\/td>\n<td style=\"border-style: solid; border-color: #000000; width: 9.70858%; height: 10px; text-align: center;\"><span style=\"color: #000000;\">23.8<\/span><\/td>\n<td style=\"border-style: solid; border-color: #000000; width: 9.18785%; height: 10px; text-align: center;\"><span style=\"color: #000000;\">0.71<\/span><\/td>\n<td style=\"border-style: solid; border-color: #000000; text-align: center; width: 9.7071%; height: 10px;\"><span style=\"color: #000000;\">60\u00b0<\/span><\/td>\n<td style=\"border-style: solid; border-color: #000000; text-align: center; width: 20.4922%; height: 10px;\"><span style=\"color: #000000;\">\u00c7ift Taraftan<\/span><\/td>\n<td style=\"border-style: solid; border-color: #000000; text-align: center; width: 4.83348%; height: 10px;\"><span style=\"color: #000000;\">\u2014\u2013<\/span><\/td>\n<td style=\"border-style: solid; border-color: #000000; text-align: center; width: 62.6201%; height: 10px;\"><span style=\"color: #000000;\">MC<\/span><\/td>\n<\/tr>\n<tr style=\"height: 21px;\">\n<td style=\"border-style: solid; border-color: #000000; text-align: center; width: 1.8711%; height: 10px;\"><span style=\"color: #000000;\"><strong><span style=\"font-size: 100%;\">3<\/span><\/strong><\/span><\/td>\n<td style=\"border-style: solid; border-color: #000000; width: 21.4893%; text-align: center; height: 10px;\"><span style=\"color: #000000;\">D\u00dcZ BI\u00c7AK<\/span><\/td>\n<td style=\"border-style: solid; border-color: #000000; width: 15.4979%; text-align: center; height: 10px;\"><span style=\"color: #000000;\">XF 0040<\/span><\/td>\n<td style=\"border-style: solid; border-color: #000000; width: 6.79476%; height: 10px; text-align: center;\"><span style=\"color: #000000;\">1000<\/span><\/td>\n<td style=\"border-style: solid; border-color: #000000; width: 9.70858%; height: 10px; text-align: center;\"><span style=\"color: #000000;\">23.8<\/span><\/td>\n<td style=\"border-style: solid; border-color: #000000; width: 9.18785%; height: 10px; text-align: center;\"><span style=\"color: #000000;\">0.71<\/span><\/td>\n<td style=\"border-style: solid; border-color: #000000; text-align: center; width: 9.7071%; height: 10px;\"><span style=\"color: #000000;\">30\u00b0<\/span><\/td>\n<td style=\"border-style: solid; border-color: #000000; text-align: center; width: 20.4922%; height: 10px;\"><span style=\"color: #000000;\">\u00c7ift Taraftan<\/span><\/td>\n<td style=\"border-style: solid; border-color: #000000; text-align: center; width: 4.83348%; height: 10px;\"><span style=\"color: #000000;\">\u2014\u2013<\/span><\/td>\n<td style=\"border-style: solid; border-color: #000000; text-align: center; width: 62.6201%; height: 10px;\"><span style=\"color: #000000;\">MC<\/span><\/td>\n<\/tr>\n<tr style=\"height: 21px;\">\n<td style=\"border-style: solid; border-color: #000000; text-align: center; width: 1.8711%; height: 10px;\"><span style=\"color: #000000;\"><strong><span style=\"font-size: 100%;\">4<\/span><\/strong><\/span><\/td>\n<td style=\"border-style: solid; border-color: #000000; width: 21.4893%; text-align: center; height: 10px;\"><span style=\"color: #000000;\">D\u00dcZ BI\u00c7AK<\/span><\/td>\n<td style=\"border-style: solid; border-color: #000000; width: 15.4979%; text-align: center; height: 10px;\"><span style=\"color: #000000;\">01TF 010<\/span><\/td>\n<td style=\"border-style: solid; border-color: #000000; width: 6.79476%; height: 10px; text-align: center;\"><span style=\"color: #000000;\">500<\/span><\/td>\n<td style=\"border-style: solid; border-color: #000000; width: 9.70858%; height: 10px; text-align: center;\"><span style=\"color: #000000;\">23.7<\/span><\/td>\n<td style=\"border-style: solid; border-color: #000000; width: 9.18785%; height: 10px; text-align: center;\"><span style=\"color: #000000;\">4<\/span><\/td>\n<td style=\"border-style: solid; border-color: #000000; text-align: center; width: 9.7071%; height: 10px;\"><span style=\"color: #000000;\">60\u00b0<\/span><\/td>\n<td style=\"border-style: solid; border-color: #000000; text-align: center; width: 20.4922%; height: 10px;\"><span style=\"color: #000000;\">\u00c7ift Taraftan<\/span><\/td>\n<td style=\"border-style: solid; border-color: #000000; text-align: center; width: 4.83348%; height: 10px;\"><span style=\"color: #000000;\">HSS<\/span><\/td>\n<td style=\"border-style: solid; border-color: #000000; text-align: center; width: 62.6201%; height: 10px;\"><span style=\"color: #000000;\">TT<\/span><\/td>\n<\/tr>\n<tr style=\"height: 21px;\">\n<td style=\"border-style: solid; border-color: #000000; text-align: center; width: 1.8711%; height: 10px;\"><span style=\"color: #000000;\"><b>5<\/b><\/span><\/td>\n<td style=\"border-style: solid; border-color: #000000; width: 21.4893%; text-align: center; height: 10px;\"><span style=\"color: #000000;\">D\u00dcZ BI\u00c7AK<\/span><\/td>\n<td style=\"border-style: solid; border-color: #000000; width: 15.4979%; text-align: center; height: 10px;\"><span style=\"color: #000000;\">01TF 027<\/span><\/td>\n<td style=\"border-style: solid; border-color: #000000; width: 6.79476%; height: 10px; text-align: center;\"><span style=\"color: #000000;\">500<\/span><\/td>\n<td style=\"border-style: solid; border-color: #000000; width: 9.70858%; height: 10px; text-align: center;\"><span style=\"color: #000000;\">23.7<\/span><\/td>\n<td style=\"border-style: solid; border-color: #000000; width: 9.18785%; height: 10px; text-align: center;\"><span style=\"color: #000000;\">4<\/span><\/td>\n<td style=\"border-style: solid; border-color: #000000; text-align: center; width: 9.7071%; height: 10px;\"><span style=\"color: #000000;\">30\u00b0<\/span><\/td>\n<td style=\"border-style: solid; border-color: #000000; text-align: center; width: 20.4922%; height: 10px;\"><span style=\"color: #000000;\">\u00c7ift Taraftan<\/span><\/td>\n<td style=\"border-style: solid; border-color: #000000; text-align: center; width: 4.83348%; height: 10px;\"><span style=\"color: #000000;\">HSS<\/span><\/td>\n<td style=\"border-style: solid; border-color: #000000; text-align: center; width: 62.6201%; height: 10px;\"><span style=\"color: #000000;\">TT<\/span><\/td>\n<\/tr>\n<tr style=\"height: 10px;\">\n<td style=\"border-style: solid; border-color: #000000; text-align: center; width: 162.202%; height: 10px;\" colspan=\"10\"><strong><span style=\"color: #000000;\">* B\u00fct\u00fcn b\u0131\u00e7ak boylar\u0131 istenen uzunlu\u011fa kesilebilir<\/span><\/strong><\/td>\n<\/tr>\n<\/tbody>\n<\/table>\n<p>&nbsp;<\/p>\n<\/div>\n<div class=\"row\" id=\"row-1178735489\">\n<div id=\"col-984953837\" class=\"col small-12 large-12\">\n<div class=\"col-inner\">\n<div class=\"product-price-container is-xxlarge\">\n<div class=\"price-wrapper\">\n<p class=\"price product-page-price \">\n<\/div>\n<\/div>\n<div class=\"add-to-cart-container form-normal is-normal\"><\/div>\n<\/p><\/div>\n<\/p><\/div>\n<\/div><\/div>\n","protected":false},"featured_media":2439,"comment_status":"closed","ping_status":"closed","template":"","meta":[],"product_cat":[221,236],"product_tag":[],"class_list":{"0":"post-2438","1":"product","2":"type-product","3":"status-publish","4":"has-post-thumbnail","6":"product_cat-machine-knife","7":"product_cat-thermoform-vacuum-blades","9":"first","10":"instock","11":"shipping-taxable","12":"product-type-simple"},"aioseo_notices":[],"_links":{"self":[{"href":"https:\/\/erayman.com\/en\/wp-json\/wp\/v2\/product\/2438"}],"collection":[{"href":"https:\/\/erayman.com\/en\/wp-json\/wp\/v2\/product"}],"about":[{"href":"https:\/\/erayman.com\/en\/wp-json\/wp\/v2\/types\/product"}],"replies":[{"embeddable":true,"href":"https:\/\/erayman.com\/en\/wp-json\/wp\/v2\/comments?post=2438"}],"wp:featuredmedia":[{"embeddable":true,"href":"https:\/\/erayman.com\/en\/wp-json\/wp\/v2\/media\/2439"}],"wp:attachment":[{"href":"https:\/\/erayman.com\/en\/wp-json\/wp\/v2\/media?parent=2438"}],"wp:term":[{"taxonomy":"product_cat","embeddable":true,"href":"https:\/\/erayman.com\/en\/wp-json\/wp\/v2\/product_cat?post=2438"},{"taxonomy":"product_tag","embeddable":true,"href":"https:\/\/erayman.com\/en\/wp-json\/wp\/v2\/product_tag?post=2438"}],"curies":[{"name":"wp","href":"https:\/\/api.w.org\/{rel}","templated":true}]}}