{"id":2436,"date":"2024-10-09T14:32:22","date_gmt":"2024-10-09T11:32:22","guid":{"rendered":"https:\/\/erayman.com\/en\/product\/dairesel-bicaklar\/"},"modified":"2024-10-16T01:32:02","modified_gmt":"2024-10-15T22:32:02","slug":"circular-blades","status":"publish","type":"product","link":"https:\/\/erayman.com\/en\/product\/circular-blades\/","title":{"rendered":"CIRCULAR BLADES"},"content":{"rendered":"","protected":false},"excerpt":{"rendered":"<div class=\"col-inner\">\n<h4 style=\"text-align: left;\"><span style=\"color: #000000;\"><strong class=\"pdesc\">\u00dcR\u00dcN A\u00c7IKLAMASI<\/strong><\/span><\/h4>\n<div class=\"product-short-description\">\n<table class=\" alignleft\" style=\"height: 400px; width: 115.436%; border-style: solid; border-collapse: collapse;\" border=\"0\" cellspacing=\"0\" cellpadding=\"0\">\n<tbody>\n<tr style=\"height: 10px;\">\n<td style=\"background-color: #f0eded; border-style: solid; border-color: #000000; text-align: center; width: 1.8711%; height: 24px;\" rowspan=\"2\"><span style=\"color: #000000;\"><span style=\"font-size: 100%;\"><strong>#<\/strong><\/span><span style=\"font-size: 100%;\"><strong><br \/>\n<\/strong><\/span><\/span><\/td>\n<td style=\"background-color: #f0eded; border-style: solid; border-color: #000000; text-align: center; width: 25.873%; height: 24px;\" rowspan=\"2\"><span style=\"color: #000000;\"><b>\u00dcR\u00dcN<\/b><\/span><\/td>\n<td style=\"background-color: #f0eded; border-style: solid; border-color: #000000; text-align: center; width: 14.3671%; height: 24px;\" rowspan=\"2\"><span style=\"color: #000000;\"><b>KOD<\/b><\/span><\/td>\n<td style=\"background-color: #f0eded; border-style: solid; border-color: #000000; height: 13px; width: 22.4383%; text-align: center;\" colspan=\"3\"><span style=\"color: #000000;\"><strong>\u00d6L\u00c7\u00dcLER<\/strong><strong><br \/>\n<\/strong><\/span><\/td>\n<td style=\"background-color: #f0eded; border-style: solid; border-color: #000000; text-align: center; width: 9.7071%; height: 24px;\" rowspan=\"2\"><span style=\"color: #000000;\"><strong>DEL\u0130K<\/strong><\/span><\/td>\n<td style=\"background-color: #f0eded; border-style: solid; border-color: #000000; text-align: center; width: 20.4922%; height: 24px;\" rowspan=\"2\"><span style=\"color: #000000;\"><strong>B\u0130LEME<\/strong><\/span><\/td>\n<td style=\"background-color: #f0eded; border-style: solid; border-color: #000000; text-align: center; width: 4.83348%; height: 24px;\" rowspan=\"2\"><span style=\"color: #000000;\"><strong>\u00c7EL\u0130K<\/strong><strong><br \/>\n<\/strong><\/span><\/td>\n<td style=\"background-color: #f0eded; border-style: solid; border-color: #000000; text-align: center; width: 62.6201%; height: 24px;\" rowspan=\"2\"><span style=\"color: #000000;\"><strong>REF.<\/strong><strong><br \/>\n<\/strong><\/span><\/td>\n<\/tr>\n<tr style=\"height: 21px;\">\n<td style=\"background-color: #f0eded; border-style: solid; border-color: #000000; width: 7.1066%; height: 11px; text-align: center;\"><span style=\"color: #000000;\"><strong>DI\u015e\u00d8<\/strong><\/span><\/td>\n<td style=\"background-color: #f0eded; border-style: solid; border-color: #000000; width: 6.14385%; height: 11px; text-align: center;\"><span style=\"color: #000000;\"><strong>\u0130\u00c7\u00d8<\/strong><\/span><\/td>\n<td style=\"background-color: #f0eded; border-style: solid; border-color: #000000; width: 9.18785%; height: 11px; text-align: center;\"><span style=\"color: #000000;\"><strong>KAL.<\/strong><\/span><\/td>\n<\/tr>\n<tr style=\"height: 21px;\">\n<td style=\"border-style: solid; border-color: #000000; text-align: center; width: 1.8711%; height: 21px;\"><span style=\"color: #000000;\"><strong><span style=\"font-size: 100%;\">1<\/span><\/strong><\/span><\/td>\n<td style=\"border-style: solid; border-color: #000000; width: 25.873%; text-align: center; height: 21px;\"><span style=\"color: #000000;\">DA\u0130RESEL BI\u00c7AK<\/span><\/td>\n<td style=\"border-style: solid; border-color: #000000; width: 14.3671%; text-align: center; height: 21px;\"><span style=\"color: #000000;\">01MF 001<\/span><\/td>\n<td style=\"border-style: solid; border-color: #000000; width: 7.1066%; height: 21px; text-align: center;\"><span style=\"color: #000000;\">90<\/span><\/td>\n<td style=\"border-style: solid; border-color: #000000; width: 6.14385%; height: 21px; text-align: center;\"><span style=\"color: #000000;\">42<\/span><\/td>\n<td style=\"border-style: solid; border-color: #000000; width: 9.18785%; height: 21px; text-align: center;\"><span style=\"color: #000000;\">2.0<\/span><\/td>\n<td style=\"border-style: solid; border-color: #000000; text-align: center; width: 9.7071%; height: 21px;\"><span style=\"color: #000000;\">3<\/span><\/td>\n<td style=\"border-style: solid; border-color: #000000; text-align: center; width: 20.4922%; height: 21px;\"><span style=\"color: #000000;\">Tek Taraftan<\/span><\/td>\n<td style=\"border-style: solid; border-color: #000000; text-align: center; width: 4.83348%; height: 21px;\"><span style=\"color: #000000;\">Karbon<\/span><\/td>\n<td style=\"border-style: solid; border-color: #000000; text-align: center; width: 62.6201%; height: 21px;\"><span style=\"color: #000000;\">MC<\/span><\/td>\n<\/tr>\n<tr style=\"height: 21px;\">\n<td style=\"border-style: solid; border-color: #000000; text-align: center; width: 1.8711%; height: 10px;\"><span style=\"color: #000000;\"><strong><span style=\"font-size: 100%;\">2<\/span><\/strong><\/span><\/td>\n<td style=\"border-style: solid; border-color: #000000; width: 25.873%; text-align: center; height: 10px;\"><span style=\"color: #000000;\">DA\u0130RESEL BI\u00c7AK<\/span><\/td>\n<td style=\"border-style: solid; border-color: #000000; width: 14.3671%; text-align: center; height: 10px;\"><span style=\"color: #000000;\">01MF 002<\/span><\/td>\n<td style=\"border-style: solid; border-color: #000000; width: 7.1066%; height: 10px; text-align: center;\"><span style=\"color: #000000;\">90<\/span><\/td>\n<td style=\"border-style: solid; border-color: #000000; width: 6.14385%; height: 10px; text-align: center;\"><span style=\"color: #000000;\">42<\/span><\/td>\n<td style=\"border-style: solid; border-color: #000000; width: 9.18785%; height: 10px; text-align: center;\"><span style=\"color: #000000;\">2.0<\/span><\/td>\n<td style=\"border-style: solid; border-color: #000000; text-align: center; width: 9.7071%; height: 10px;\"><span style=\"color: #000000;\">3<\/span><\/td>\n<td style=\"border-style: solid; border-color: #000000; text-align: center; width: 20.4922%; height: 10px;\"><span style=\"color: #000000;\">Tek Taraftan<\/span><\/td>\n<td style=\"border-style: solid; border-color: #000000; text-align: center; width: 4.83348%; height: 10px;\"><span style=\"color: #000000;\">Paslanmaz<\/span><\/td>\n<td style=\"border-style: solid; border-color: #000000; text-align: center; width: 62.6201%; height: 10px;\"><span style=\"color: #000000;\">MC<\/span><\/td>\n<\/tr>\n<tr style=\"height: 21px;\">\n<td style=\"border-style: solid; border-color: #000000; text-align: center; width: 1.8711%; height: 10px;\"><span style=\"color: #000000;\"><strong><span style=\"font-size: 100%;\">3<\/span><\/strong><\/span><\/td>\n<td style=\"border-style: solid; border-color: #000000; width: 25.873%; text-align: center; height: 10px;\"><span style=\"color: #000000;\">DA\u0130RESEL BI\u00c7AK<\/span><\/td>\n<td style=\"border-style: solid; border-color: #000000; width: 14.3671%; text-align: center; height: 10px;\"><span style=\"color: #000000;\">01MF 009<\/span><\/td>\n<td style=\"border-style: solid; border-color: #000000; width: 7.1066%; height: 10px; text-align: center;\"><span style=\"color: #000000;\">90<\/span><\/td>\n<td style=\"border-style: solid; border-color: #000000; width: 6.14385%; height: 10px; text-align: center;\"><span style=\"color: #000000;\">42<\/span><\/td>\n<td style=\"border-style: solid; border-color: #000000; width: 9.18785%; height: 10px; text-align: center;\"><span style=\"color: #000000;\">2.0<\/span><\/td>\n<td style=\"border-style: solid; border-color: #000000; text-align: center; width: 9.7071%; height: 10px;\"><span style=\"color: #000000;\">3<\/span><\/td>\n<td style=\"border-style: solid; border-color: #000000; text-align: center; width: 20.4922%; height: 10px;\"><span style=\"color: #000000;\">\u00c7ift Taraftan<\/span><\/td>\n<td style=\"border-style: solid; border-color: #000000; text-align: center; width: 4.83348%; height: 10px;\"><span style=\"color: #000000;\">Paslanmaz<\/span><\/td>\n<td style=\"border-style: solid; border-color: #000000; text-align: center; width: 62.6201%; height: 10px;\"><span style=\"color: #000000;\">MC<\/span><\/td>\n<\/tr>\n<tr style=\"height: 21px;\">\n<td style=\"border-style: solid; border-color: #000000; text-align: center; width: 1.8711%; height: 10px;\"><span style=\"color: #000000;\"><strong><span style=\"font-size: 100%;\">4<\/span><\/strong><\/span><\/td>\n<td style=\"border-style: solid; border-color: #000000; width: 25.873%; text-align: center; height: 10px;\"><span style=\"color: #000000;\">DA\u0130RESEL BI\u00c7AK<\/span><\/td>\n<td style=\"border-style: solid; border-color: #000000; width: 14.3671%; text-align: center; height: 10px;\"><span style=\"color: #000000;\">01MF 020<\/span><\/td>\n<td style=\"border-style: solid; border-color: #000000; width: 7.1066%; height: 10px; text-align: center;\"><span style=\"color: #000000;\">90<\/span><\/td>\n<td style=\"border-style: solid; border-color: #000000; width: 6.14385%; height: 10px; text-align: center;\"><span style=\"color: #000000;\">42<\/span><\/td>\n<td style=\"border-style: solid; border-color: #000000; width: 9.18785%; height: 10px; text-align: center;\"><span style=\"color: #000000;\">2.0<\/span><\/td>\n<td style=\"border-style: solid; border-color: #000000; text-align: center; width: 9.7071%; height: 10px;\"><span style=\"color: #000000;\">6<\/span><\/td>\n<td style=\"border-style: solid; border-color: #000000; text-align: center; width: 20.4922%; height: 10px;\"><span style=\"color: #000000;\">Tek Taraftan<\/span><\/td>\n<td style=\"border-style: solid; border-color: #000000; text-align: center; width: 4.83348%; height: 10px;\"><span style=\"color: #000000;\">Paslanmaz<\/span><\/td>\n<td style=\"border-style: solid; border-color: #000000; text-align: center; width: 62.6201%; height: 10px;\"><span style=\"color: #000000;\">MC<\/span><\/td>\n<\/tr>\n<tr style=\"height: 21px;\">\n<td style=\"border-style: solid; border-color: #000000; text-align: center; width: 1.8711%; height: 10px;\"><span style=\"color: #000000;\"><b>5<\/b><\/span><\/td>\n<td style=\"border-style: solid; border-color: #000000; width: 25.873%; text-align: center; height: 10px;\"><span style=\"color: #000000;\">DA\u0130RESEL YARIM<\/span><\/td>\n<td style=\"border-style: solid; border-color: #000000; width: 14.3671%; text-align: center; height: 10px;\"><span style=\"color: #000000;\">01MF 012<\/span><\/td>\n<td style=\"border-style: solid; border-color: #000000; width: 7.1066%; height: 10px; text-align: center;\"><span style=\"color: #000000;\">90<\/span><\/td>\n<td style=\"border-style: solid; border-color: #000000; width: 6.14385%; height: 10px; text-align: center;\"><span style=\"color: #000000;\">42<\/span><\/td>\n<td style=\"border-style: solid; border-color: #000000; width: 9.18785%; height: 10px; text-align: center;\"><span style=\"color: #000000;\">2.0<\/span><\/td>\n<td style=\"border-style: solid; border-color: #000000; text-align: center; width: 9.7071%; height: 10px;\"><span style=\"color: #000000;\">6<\/span><\/td>\n<td style=\"border-style: solid; border-color: #000000; text-align: center; width: 20.4922%; height: 10px;\"><span style=\"color: #000000;\">\u00c7ift Taraftan<\/span><\/td>\n<td style=\"border-style: solid; border-color: #000000; text-align: center; width: 4.83348%; height: 10px;\"><span style=\"color: #000000;\">Paslanmaz<\/span><\/td>\n<td style=\"border-style: solid; border-color: #000000; text-align: center; width: 62.6201%; height: 10px;\"><span style=\"color: #000000;\">MC<\/span><\/td>\n<\/tr>\n<tr style=\"height: 21px;\">\n<td style=\"border-style: solid; border-color: #000000; text-align: center; width: 1.8711%; height: 10px;\"><span style=\"color: #000000;\"><strong><span style=\"font-size: 100%;\">6<\/span><\/strong><\/span><\/td>\n<td style=\"border-style: solid; border-color: #000000; width: 25.873%; text-align: center; height: 10px;\"><span style=\"color: #000000;\">DA\u0130RESEL TABAK<\/span><\/td>\n<td style=\"border-style: solid; border-color: #000000; width: 14.3671%; text-align: center; height: 10px;\"><span style=\"color: #000000;\">XF 0047<\/span><\/td>\n<td style=\"border-style: solid; border-color: #000000; width: 7.1066%; height: 10px; text-align: center;\"><span style=\"color: #000000;\">102<\/span><\/td>\n<td style=\"border-style: solid; border-color: #000000; width: 6.14385%; height: 10px; text-align: center;\"><span style=\"color: #000000;\">70<\/span><\/td>\n<td style=\"border-style: solid; border-color: #000000; width: 9.18785%; height: 10px; text-align: center;\"><span style=\"color: #000000;\">1.2<\/span><\/td>\n<td style=\"border-style: solid; border-color: #000000; text-align: center; width: 9.7071%; height: 10px;\"><span style=\"color: #000000;\">\u2014-<\/span><\/td>\n<td style=\"border-style: solid; border-color: #000000; text-align: center; width: 20.4922%; height: 10px;\"><span style=\"color: #000000;\">Tek Taraftan<\/span><\/td>\n<td style=\"border-style: solid; border-color: #000000; text-align: center; width: 4.83348%; height: 10px;\"><span style=\"color: #000000;\">Tak\u0131m<\/span><\/td>\n<td style=\"border-style: solid; border-color: #000000; text-align: center; width: 62.6201%; height: 10px;\"><span style=\"color: #000000;\">MC<\/span><\/td>\n<\/tr>\n<tr style=\"height: 10px;\">\n<td style=\"border-style: solid; border-color: #000000; text-align: center; width: 1.8711%; height: 10px;\"><span style=\"color: #000000;\"><strong><span style=\"font-size: 100%;\">7<\/span><\/strong><\/span><\/td>\n<td style=\"border-style: solid; border-color: #000000; width: 25.873%; text-align: center; height: 10px;\"><span style=\"color: #000000;\">EZ\u0130C\u0130 BI\u00c7AK&nbsp;<\/span><\/td>\n<td style=\"border-style: solid; border-color: #000000; width: 14.3671%; text-align: center; height: 10px;\"><span style=\"color: #000000;\">&nbsp;01MF 001<\/span><\/td>\n<td style=\"border-style: solid; border-color: #000000; width: 7.1066%; text-align: center; height: 10px;\"><span style=\"color: #000000;\">&nbsp;77<\/span><\/td>\n<td style=\"border-style: solid; border-color: #000000; width: 6.14385%; text-align: center; height: 10px;\"><span style=\"color: #000000;\">19<\/span><\/td>\n<td style=\"border-style: solid; border-color: #000000; width: 9.18785%; text-align: center; height: 10px;\"><span style=\"color: #000000;\">5.2<\/span><\/td>\n<td style=\"border-style: solid; border-color: #000000; text-align: center; width: 9.7071%; height: 10px;\"><span style=\"color: #000000;\">60\u00b0<\/span><\/td>\n<td style=\"border-style: solid; border-color: #000000; text-align: center; width: 20.4922%; height: 10px;\"><span style=\"color: #000000;\">\u00c7ift Taraftan&nbsp;<\/span><\/td>\n<td style=\"border-style: solid; border-color: #000000; text-align: center; width: 4.83348%; height: 10px;\"><span style=\"color: #000000;\">Karbon&nbsp;<\/span><\/td>\n<td style=\"border-style: solid; border-color: #000000; text-align: center; width: 62.6201%; height: 10px;\"><span style=\"color: #000000;\">MC <\/span><\/td>\n<\/tr>\n<tr style=\"height: 10px;\">\n<td style=\"border-style: solid; border-color: #000000; text-align: center; width: 1.8711%; height: 10px;\"><span style=\"color: #000000;\"><strong><span style=\"font-size: 100%;\">8<\/span><\/strong><\/span><\/td>\n<td style=\"border-style: solid; border-color: #000000; width: 25.873%; text-align: center; height: 10px;\"><span style=\"color: #000000;\">EZ\u0130C\u0130 BI\u00c7AK&nbsp;<\/span><\/td>\n<td style=\"border-style: solid; border-color: #000000; width: 14.3671%; text-align: center; height: 10px;\"><span style=\"color: #000000;\">&nbsp;00005<\/span><\/td>\n<td style=\"border-style: solid; border-color: #000000; width: 7.1066%; text-align: center; height: 10px;\"><span style=\"color: #000000;\">&nbsp;77<\/span><\/td>\n<td style=\"border-style: solid; border-color: #000000; width: 6.14385%; text-align: center; height: 10px;\"><span style=\"color: #000000;\">19<\/span><\/td>\n<td style=\"border-style: solid; border-color: #000000; width: 9.18785%; text-align: center; height: 10px;\"><span style=\"color: #000000;\">5.2<\/span><\/td>\n<td style=\"border-style: solid; border-color: #000000; text-align: center; width: 9.7071%; height: 10px;\"><span style=\"color: #000000;\">60\u00b0<\/span><\/td>\n<td style=\"border-style: solid; border-color: #000000; text-align: center; width: 20.4922%; height: 10px;\"><span style=\"color: #000000;\">\u00c7ift Taraftan&nbsp;<\/span><\/td>\n<td style=\"border-style: solid; border-color: #000000; text-align: center; width: 4.83348%; height: 10px;\"><span style=\"color: #000000;\">Tak\u0131m&nbsp;<\/span><\/td>\n<td style=\"border-style: solid; border-color: #000000; text-align: center; width: 62.6201%; height: 10px;\"><span style=\"color: #000000;\"> MC<\/span><\/td>\n<\/tr>\n<tr style=\"height: 10px;\">\n<td style=\"border-style: solid; border-color: #000000; text-align: center; width: 1.8711%; height: 10px;\"><span style=\"color: #000000;\"><strong><span style=\"font-size: 100%;\">9<\/span><\/strong><\/span><\/td>\n<td style=\"border-style: solid; border-color: #000000; width: 25.873%; text-align: center; height: 10px;\"><span style=\"color: #000000;\">EZ\u0130C\u0130 BI\u00c7AK&nbsp;<\/span><\/td>\n<td style=\"border-style: solid; border-color: #000000; width: 14.3671%; text-align: center; height: 10px;\"><span style=\"color: #000000;\">&nbsp;01MF 005<\/span><\/td>\n<td style=\"border-style: solid; border-color: #000000; width: 7.1066%; text-align: center; height: 10px;\"><span style=\"color: #000000;\">&nbsp;77<\/span><\/td>\n<td style=\"border-style: solid; border-color: #000000; width: 6.14385%; text-align: center; height: 10px;\"><span style=\"color: #000000;\">19<\/span><\/td>\n<td style=\"border-style: solid; border-color: #000000; width: 9.18785%; text-align: center; height: 10px;\"><span style=\"color: #000000;\">5.2<\/span><\/td>\n<td style=\"border-style: solid; border-color: #000000; text-align: center; width: 9.7071%; height: 10px;\"><span style=\"color: #000000;\">30\u00b0<\/span><\/td>\n<td style=\"border-style: solid; border-color: #000000; text-align: center; width: 20.4922%; height: 10px;\"><span style=\"color: #000000;\">\u00c7ift Taraftan&nbsp;<\/span><\/td>\n<td style=\"border-style: solid; border-color: #000000; text-align: center; width: 4.83348%; height: 10px;\"><span style=\"color: #000000;\">Karbon&nbsp;<\/span><\/td>\n<td style=\"border-style: solid; border-color: #000000; text-align: center; width: 62.6201%; height: 10px;\"><span style=\"color: #000000;\"> MC<\/span><\/td>\n<\/tr>\n<tr>\n<td style=\"border-style: solid; border-color: #000000; text-align: center; width: 1.8711%;\"><span style=\"color: #000000;\"><strong><span style=\"font-size: 100%;\">10<\/span><\/strong><\/span><\/td>\n<td style=\"border-style: solid; border-color: #000000; width: 25.873%; text-align: center; height: 10px;\"><span style=\"color: #000000;\">EZ\u0130C\u0130 BI\u00c7AK&nbsp;<\/span><\/td>\n<td style=\"border-style: solid; border-color: #000000; width: 14.3671%; text-align: center; height: 10px;\"><span style=\"color: #000000;\">&nbsp;01MF 002<\/span><\/td>\n<td style=\"border-style: solid; border-color: #000000; width: 7.1066%; text-align: center; height: 10px;\"><span style=\"color: #000000;\">&nbsp;77<\/span><\/td>\n<td style=\"border-style: solid; border-color: #000000; width: 6.14385%; text-align: center; height: 10px;\"><span style=\"color: #000000;\">19<\/span><\/td>\n<td style=\"border-style: solid; border-color: #000000; width: 9.18785%; text-align: center; height: 10px;\"><span style=\"color: #000000;\">5.2<\/span><\/td>\n<td style=\"border-style: solid; border-color: #000000; text-align: center; width: 9.7071%; height: 10px;\"><span style=\"color: #000000;\">30\u00b0<\/span><\/td>\n<td style=\"border-style: solid; border-color: #000000; text-align: center; width: 20.4922%; height: 10px;\"><span style=\"color: #000000;\">\u00c7ift Taraftan&nbsp;<\/span><\/td>\n<td style=\"border-style: solid; border-color: #000000; text-align: center; width: 4.83348%; height: 10px;\"><span style=\"color: #000000;\">Tak\u0131m&nbsp;<\/span><\/td>\n<td style=\"border-style: solid; border-color: #000000; text-align: center; width: 62.6201%; height: 10px;\"><span style=\"color: #000000;\"> MC<\/span><\/td>\n<\/tr>\n<tr>\n<td style=\"border-style: solid; border-color: #000000; text-align: center; width: 1.8711%;\"><span style=\"color: #000000;\"><strong><span style=\"font-size: 100%;\">11<\/span><\/strong><\/span><\/td>\n<td style=\"border-style: solid; border-color: #000000; width: 25.873%; text-align: center; height: 10px;\"><span style=\"color: #000000;\">EZ\u0130C\u0130 BI\u00c7AK&nbsp;<\/span><\/td>\n<td style=\"border-style: solid; border-color: #000000; width: 14.3671%; text-align: center; height: 10px;\"><span style=\"color: #000000;\">&nbsp;01MF 004<\/span><\/td>\n<td style=\"border-style: solid; border-color: #000000; width: 7.1066%; text-align: center; height: 10px;\"><span style=\"color: #000000;\">&nbsp;77<\/span><\/td>\n<td style=\"border-style: solid; border-color: #000000; width: 6.14385%; text-align: center; height: 10px;\"><span style=\"color: #000000;\">19<\/span><\/td>\n<td style=\"border-style: solid; border-color: #000000; width: 9.18785%; text-align: center; height: 10px;\"><span style=\"color: #000000;\">5.2<\/span><\/td>\n<td style=\"border-style: solid; border-color: #000000; text-align: center; width: 9.7071%; height: 10px;\"><span style=\"color: #000000;\">60\u00b0<\/span><\/td>\n<td style=\"border-style: solid; border-color: #000000; text-align: center; width: 20.4922%; height: 10px;\"><span style=\"color: #000000;\">\u00c7ift 12\u00d71 Per.&nbsp;<\/span><\/td>\n<td style=\"border-style: solid; border-color: #000000; text-align: center; width: 4.83348%; height: 10px;\"><span style=\"color: #000000;\">Karbon&nbsp;<\/span><\/td>\n<td style=\"border-style: solid; border-color: #000000; text-align: center; width: 62.6201%; height: 10px;\"><span style=\"color: #000000;\"> MC<\/span><\/td>\n<\/tr>\n<tr>\n<td style=\"border-style: solid; border-color: #000000; text-align: center; width: 1.8711%;\"><span style=\"color: #000000;\"><strong><span style=\"font-size: 100%;\">12<\/span><\/strong><\/span><\/td>\n<td style=\"border-style: solid; border-color: #000000; width: 25.873%; text-align: center;\"><span style=\"color: #000000;\">&nbsp;DA\u0130RESEL BI\u00c7AK<\/span><\/td>\n<td style=\"border-style: solid; border-color: #000000; width: 14.3671%; text-align: center;\"><span style=\"color: #000000;\">13722&nbsp;<\/span><\/td>\n<td style=\"border-style: solid; border-color: #000000; width: 7.1066%; text-align: center;\"><span style=\"color: #000000;\">&nbsp;81<\/span><\/td>\n<td style=\"border-style: solid; border-color: #000000; width: 6.14385%; text-align: center;\"><span style=\"color: #000000;\">32&nbsp;<\/span><\/td>\n<td style=\"border-style: solid; border-color: #000000; width: 9.18785%; text-align: center;\"><span style=\"color: #000000;\">&nbsp;1<\/span><\/td>\n<td style=\"border-style: solid; border-color: #000000; text-align: center; width: 9.7071%;\"><span style=\"color: #000000;\">3+3<\/span><\/td>\n<td style=\"border-style: solid; border-color: #000000; text-align: center; width: 20.4922%;\"><span style=\"color: #000000;\">\u00c7ift Taraftan&nbsp;<\/span><\/td>\n<td style=\"border-style: solid; border-color: #000000; text-align: center; width: 4.83348%;\"><span style=\"color: #000000;\">Paslanmaz&nbsp;<\/span><\/td>\n<td style=\"border-style: solid; border-color: #000000; text-align: center; width: 62.6201%;\"><span style=\"color: #000000;\">TT&nbsp;<\/span><\/td>\n<\/tr>\n<tr>\n<td style=\"border-style: solid; border-color: #000000; text-align: center; width: 1.8711%;\"><span style=\"color: #000000;\"><strong><span style=\"font-size: 100%;\">13<\/span><\/strong><\/span><\/td>\n<td style=\"border-style: solid; border-color: #000000; width: 25.873%; text-align: center;\"><span style=\"color: #000000;\">BI\u00c7AK TUTACA\u011eI<\/span><\/td>\n<td style=\"border-style: solid; border-color: #000000; width: 14.3671%; text-align: center;\"><span style=\"color: #000000;\">01TF 024&nbsp;<\/span><\/td>\n<td style=\"border-style: solid; border-color: #000000; width: 7.1066%; text-align: center;\"><span style=\"color: #000000;\">&nbsp;50<\/span><\/td>\n<td style=\"border-style: solid; border-color: #000000; width: 6.14385%; text-align: center;\"><span style=\"color: #000000;\">30&nbsp;<\/span><\/td>\n<td style=\"border-style: solid; border-color: #000000; width: 9.18785%; text-align: center;\"><span style=\"color: #000000;\">&nbsp;<\/span><\/td>\n<td style=\"border-style: solid; border-color: #000000; text-align: center; width: 9.7071%;\"><span style=\"color: #000000;\">3<\/span><\/td>\n<td style=\"border-style: solid; border-color: #000000; text-align: center; width: 20.4922%;\"><span style=\"color: #000000;\">&nbsp;\u2014\u2014<\/span><\/td>\n<td style=\"border-style: solid; border-color: #000000; text-align: center; width: 4.83348%;\"><span style=\"color: #000000;\">Paslanmaz&nbsp;<\/span><\/td>\n<td style=\"border-style: solid; border-color: #000000; text-align: center; width: 62.6201%;\"><span style=\"color: #000000;\">TT&nbsp;<\/span><\/td>\n<\/tr>\n<\/tbody>\n<\/table>\n<\/div>\n<div class=\"row\" id=\"row-381250948\">\n<div id=\"col-824747066\" class=\"col small-12 large-12\">\n<div class=\"col-inner\">\n<div class=\"product-price-container is-xxlarge\">\n<div class=\"price-wrapper\">\n<p class=\"price product-page-price \">\n<\/div>\n<\/div>\n<div class=\"add-to-cart-container form-normal is-normal\"><\/div>\n<\/p><\/div>\n<\/p><\/div>\n<\/div><\/div>\n","protected":false},"featured_media":2437,"comment_status":"closed","ping_status":"closed","template":"","meta":[],"product_cat":[221,236],"product_tag":[],"class_list":{"0":"post-2436","1":"product","2":"type-product","3":"status-publish","4":"has-post-thumbnail","6":"product_cat-machine-knife","7":"product_cat-thermoform-vacuum-blades","9":"first","10":"instock","11":"shipping-taxable","12":"product-type-simple"},"aioseo_notices":[],"_links":{"self":[{"href":"https:\/\/erayman.com\/en\/wp-json\/wp\/v2\/product\/2436"}],"collection":[{"href":"https:\/\/erayman.com\/en\/wp-json\/wp\/v2\/product"}],"about":[{"href":"https:\/\/erayman.com\/en\/wp-json\/wp\/v2\/types\/product"}],"replies":[{"embeddable":true,"href":"https:\/\/erayman.com\/en\/wp-json\/wp\/v2\/comments?post=2436"}],"wp:featuredmedia":[{"embeddable":true,"href":"https:\/\/erayman.com\/en\/wp-json\/wp\/v2\/media\/2437"}],"wp:attachment":[{"href":"https:\/\/erayman.com\/en\/wp-json\/wp\/v2\/media?parent=2436"}],"wp:term":[{"taxonomy":"product_cat","embeddable":true,"href":"https:\/\/erayman.com\/en\/wp-json\/wp\/v2\/product_cat?post=2436"},{"taxonomy":"product_tag","embeddable":true,"href":"https:\/\/erayman.com\/en\/wp-json\/wp\/v2\/product_tag?post=2436"}],"curies":[{"name":"wp","href":"https:\/\/api.w.org\/{rel}","templated":true}]}}