{"id":2434,"date":"2024-10-09T14:41:00","date_gmt":"2024-10-09T11:41:00","guid":{"rendered":"https:\/\/erayman.com\/en\/product\/yuvarlak-hava-zimbasi\/"},"modified":"2024-10-16T01:31:45","modified_gmt":"2024-10-15T22:31:45","slug":"round-air-staple","status":"publish","type":"product","link":"https:\/\/erayman.com\/en\/product\/round-air-staple\/","title":{"rendered":"ROUND AIR STAPLE"},"content":{"rendered":"","protected":false},"excerpt":{"rendered":"<div class=\"col-inner\">\n<h4 style=\"text-align: left;\"><span style=\"color: #000000;\"><strong class=\"pdesc\">\u00dcR\u00dcN A\u00c7IKLAMASI<\/strong><\/span><\/h4>\n<div class=\"product-short-description\">\n<table class=\" alignleft\" style=\"height: 345px; width: 115.436%; border-style: solid; border-collapse: collapse;\" border=\"0\" cellspacing=\"0\" cellpadding=\"0\">\n<tbody>\n<tr style=\"height: 13px;\">\n<td style=\"background-color: #f0eded; border-style: solid; border-color: #000000; text-align: center; width: 1.8711%; height: 24px;\" rowspan=\"2\"><span style=\"color: #000000;\"><span style=\"font-size: 100%;\"><strong>#<\/strong><\/span><span style=\"font-size: 100%;\"><strong><br \/>\n<\/strong><\/span><\/span><\/td>\n<td style=\"background-color: #f0eded; border-style: solid; border-color: #000000; text-align: center; width: 25.873%; height: 24px;\" rowspan=\"2\"><span style=\"color: #000000;\"><b>\u00c7\u0130Z\u0130M<\/b><\/span><\/td>\n<td style=\"background-color: #f0eded; border-style: solid; border-color: #000000; text-align: center; width: 14.3671%; height: 24px;\" rowspan=\"2\"><span style=\"color: #000000;\"><b>KOD<\/b><\/span><\/td>\n<td style=\"background-color: #f0eded; border-style: solid; border-color: #000000; height: 13px; width: 22.4383%; text-align: center;\" colspan=\"3\"><span style=\"color: #000000;\"><strong>\u00d6L\u00c7\u00dcLER<\/strong><strong><br \/>\n<\/strong><\/span><\/td>\n<td style=\"background-color: #f0eded; border-style: solid; border-color: #000000; text-align: center; width: 9.7071%; height: 24px;\" rowspan=\"2\"><span style=\"color: #000000;\"><strong>DEL\u0130K<\/strong><\/span><\/td>\n<td style=\"background-color: #f0eded; border-style: solid; border-color: #000000; text-align: center; width: 20.4922%; height: 24px;\" rowspan=\"2\"><span style=\"color: #000000;\"><strong>B\u0130LEME<\/strong><\/span><\/td>\n<td style=\"background-color: #f0eded; border-style: solid; border-color: #000000; text-align: center; width: 4.83348%; height: 24px;\" rowspan=\"2\"><span style=\"color: #000000;\"><strong>\u00c7EL\u0130K<\/strong><strong><br \/>\n<\/strong><\/span><\/td>\n<td style=\"background-color: #f0eded; border-style: solid; border-color: #000000; text-align: center; width: 62.6201%; height: 24px;\" rowspan=\"2\"><span style=\"color: #000000;\"><strong>REF.<\/strong><strong><br \/>\n<\/strong><\/span><\/td>\n<\/tr>\n<tr style=\"height: 11px;\">\n<td style=\"background-color: #f0eded; border-style: solid; border-color: #000000; width: 7.1066%; height: 11px; text-align: center;\"><span style=\"color: #000000;\"><strong>BOY<\/strong><\/span><\/td>\n<td style=\"background-color: #f0eded; border-style: solid; border-color: #000000; width: 7.60489%; height: 11px; text-align: center;\"><span style=\"color: #000000;\"><strong>\u00d81<\/strong><\/span><\/td>\n<td style=\"background-color: #f0eded; border-style: solid; border-color: #000000; width: 7.72681%; height: 11px; text-align: center;\"><span style=\"color: #000000;\"><strong>\u00d82<\/strong><\/span><\/td>\n<\/tr>\n<tr style=\"height: 21px;\">\n<td style=\"border-style: solid; border-color: #000000; text-align: center; width: 1.8711%; height: 21px;\"><span style=\"color: #000000;\"><strong><span style=\"font-size: 100%;\">1<\/span><\/strong><\/span><\/td>\n<td style=\"border-style: solid; border-color: #000000; width: 25.873%; text-align: center; height: 21px;\"><span style=\"color: #000000;\"><a style=\"color: #000000;\" href=\"https:\/\/alyatekstil.com\/wp-content\/uploads\/2020\/12\/Hava-Zimbasi-Yuvarlak.jpg\"><img loading=\"lazy\" decoding=\"async\" class=\" wp-image-9984 aligncenter\" src=\"https:\/\/alyatekstil.com\/wp-content\/uploads\/2020\/12\/Hava-Zimbasi-Yuvarlak.jpg\" alt=\"\" width=\"103\" height=\"159\"><\/a><\/span><\/td>\n<td style=\"border-style: solid; border-color: #000000; width: 14.3671%; text-align: center; height: 21px;\"><span style=\"color: #000000;\">01MF 023<\/span><\/td>\n<td style=\"border-style: solid; border-color: #000000; width: 7.1066%; height: 21px; text-align: center;\"><span style=\"color: #000000;\">50<\/span><\/td>\n<td style=\"border-style: solid; border-color: #000000; width: 7.60489%; height: 21px; text-align: center;\"><span style=\"color: #000000;\">8<\/span><\/td>\n<td style=\"border-style: solid; border-color: #000000; width: 7.72681%; height: 21px; text-align: center;\"><span style=\"color: #000000;\">\u2014-<\/span><\/td>\n<td style=\"border-style: solid; border-color: #000000; text-align: center; width: 9.7071%; height: 21px;\"><span style=\"color: #000000;\">M5x0.8<\/span><\/td>\n<td style=\"border-style: solid; border-color: #000000; text-align: center; width: 20.4922%; height: 21px;\"><span style=\"color: #000000;\">Tek Taraftan<\/span><\/td>\n<td style=\"border-style: solid; border-color: #000000; text-align: center; width: 4.83348%; height: 21px;\"><span style=\"color: #000000;\">Paslanmaz<\/span><\/td>\n<td style=\"border-style: solid; border-color: #000000; text-align: center; width: 62.6201%; height: 21px;\"><span style=\"color: #000000;\">MC<\/span><\/td>\n<\/tr>\n<\/tbody>\n<\/table>\n<\/div>\n<div class=\"row\" id=\"row-66791345\">\n<div id=\"col-462397745\" class=\"col small-12 large-12\">\n<div class=\"col-inner\">\n<div class=\"product-price-container is-xxlarge\">\n<div class=\"price-wrapper\">\n<p class=\"price product-page-price \">\n<\/div>\n<\/div>\n<div class=\"add-to-cart-container form-normal is-normal\"><\/div>\n<\/p><\/div>\n<\/p><\/div>\n<\/div><\/div>\n","protected":false},"featured_media":2435,"comment_status":"closed","ping_status":"closed","template":"","meta":[],"product_cat":[221,236],"product_tag":[],"class_list":{"0":"post-2434","1":"product","2":"type-product","3":"status-publish","4":"has-post-thumbnail","6":"product_cat-machine-knife","7":"product_cat-thermoform-vacuum-blades","9":"first","10":"instock","11":"shipping-taxable","12":"product-type-simple"},"aioseo_notices":[],"_links":{"self":[{"href":"https:\/\/erayman.com\/en\/wp-json\/wp\/v2\/product\/2434"}],"collection":[{"href":"https:\/\/erayman.com\/en\/wp-json\/wp\/v2\/product"}],"about":[{"href":"https:\/\/erayman.com\/en\/wp-json\/wp\/v2\/types\/product"}],"replies":[{"embeddable":true,"href":"https:\/\/erayman.com\/en\/wp-json\/wp\/v2\/comments?post=2434"}],"wp:featuredmedia":[{"embeddable":true,"href":"https:\/\/erayman.com\/en\/wp-json\/wp\/v2\/media\/2435"}],"wp:attachment":[{"href":"https:\/\/erayman.com\/en\/wp-json\/wp\/v2\/media?parent=2434"}],"wp:term":[{"taxonomy":"product_cat","embeddable":true,"href":"https:\/\/erayman.com\/en\/wp-json\/wp\/v2\/product_cat?post=2434"},{"taxonomy":"product_tag","embeddable":true,"href":"https:\/\/erayman.com\/en\/wp-json\/wp\/v2\/product_tag?post=2434"}],"curies":[{"name":"wp","href":"https:\/\/api.w.org\/{rel}","templated":true}]}}