{"id":2428,"date":"2024-10-09T14:47:01","date_gmt":"2024-10-09T11:47:01","guid":{"rendered":"https:\/\/erayman.com\/en\/product\/kontor-bicagi\/"},"modified":"2024-10-16T01:30:49","modified_gmt":"2024-10-15T22:30:49","slug":"contouring-knife","status":"publish","type":"product","link":"https:\/\/erayman.com\/en\/product\/contouring-knife\/","title":{"rendered":"CONTOURING KNIFE"},"content":{"rendered":"","protected":false},"excerpt":{"rendered":"<p>01. Kont\u00f6r B\u0131\u00e7a\u011f\u0131, 25x15x0.8mm, 2x Delik<\/p>\n","protected":false},"featured_media":2429,"comment_status":"closed","ping_status":"closed","template":"","meta":[],"product_cat":[221,236],"product_tag":[],"class_list":{"0":"post-2428","1":"product","2":"type-product","3":"status-publish","4":"has-post-thumbnail","6":"product_cat-machine-knife","7":"product_cat-thermoform-vacuum-blades","9":"first","10":"instock","11":"shipping-taxable","12":"product-type-simple"},"aioseo_notices":[],"_links":{"self":[{"href":"https:\/\/erayman.com\/en\/wp-json\/wp\/v2\/product\/2428"}],"collection":[{"href":"https:\/\/erayman.com\/en\/wp-json\/wp\/v2\/product"}],"about":[{"href":"https:\/\/erayman.com\/en\/wp-json\/wp\/v2\/types\/product"}],"replies":[{"embeddable":true,"href":"https:\/\/erayman.com\/en\/wp-json\/wp\/v2\/comments?post=2428"}],"wp:featuredmedia":[{"embeddable":true,"href":"https:\/\/erayman.com\/en\/wp-json\/wp\/v2\/media\/2429"}],"wp:attachment":[{"href":"https:\/\/erayman.com\/en\/wp-json\/wp\/v2\/media?parent=2428"}],"wp:term":[{"taxonomy":"product_cat","embeddable":true,"href":"https:\/\/erayman.com\/en\/wp-json\/wp\/v2\/product_cat?post=2428"},{"taxonomy":"product_tag","embeddable":true,"href":"https:\/\/erayman.com\/en\/wp-json\/wp\/v2\/product_tag?post=2428"}],"curies":[{"name":"wp","href":"https:\/\/api.w.org\/{rel}","templated":true}]}}