{"id":2418,"date":"2024-10-09T15:20:52","date_gmt":"2024-10-09T12:20:52","guid":{"rendered":"https:\/\/erayman.com\/en\/product\/parcalayici-bicak\/"},"modified":"2024-10-16T01:29:21","modified_gmt":"2024-10-15T22:29:21","slug":"shredder-knife","status":"publish","type":"product","link":"https:\/\/erayman.com\/en\/product\/shredder-knife\/","title":{"rendered":"SHREDDER KNIFE"},"content":{"rendered":"","protected":false},"excerpt":{"rendered":"<p>01. Par\u00e7alay\u0131c\u0131 B\u0131\u00e7ak, 127\/116x31x3mm<\/p>\n","protected":false},"featured_media":2419,"comment_status":"closed","ping_status":"closed","template":"","meta":[],"product_cat":[221,234],"product_tag":[],"class_list":{"0":"post-2418","1":"product","2":"type-product","3":"status-publish","4":"has-post-thumbnail","6":"product_cat-machine-knife","7":"product_cat-recycling-knife","9":"first","10":"instock","11":"shipping-taxable","12":"product-type-simple"},"aioseo_notices":[],"_links":{"self":[{"href":"https:\/\/erayman.com\/en\/wp-json\/wp\/v2\/product\/2418"}],"collection":[{"href":"https:\/\/erayman.com\/en\/wp-json\/wp\/v2\/product"}],"about":[{"href":"https:\/\/erayman.com\/en\/wp-json\/wp\/v2\/types\/product"}],"replies":[{"embeddable":true,"href":"https:\/\/erayman.com\/en\/wp-json\/wp\/v2\/comments?post=2418"}],"wp:featuredmedia":[{"embeddable":true,"href":"https:\/\/erayman.com\/en\/wp-json\/wp\/v2\/media\/2419"}],"wp:attachment":[{"href":"https:\/\/erayman.com\/en\/wp-json\/wp\/v2\/media?parent=2418"}],"wp:term":[{"taxonomy":"product_cat","embeddable":true,"href":"https:\/\/erayman.com\/en\/wp-json\/wp\/v2\/product_cat?post=2418"},{"taxonomy":"product_tag","embeddable":true,"href":"https:\/\/erayman.com\/en\/wp-json\/wp\/v2\/product_tag?post=2418"}],"curies":[{"name":"wp","href":"https:\/\/api.w.org\/{rel}","templated":true}]}}