{"id":2414,"date":"2024-10-09T15:27:49","date_gmt":"2024-10-09T12:27:49","guid":{"rendered":"https:\/\/erayman.com\/en\/product\/dissiz-doner-kesim-bicaklari\/"},"modified":"2024-10-16T01:28:38","modified_gmt":"2024-10-15T22:28:38","slug":"toothless-rotary-cutting-blades","status":"publish","type":"product","link":"https:\/\/erayman.com\/en\/product\/toothless-rotary-cutting-blades\/","title":{"rendered":"TOOTHLESS ROTARY CUTTING BLADES"},"content":{"rendered":"","protected":false},"excerpt":{"rendered":"<p>01. Di\u015fsiz D\u00f6ner B\u0131\u00e7a\u011f\u0131, 120\u00d725\/10\/4\u00d71.6mm,<\/p>\n<p>02. Di\u015fsiz D\u00f6ner B\u0131\u00e7a\u011f\u0131, 140x16x1.5mm,<\/p>\n<p>03. Di\u015fsiz D\u00f6ner B\u0131\u00e7a\u011f\u0131, 140\u00d725\/10\/4\u00d71.6mm<\/p>\n","protected":false},"featured_media":2415,"comment_status":"closed","ping_status":"closed","template":"","meta":[],"product_cat":[221,232],"product_tag":[],"class_list":{"0":"post-2414","1":"product","2":"type-product","3":"status-publish","4":"has-post-thumbnail","6":"product_cat-machine-knife","7":"product_cat-rotary-cutting-blades","9":"first","10":"instock","11":"shipping-taxable","12":"product-type-simple"},"aioseo_notices":[],"_links":{"self":[{"href":"https:\/\/erayman.com\/en\/wp-json\/wp\/v2\/product\/2414"}],"collection":[{"href":"https:\/\/erayman.com\/en\/wp-json\/wp\/v2\/product"}],"about":[{"href":"https:\/\/erayman.com\/en\/wp-json\/wp\/v2\/types\/product"}],"replies":[{"embeddable":true,"href":"https:\/\/erayman.com\/en\/wp-json\/wp\/v2\/comments?post=2414"}],"wp:featuredmedia":[{"embeddable":true,"href":"https:\/\/erayman.com\/en\/wp-json\/wp\/v2\/media\/2415"}],"wp:attachment":[{"href":"https:\/\/erayman.com\/en\/wp-json\/wp\/v2\/media?parent=2414"}],"wp:term":[{"taxonomy":"product_cat","embeddable":true,"href":"https:\/\/erayman.com\/en\/wp-json\/wp\/v2\/product_cat?post=2414"},{"taxonomy":"product_tag","embeddable":true,"href":"https:\/\/erayman.com\/en\/wp-json\/wp\/v2\/product_tag?post=2414"}],"curies":[{"name":"wp","href":"https:\/\/api.w.org\/{rel}","templated":true}]}}