{"id":2412,"date":"2024-10-09T15:28:34","date_gmt":"2024-10-09T12:28:34","guid":{"rendered":"https:\/\/erayman.com\/en\/product\/disli-doner-kesim-bicaklari\/"},"modified":"2024-10-16T01:28:22","modified_gmt":"2024-10-15T22:28:22","slug":"toothed-rotary-cutting-blades","status":"publish","type":"product","link":"https:\/\/erayman.com\/en\/product\/toothed-rotary-cutting-blades\/","title":{"rendered":"TOOTHED ROTARY CUTTING BLADES"},"content":{"rendered":"","protected":false},"excerpt":{"rendered":"<p>01. Di\u015fli D\u00f6ner B\u0131\u00e7a\u011f\u0131, 120\u00d725\/10\/4\u00d71.6mm<\/p>\n<p>02. Di\u015fli D\u00f6ner B\u0131\u00e7a\u011f\u0131, 140\u00d725\/10\/4\u00d71.6mm<\/p>\n","protected":false},"featured_media":2413,"comment_status":"closed","ping_status":"closed","template":"","meta":[],"product_cat":[221,232],"product_tag":[],"class_list":{"0":"post-2412","1":"product","2":"type-product","3":"status-publish","4":"has-post-thumbnail","6":"product_cat-machine-knife","7":"product_cat-rotary-cutting-blades","9":"first","10":"instock","11":"shipping-taxable","12":"product-type-simple"},"aioseo_notices":[],"_links":{"self":[{"href":"https:\/\/erayman.com\/en\/wp-json\/wp\/v2\/product\/2412"}],"collection":[{"href":"https:\/\/erayman.com\/en\/wp-json\/wp\/v2\/product"}],"about":[{"href":"https:\/\/erayman.com\/en\/wp-json\/wp\/v2\/types\/product"}],"replies":[{"embeddable":true,"href":"https:\/\/erayman.com\/en\/wp-json\/wp\/v2\/comments?post=2412"}],"wp:featuredmedia":[{"embeddable":true,"href":"https:\/\/erayman.com\/en\/wp-json\/wp\/v2\/media\/2413"}],"wp:attachment":[{"href":"https:\/\/erayman.com\/en\/wp-json\/wp\/v2\/media?parent=2412"}],"wp:term":[{"taxonomy":"product_cat","embeddable":true,"href":"https:\/\/erayman.com\/en\/wp-json\/wp\/v2\/product_cat?post=2412"},{"taxonomy":"product_tag","embeddable":true,"href":"https:\/\/erayman.com\/en\/wp-json\/wp\/v2\/product_tag?post=2412"}],"curies":[{"name":"wp","href":"https:\/\/api.w.org\/{rel}","templated":true}]}}