{"id":2410,"date":"2024-10-09T15:31:44","date_gmt":"2024-10-09T12:31:44","guid":{"rendered":"https:\/\/erayman.com\/en\/product\/disli-bicak\/"},"modified":"2024-10-16T01:27:50","modified_gmt":"2024-10-15T22:27:50","slug":"toothed-blade","status":"publish","type":"product","link":"https:\/\/erayman.com\/en\/product\/toothed-blade\/","title":{"rendered":"TOOTHED BLADE"},"content":{"rendered":"","protected":false},"excerpt":{"rendered":"<p>01. Di\u015fli B\u0131\u00e7ak, Boy (Max 1400mm) x 40 x 1mm<\/p>\n<p>02. Di\u015fli B\u0131\u00e7ak, 235x54x1.22mm, 6.35mm Di\u015f, 1.2mm Perf.<\/p>\n<p>03. Di\u015fli B\u0131\u00e7ak, 254x54x1.22mm, 6.35mm Di\u015f,<\/p>\n<p>04. Di\u015fli B\u0131\u00e7ak, 254x54x1.22mm, 6.35mm Di\u015f, TiN Kaplama<\/p>\n<p>05. Di\u015fli B\u0131\u00e7ak, 910x38x0.8mm, 4mm Di\u015f, 14xDelik \u00d86.5mm<\/p>\n<p>06. Di\u015fli B\u0131\u00e7ak, 460x40x1mm, 3.5mm Di\u015f Tek Taraftan Bileme<\/p>\n<p>07. Di\u015fli B\u0131\u00e7ak, 405X40X1.0 mm<\/p>\n<p>08. Dalga Di\u015fli Paketleme B\u0131\u00e7a\u011f\u0131, 12.18 x 0.5 x .032mm<\/p>\n<p>09. Dalga Di\u015fli Paketleme B\u0131\u00e7a\u011f\u0131, 14\u00d70.52x032mm<\/p>\n<p>10. Dalga Di\u015fli Paketleme B\u0131\u00e7a\u011f\u0131, 15.35\u00d70.5x.032mm<\/p>\n<p>11. Di\u015fli B\u0131\u00e7ak, 960\u00d720.5\u00d70.5mm, 3mm Di\u015f<\/p>\n<p>12. Zig Zag B\u0131\u00e7ak, 100X8X3mm<\/p>\n<p>13. Di\u015fli B\u0131\u00e7ak, 396x65x1mm, 3.5mm Di\u015f, 4\u00d76.5mm Delik, 1x A\u00e7\u0131k Yuva<\/p>\n","protected":false},"featured_media":2411,"comment_status":"closed","ping_status":"closed","template":"","meta":[],"product_cat":[221,231],"product_tag":[],"class_list":{"0":"post-2410","1":"product","2":"type-product","3":"status-publish","4":"has-post-thumbnail","6":"product_cat-machine-knife","7":"product_cat-tooth-blades","9":"first","10":"instock","11":"shipping-taxable","12":"product-type-simple"},"aioseo_notices":[],"_links":{"self":[{"href":"https:\/\/erayman.com\/en\/wp-json\/wp\/v2\/product\/2410"}],"collection":[{"href":"https:\/\/erayman.com\/en\/wp-json\/wp\/v2\/product"}],"about":[{"href":"https:\/\/erayman.com\/en\/wp-json\/wp\/v2\/types\/product"}],"replies":[{"embeddable":true,"href":"https:\/\/erayman.com\/en\/wp-json\/wp\/v2\/comments?post=2410"}],"wp:featuredmedia":[{"embeddable":true,"href":"https:\/\/erayman.com\/en\/wp-json\/wp\/v2\/media\/2411"}],"wp:attachment":[{"href":"https:\/\/erayman.com\/en\/wp-json\/wp\/v2\/media?parent=2410"}],"wp:term":[{"taxonomy":"product_cat","embeddable":true,"href":"https:\/\/erayman.com\/en\/wp-json\/wp\/v2\/product_cat?post=2410"},{"taxonomy":"product_tag","embeddable":true,"href":"https:\/\/erayman.com\/en\/wp-json\/wp\/v2\/product_tag?post=2410"}],"curies":[{"name":"wp","href":"https:\/\/api.w.org\/{rel}","templated":true}]}}