{"id":2408,"date":"2024-10-09T15:34:04","date_gmt":"2024-10-09T12:34:04","guid":{"rendered":"https:\/\/erayman.com\/en\/product\/bicak-tutacak-aparati\/"},"modified":"2024-10-16T01:27:40","modified_gmt":"2024-10-15T22:27:40","slug":"knife-holder","status":"publish","type":"product","link":"https:\/\/erayman.com\/en\/product\/knife-holder\/","title":{"rendered":"KNIFE HOLDER"},"content":{"rendered":"","protected":false},"excerpt":{"rendered":"<p>01. Pn\u00f6matik Ezici B\u0131\u00e7ak Tutacak Aparat\u0131<\/p>\n","protected":false},"featured_media":2409,"comment_status":"closed","ping_status":"closed","template":"","meta":[],"product_cat":[230,221],"product_tag":[],"class_list":{"0":"post-2408","1":"product","2":"type-product","3":"status-publish","4":"has-post-thumbnail","6":"product_cat-circular-crushing-blades","7":"product_cat-machine-knife","9":"first","10":"instock","11":"shipping-taxable","12":"product-type-simple"},"aioseo_notices":[],"_links":{"self":[{"href":"https:\/\/erayman.com\/en\/wp-json\/wp\/v2\/product\/2408"}],"collection":[{"href":"https:\/\/erayman.com\/en\/wp-json\/wp\/v2\/product"}],"about":[{"href":"https:\/\/erayman.com\/en\/wp-json\/wp\/v2\/types\/product"}],"replies":[{"embeddable":true,"href":"https:\/\/erayman.com\/en\/wp-json\/wp\/v2\/comments?post=2408"}],"wp:featuredmedia":[{"embeddable":true,"href":"https:\/\/erayman.com\/en\/wp-json\/wp\/v2\/media\/2409"}],"wp:attachment":[{"href":"https:\/\/erayman.com\/en\/wp-json\/wp\/v2\/media?parent=2408"}],"wp:term":[{"taxonomy":"product_cat","embeddable":true,"href":"https:\/\/erayman.com\/en\/wp-json\/wp\/v2\/product_cat?post=2408"},{"taxonomy":"product_tag","embeddable":true,"href":"https:\/\/erayman.com\/en\/wp-json\/wp\/v2\/product_tag?post=2408"}],"curies":[{"name":"wp","href":"https:\/\/api.w.org\/{rel}","templated":true}]}}