{"id":2406,"date":"2024-10-09T15:34:54","date_gmt":"2024-10-09T12:34:54","guid":{"rendered":"https:\/\/erayman.com\/en\/product\/dairesel-ezici-bicaklar\/"},"modified":"2024-10-16T01:27:30","modified_gmt":"2024-10-15T22:27:30","slug":"circular-crushing-blades","status":"publish","type":"product","link":"https:\/\/erayman.com\/en\/product\/circular-crushing-blades\/","title":{"rendered":"CIRCULAR CRUSHING BLADES"},"content":{"rendered":"","protected":false},"excerpt":{"rendered":"<p>01. Ezici B\u0131\u00e7ak, 77x19x5.20mm, 30\u00b0 Bileme, D2 \u00c7elik <\/p>\n<p>02. Ezici B\u0131\u00e7ak, 77x19x5.20mm, 60\u00b0 Bileme, Karbon \u00c7elik<\/p>\n<p>03. Ezici B\u0131\u00e7ak, 77x19x5.20mm, 60\u00b0 Bileme, D2 \u00c7elik<\/p>\n<p>04. Ezici B\u0131\u00e7ak, 77x19x5.20mm, 60\u00b0 Bileme,12\u00d71 Perfore, D2 \u00c7elik<\/p>\n<p>05. Ezici B\u0131\u00e7ak, 77x19x5.20mm, 60\u00b0 Bileme, 1\u00d70.3mm, D2 \u00c7elik<\/p>\n<p>06. Ezici B\u0131\u00e7ak, 77x19x5.20mm, 4\u00d71 Perfore, 60\u00b0 Bileme<\/p>\n<p>07. Ezici B\u0131\u00e7ak, 77x19x5.20mm, 1\u00d70.3mm Perfore, 60\u00b0 Bileme<\/p>\n<p>08. Ezici B\u0131\u00e7ak, 77x19x5.20mm, 4\u00d71 Perfore, 60\u00b0 Bileme<\/p>\n<p>09. Ezici B\u0131\u00e7ak, 77x22x6.20mm, 60\u00b0 Bileme, D2 \u00c7elik<\/p>\n<p>10. Ezici B\u0131\u00e7ak, 77x22x6.20mm, 6\u00d71 Perfore<\/p>\n<p>11. Ezici B\u0131\u00e7ak, 77x19x6.32mm, 60\u00b0 Bileme, Radyuslu, Karbon \u00c7elik<\/p>\n<p>12. Ezici B\u0131\u00e7ak, 77x19x6.35mm, 4\u00d71 Perfore<\/p>\n<p>13. Ezici B\u0131\u00e7ak, 77x19x6.35mm, 6\u00d71 Perfore<\/p>\n","protected":false},"featured_media":2407,"comment_status":"closed","ping_status":"closed","template":"","meta":[],"product_cat":[230,221],"product_tag":[],"class_list":{"0":"post-2406","1":"product","2":"type-product","3":"status-publish","4":"has-post-thumbnail","6":"product_cat-circular-crushing-blades","7":"product_cat-machine-knife","9":"first","10":"instock","11":"shipping-taxable","12":"product-type-simple"},"aioseo_notices":[],"_links":{"self":[{"href":"https:\/\/erayman.com\/en\/wp-json\/wp\/v2\/product\/2406"}],"collection":[{"href":"https:\/\/erayman.com\/en\/wp-json\/wp\/v2\/product"}],"about":[{"href":"https:\/\/erayman.com\/en\/wp-json\/wp\/v2\/types\/product"}],"replies":[{"embeddable":true,"href":"https:\/\/erayman.com\/en\/wp-json\/wp\/v2\/comments?post=2406"}],"wp:featuredmedia":[{"embeddable":true,"href":"https:\/\/erayman.com\/en\/wp-json\/wp\/v2\/media\/2407"}],"wp:attachment":[{"href":"https:\/\/erayman.com\/en\/wp-json\/wp\/v2\/media?parent=2406"}],"wp:term":[{"taxonomy":"product_cat","embeddable":true,"href":"https:\/\/erayman.com\/en\/wp-json\/wp\/v2\/product_cat?post=2406"},{"taxonomy":"product_tag","embeddable":true,"href":"https:\/\/erayman.com\/en\/wp-json\/wp\/v2\/product_tag?post=2406"}],"curies":[{"name":"wp","href":"https:\/\/api.w.org\/{rel}","templated":true}]}}