{"id":2404,"date":"2024-10-09T15:36:41","date_gmt":"2024-10-09T12:36:41","guid":{"rendered":"https:\/\/erayman.com\/en\/product\/et-acma-derinder-bicak\/"},"modified":"2024-10-16T01:27:19","modified_gmt":"2024-10-15T22:27:19","slug":"meat-cutting-derinder-knife","status":"publish","type":"product","link":"https:\/\/erayman.com\/en\/product\/meat-cutting-derinder-knife\/","title":{"rendered":"MEAT CUTTING (DER\u0130NDER) KNIFE"},"content":{"rendered":"","protected":false},"excerpt":{"rendered":"<p>01. D\u00fcz B\u0131\u00e7ak (Derinder), Boy x 20 x 1mm, Paslanmaz<\/p>\n","protected":false},"featured_media":2405,"comment_status":"closed","ping_status":"closed","template":"","meta":[],"product_cat":[221,229],"product_tag":[],"class_list":{"0":"post-2404","1":"product","2":"type-product","3":"status-publish","4":"has-post-thumbnail","6":"product_cat-machine-knife","7":"product_cat-meat-cutting-derinder-knife","9":"first","10":"instock","11":"shipping-taxable","12":"product-type-simple"},"aioseo_notices":[],"_links":{"self":[{"href":"https:\/\/erayman.com\/en\/wp-json\/wp\/v2\/product\/2404"}],"collection":[{"href":"https:\/\/erayman.com\/en\/wp-json\/wp\/v2\/product"}],"about":[{"href":"https:\/\/erayman.com\/en\/wp-json\/wp\/v2\/types\/product"}],"replies":[{"embeddable":true,"href":"https:\/\/erayman.com\/en\/wp-json\/wp\/v2\/comments?post=2404"}],"wp:featuredmedia":[{"embeddable":true,"href":"https:\/\/erayman.com\/en\/wp-json\/wp\/v2\/media\/2405"}],"wp:attachment":[{"href":"https:\/\/erayman.com\/en\/wp-json\/wp\/v2\/media?parent=2404"}],"wp:term":[{"taxonomy":"product_cat","embeddable":true,"href":"https:\/\/erayman.com\/en\/wp-json\/wp\/v2\/product_cat?post=2404"},{"taxonomy":"product_tag","embeddable":true,"href":"https:\/\/erayman.com\/en\/wp-json\/wp\/v2\/product_tag?post=2404"}],"curies":[{"name":"wp","href":"https:\/\/api.w.org\/{rel}","templated":true}]}}