{"id":2402,"date":"2024-10-09T15:39:50","date_gmt":"2024-10-09T12:39:50","guid":{"rendered":"https:\/\/erayman.com\/en\/product\/log-saw-bicaklari\/"},"modified":"2024-10-16T01:27:09","modified_gmt":"2024-10-15T22:27:09","slug":"log-saw-blades","status":"publish","type":"product","link":"https:\/\/erayman.com\/en\/product\/log-saw-blades\/","title":{"rendered":"LOG-SAW BLADES"},"content":{"rendered":"","protected":false},"excerpt":{"rendered":"<p>01. Dairesel Log-Saw B\u0131\u00e7a\u011f\u0131, 610\u00d768.26\u00d74.76mm, 8x12mm Delik, D2+%1W \u00c7elik 59-61 Hrc, \u00c7ift Taraftan Bileme<\/p>\n","protected":false},"featured_media":2403,"comment_status":"closed","ping_status":"closed","template":"","meta":[],"product_cat":[228,221],"product_tag":[],"class_list":{"0":"post-2402","1":"product","2":"type-product","3":"status-publish","4":"has-post-thumbnail","6":"product_cat-log-saw-blades-for-toilet-paper-and-paper-towels","7":"product_cat-machine-knife","9":"first","10":"instock","11":"shipping-taxable","12":"product-type-simple"},"aioseo_notices":[],"_links":{"self":[{"href":"https:\/\/erayman.com\/en\/wp-json\/wp\/v2\/product\/2402"}],"collection":[{"href":"https:\/\/erayman.com\/en\/wp-json\/wp\/v2\/product"}],"about":[{"href":"https:\/\/erayman.com\/en\/wp-json\/wp\/v2\/types\/product"}],"replies":[{"embeddable":true,"href":"https:\/\/erayman.com\/en\/wp-json\/wp\/v2\/comments?post=2402"}],"wp:featuredmedia":[{"embeddable":true,"href":"https:\/\/erayman.com\/en\/wp-json\/wp\/v2\/media\/2403"}],"wp:attachment":[{"href":"https:\/\/erayman.com\/en\/wp-json\/wp\/v2\/media?parent=2402"}],"wp:term":[{"taxonomy":"product_cat","embeddable":true,"href":"https:\/\/erayman.com\/en\/wp-json\/wp\/v2\/product_cat?post=2402"},{"taxonomy":"product_tag","embeddable":true,"href":"https:\/\/erayman.com\/en\/wp-json\/wp\/v2\/product_tag?post=2402"}],"curies":[{"name":"wp","href":"https:\/\/api.w.org\/{rel}","templated":true}]}}