{"id":2398,"date":"2024-10-09T15:42:17","date_gmt":"2024-10-09T12:42:17","guid":{"rendered":"https:\/\/erayman.com\/en\/product\/masura-kesim-bicaklari\/"},"modified":"2024-10-16T01:26:46","modified_gmt":"2024-10-15T22:26:46","slug":"bobbin-cutting-knife","status":"publish","type":"product","link":"https:\/\/erayman.com\/en\/product\/bobbin-cutting-knife\/","title":{"rendered":"BOBBIN CUTTING KNIFE"},"content":{"rendered":"","protected":false},"excerpt":{"rendered":"<p>01. Masura Kesim B\u0131\u00e7a\u011f\u0131, 114.3\u00d755.55\u00d71.587mm<\/p>\n<p>02. Masura Kesim B\u0131\u00e7a\u011f\u0131, 127\u00d755.55\u00d71.587mm<\/p>\n","protected":false},"featured_media":2399,"comment_status":"closed","ping_status":"closed","template":"","meta":[],"product_cat":[227,221],"product_tag":[],"class_list":{"0":"post-2398","1":"product","2":"type-product","3":"status-publish","4":"has-post-thumbnail","6":"product_cat-bobbin-cutting-knife","7":"product_cat-machine-knife","9":"first","10":"instock","11":"shipping-taxable","12":"product-type-simple"},"aioseo_notices":[],"_links":{"self":[{"href":"https:\/\/erayman.com\/en\/wp-json\/wp\/v2\/product\/2398"}],"collection":[{"href":"https:\/\/erayman.com\/en\/wp-json\/wp\/v2\/product"}],"about":[{"href":"https:\/\/erayman.com\/en\/wp-json\/wp\/v2\/types\/product"}],"replies":[{"embeddable":true,"href":"https:\/\/erayman.com\/en\/wp-json\/wp\/v2\/comments?post=2398"}],"wp:featuredmedia":[{"embeddable":true,"href":"https:\/\/erayman.com\/en\/wp-json\/wp\/v2\/media\/2399"}],"wp:attachment":[{"href":"https:\/\/erayman.com\/en\/wp-json\/wp\/v2\/media?parent=2398"}],"wp:term":[{"taxonomy":"product_cat","embeddable":true,"href":"https:\/\/erayman.com\/en\/wp-json\/wp\/v2\/product_cat?post=2398"},{"taxonomy":"product_tag","embeddable":true,"href":"https:\/\/erayman.com\/en\/wp-json\/wp\/v2\/product_tag?post=2398"}],"curies":[{"name":"wp","href":"https:\/\/api.w.org\/{rel}","templated":true}]}}