{"id":2396,"date":"2024-10-09T15:44:52","date_gmt":"2024-10-09T12:44:52","guid":{"rendered":"https:\/\/erayman.com\/en\/product\/kutu-kapama-koli-bandi-bicaklari\/"},"modified":"2024-10-16T01:26:30","modified_gmt":"2024-10-15T22:26:30","slug":"box-closing-packing-tape-knives","status":"publish","type":"product","link":"https:\/\/erayman.com\/en\/product\/box-closing-packing-tape-knives\/","title":{"rendered":"BOX CLOSING \u2013 PACKING TAPE KNIVES"},"content":{"rendered":"","protected":false},"excerpt":{"rendered":"<p>01. Kutu Kapama \u2013 Koli Band\u0131 B\u0131\u00e7a\u011f\u0131, 65x30x1.5mm<\/p>\n<p>02. Kutu Kapama \u2013 Koli Band\u0131 B\u0131\u00e7a\u011f\u0131, 85x30x1.5mm<\/p>\n","protected":false},"featured_media":2397,"comment_status":"closed","ping_status":"closed","template":"","meta":[],"product_cat":[226,221],"product_tag":[],"class_list":{"0":"post-2396","1":"product","2":"type-product","3":"status-publish","4":"has-post-thumbnail","6":"product_cat-box-closing-delivery-tape-knives","7":"product_cat-machine-knife","9":"first","10":"instock","11":"shipping-taxable","12":"product-type-simple"},"aioseo_notices":[],"_links":{"self":[{"href":"https:\/\/erayman.com\/en\/wp-json\/wp\/v2\/product\/2396"}],"collection":[{"href":"https:\/\/erayman.com\/en\/wp-json\/wp\/v2\/product"}],"about":[{"href":"https:\/\/erayman.com\/en\/wp-json\/wp\/v2\/types\/product"}],"replies":[{"embeddable":true,"href":"https:\/\/erayman.com\/en\/wp-json\/wp\/v2\/comments?post=2396"}],"wp:featuredmedia":[{"embeddable":true,"href":"https:\/\/erayman.com\/en\/wp-json\/wp\/v2\/media\/2397"}],"wp:attachment":[{"href":"https:\/\/erayman.com\/en\/wp-json\/wp\/v2\/media?parent=2396"}],"wp:term":[{"taxonomy":"product_cat","embeddable":true,"href":"https:\/\/erayman.com\/en\/wp-json\/wp\/v2\/product_cat?post=2396"},{"taxonomy":"product_tag","embeddable":true,"href":"https:\/\/erayman.com\/en\/wp-json\/wp\/v2\/product_tag?post=2396"}],"curies":[{"name":"wp","href":"https:\/\/api.w.org\/{rel}","templated":true}]}}