{"id":2392,"date":"2024-10-09T15:49:46","date_gmt":"2024-10-09T12:49:46","guid":{"rendered":"https:\/\/erayman.com\/en\/product\/serit-bicaklar\/"},"modified":"2024-10-16T01:26:18","modified_gmt":"2024-10-15T22:26:18","slug":"strip-knives","status":"publish","type":"product","link":"https:\/\/erayman.com\/en\/product\/strip-knives\/","title":{"rendered":"STRIP KNIVES"},"content":{"rendered":"","protected":false},"excerpt":{"rendered":"<p>01. \u015eER\u0130T BI\u00c7AK, BOY x 23.8 x 0.71mm, \u00c7\u0130FT TARAFTAN 60\u00b0 B\u0130LEME <\/p>\n<p>02. \u015eER\u0130T BI\u00c7AK, BOY x 23.8 x 0.71mm, \u00c7\u0130FT TARAFTAN 30\u00b0 B\u0130LEME<\/p>\n<p>03. ET A\u00c7MA \u015eER\u0130T BI\u00c7A\u011eI, BOY x 20 x 1.00mm, TEK TARAFTAN B\u0130LEME<\/p>\n<p>04. ET A\u00c7MA \u015eER\u0130T BI\u00c7A\u011eI, BOY x 22 x 0.70mm, TEK TARAFTAN B\u0130LEME<\/p>\n<p>05. ET A\u00c7MA \u015eER\u0130T BI\u00c7A\u011eI, BOY x 10 x 0.50mm, \u00c7\u0130FT TARAFTAN B\u0130LEME<\/p>\n","protected":false},"featured_media":2393,"comment_status":"closed","ping_status":"closed","template":"","meta":[],"product_cat":[221,224],"product_tag":[],"class_list":{"0":"post-2392","1":"product","2":"type-product","3":"status-publish","4":"has-post-thumbnail","6":"product_cat-machine-knife","7":"product_cat-strip-knives","9":"first","10":"instock","11":"shipping-taxable","12":"product-type-simple"},"aioseo_notices":[],"_links":{"self":[{"href":"https:\/\/erayman.com\/en\/wp-json\/wp\/v2\/product\/2392"}],"collection":[{"href":"https:\/\/erayman.com\/en\/wp-json\/wp\/v2\/product"}],"about":[{"href":"https:\/\/erayman.com\/en\/wp-json\/wp\/v2\/types\/product"}],"replies":[{"embeddable":true,"href":"https:\/\/erayman.com\/en\/wp-json\/wp\/v2\/comments?post=2392"}],"wp:featuredmedia":[{"embeddable":true,"href":"https:\/\/erayman.com\/en\/wp-json\/wp\/v2\/media\/2393"}],"wp:attachment":[{"href":"https:\/\/erayman.com\/en\/wp-json\/wp\/v2\/media?parent=2392"}],"wp:term":[{"taxonomy":"product_cat","embeddable":true,"href":"https:\/\/erayman.com\/en\/wp-json\/wp\/v2\/product_cat?post=2392"},{"taxonomy":"product_tag","embeddable":true,"href":"https:\/\/erayman.com\/en\/wp-json\/wp\/v2\/product_tag?post=2392"}],"curies":[{"name":"wp","href":"https:\/\/api.w.org\/{rel}","templated":true}]}}