{"id":2388,"date":"2024-10-09T15:55:46","date_gmt":"2024-10-09T12:55:46","guid":{"rendered":"https:\/\/erayman.com\/en\/product\/sosis-siyirma-bicaklari\/"},"modified":"2024-10-16T01:25:58","modified_gmt":"2024-10-15T22:25:58","slug":"sausage-scraper-knife","status":"publish","type":"product","link":"https:\/\/erayman.com\/en\/product\/sausage-scraper-knife\/","title":{"rendered":"SAUSAGE SCRAPER KNIFE"},"content":{"rendered":"","protected":false},"excerpt":{"rendered":"<div class=\"col-inner\">\n<h4 style=\"text-align: left;\"><span style=\"color: #000000;\"><strong class=\"pdesc\">\u00dcR\u00dcN A\u00c7IKLAMASI<\/strong><\/span><\/h4>\n<div class=\"product-short-description\">\n<table style=\"width: 100%; border-collapse: collapse; border-style: solid; border-color: #000000; height: 60px;\">\n<tbody>\n<tr style=\"height: 20px;\">\n<td style=\"width: 2.71536%; border-style: solid; border-color: #000000; text-align: center; height: 20px;\"><span style=\"color: #000000;\"><strong>#<\/strong><\/span><\/td>\n<td style=\"width: 18.6329%; border-style: solid; border-color: #000000; text-align: center; height: 20px;\"><span style=\"color: #000000;\"><strong>\u00dcR\u00dcN KODU<\/strong><\/span><\/td>\n<td style=\"width: 22.3783%; border-style: solid; border-color: #000000; text-align: center; height: 20px;\"><span style=\"color: #000000;\"><strong>A\u00c7IKLAMA<\/strong><\/span><\/td>\n<td style=\"width: 41.9944%; border-style: solid; border-color: #000000; text-align: center; height: 20px;\"><span style=\"color: #000000;\"><strong>MALZEME<\/strong><\/span><\/td>\n<td style=\"width: 14.279%; border-style: solid; border-color: #000000; text-align: center; height: 20px;\"><span style=\"color: #000000;\"><strong>RENK<\/strong><\/span><\/td>\n<\/tr>\n<tr style=\"height: 20px;\">\n<td style=\"width: 2.71536%; border-style: solid; border-color: #000000; height: 10px; text-align: center;\"><span style=\"color: #000000;\"><strong>1<\/strong><\/span><\/td>\n<td style=\"width: 18.6329%; border-style: solid; border-color: #000000; height: 10px;\"><span style=\"color: #000000;\">SS 413011 PA<\/span><\/td>\n<td style=\"width: 22.3783%; border-style: solid; border-color: #000000; height: 10px; text-align: center;\"><span style=\"color: #000000;\">SOS\u0130S SIYIRMA<\/span><\/td>\n<td style=\"width: 41.9944%; border-style: solid; border-color: #000000; height: 10px;\"><span style=\"color: #000000;\">PLAST\u0130K<\/span><\/td>\n<td style=\"width: 14.279%; border-style: solid; border-color: #000000; height: 10px; text-align: center;\"><span style=\"color: #000000;\">BEYAZ<\/span><\/td>\n<\/tr>\n<tr style=\"height: 20px;\">\n<td style=\"width: 2.71536%; border-style: solid; border-color: #000000; height: 20px; text-align: center;\"><span style=\"color: #000000;\"><strong>2<\/strong><\/span><\/td>\n<td style=\"width: 18.6329%; border-style: solid; border-color: #000000; height: 20px;\"><span style=\"color: #000000;\">SS 413011 DP<\/span><\/td>\n<td style=\"width: 22.3783%; border-style: solid; border-color: #000000; height: 20px; text-align: center;\"><span style=\"color: #000000;\">SOS\u0130S SIYIRMA<\/span><\/td>\n<td style=\"width: 41.9944%; border-style: solid; border-color: #000000; height: 20px;\"><span style=\"color: #000000;\">DEDEKTE ED\u0130LEB\u0130LEN PLAST\u0130K<\/span><\/td>\n<td style=\"width: 14.279%; border-style: solid; border-color: #000000; height: 20px; text-align: center;\"><span style=\"color: #000000;\">MAV\u0130<\/span><\/td>\n<\/tr>\n<tr style=\"height: 20px;\">\n<td style=\"border-style: solid; border-color: #000000; width: 100%; height: 10px;\" colspan=\"5\"><span style=\"color: #000000;\"><strong>*<\/strong> \u00dcR\u00dcNLERDE PASLANMAZ \u00c7EL\u0130KTEN 3 A\u00c7ILI KESK\u0130N J\u0130LET KULLANILMAKTADIR<\/span><\/td>\n<\/tr>\n<\/tbody>\n<\/table>\n<\/div>\n<div class=\"row\" id=\"row-1560166843\">\n<div id=\"col-1759606392\" class=\"col small-12 large-12\">\n<div class=\"col-inner\">\n<div class=\"product-price-container is-xxlarge\">\n<div class=\"price-wrapper\">\n<p class=\"price product-page-price \">\n<\/div>\n<\/div>\n<div class=\"add-to-cart-container form-normal is-normal\"><\/div>\n<\/p><\/div>\n<\/p><\/div>\n<\/div><\/div>\n","protected":false},"featured_media":2389,"comment_status":"closed","ping_status":"closed","template":"","meta":[],"product_cat":[221,222],"product_tag":[],"class_list":{"0":"post-2388","1":"product","2":"type-product","3":"status-publish","4":"has-post-thumbnail","6":"product_cat-machine-knife","7":"product_cat-sausage-scraper-knife","9":"first","10":"instock","11":"shipping-taxable","12":"product-type-simple"},"aioseo_notices":[],"_links":{"self":[{"href":"https:\/\/erayman.com\/en\/wp-json\/wp\/v2\/product\/2388"}],"collection":[{"href":"https:\/\/erayman.com\/en\/wp-json\/wp\/v2\/product"}],"about":[{"href":"https:\/\/erayman.com\/en\/wp-json\/wp\/v2\/types\/product"}],"replies":[{"embeddable":true,"href":"https:\/\/erayman.com\/en\/wp-json\/wp\/v2\/comments?post=2388"}],"wp:featuredmedia":[{"embeddable":true,"href":"https:\/\/erayman.com\/en\/wp-json\/wp\/v2\/media\/2389"}],"wp:attachment":[{"href":"https:\/\/erayman.com\/en\/wp-json\/wp\/v2\/media?parent=2388"}],"wp:term":[{"taxonomy":"product_cat","embeddable":true,"href":"https:\/\/erayman.com\/en\/wp-json\/wp\/v2\/product_cat?post=2388"},{"taxonomy":"product_tag","embeddable":true,"href":"https:\/\/erayman.com\/en\/wp-json\/wp\/v2\/product_tag?post=2388"}],"curies":[{"name":"wp","href":"https:\/\/api.w.org\/{rel}","templated":true}]}}