{"id":2378,"date":"2024-10-09T16:16:48","date_gmt":"2024-10-09T13:16:48","guid":{"rendered":"https:\/\/erayman.com\/en\/product\/p9-ss-capak-alma-hobi-el-bicagi-2xyuvali-vida\/"},"modified":"2024-10-16T01:24:26","modified_gmt":"2024-10-15T22:24:26","slug":"p9-ss-deburring-hobby-hand-knife-2xslot-screw","status":"publish","type":"product","link":"https:\/\/erayman.com\/en\/product\/p9-ss-deburring-hobby-hand-knife-2xslot-screw\/","title":{"rendered":"P9-SS DEBURRING \/ HOBBY HAND KNIFE \u2013 2xSLOT SCREW"},"content":{"rendered":"","protected":false},"excerpt":{"rendered":"<div class=\"row\" id=\"row-250045056\">\n<div id=\"col-793770397\" class=\"col product-kdv small-12 large-12\">\n<div class=\"col-inner\">\n<h4 style=\"text-align: left;\"><span style=\"color: #000000;\"><strong class=\"pdesc\">\u00dcR\u00dcN A\u00c7IKLAMASI<\/strong><\/span><\/h4>\n<div class=\"product-short-description\">\n<table style=\"height: 81px; width: 100.103%; border-collapse: collapse; border-style: solid; border-color: #000000;\">\n<tbody>\n<tr style=\"height: 20px;\">\n<td style=\"width: 3.93258%; height: 11px; border-style: solid; border-color: #000000; background-color: #cccccc; text-align: center;\"><span style=\"color: #000000;\"><strong>#<\/strong><\/span><\/td>\n<td style=\"width: 38.5768%; height: 11px; border-style: solid; border-color: #000000; background-color: #cccccc; text-align: center;\"><span style=\"color: #000000;\"><strong>\u00dcR\u00dcN G\u00d6RSEL\u0130<\/strong><\/span><\/td>\n<td style=\"width: 57.3034%; height: 11px; border-style: solid; border-color: #000000; background-color: #cccccc; text-align: center;\" colspan=\"2\"><span style=\"color: #000000;\"><strong>\u00d6ZELL\u0130KLER<\/strong><\/span><\/td>\n<\/tr>\n<tr style=\"height: 20px;\">\n<td style=\"width: 3.93258%; height: 70px; border-style: solid; border-color: #000000; text-align: center;\" rowspan=\"5\"><span style=\"color: #000000;\"><strong>1<\/strong><\/span><\/td>\n<td style=\"width: 38.5768%; height: 70px; border-style: solid; border-color: #000000; text-align: center;\" rowspan=\"5\"><a href=\"https:\/\/alyatekstil.com\/wp-content\/uploads\/2021\/03\/Mozart-2512.00-Deko-G-Kopya.jpg\"><img loading=\"lazy\" decoding=\"async\" class=\"size-full wp-image-10248 aligncenter\" src=\"https:\/\/alyatekstil.com\/wp-content\/uploads\/2021\/03\/Mozart-2512.00-Deko-G-Kopya.jpg\" alt=\"\" width=\"1424\" height=\"961\"><\/a><\/td>\n<td style=\"width: 11.0487%; height: 10px; border-style: solid; border-color: #000000; text-align: right;\"><span style=\"color: #000000;\"><strong>KOD:<\/strong><\/span><\/td>\n<td style=\"width: 46.2547%; height: 10px; border-style: solid; border-color: #000000; text-align: center;\"><span style=\"color: #000000;\">P9-SS 1226<\/span><\/td>\n<\/tr>\n<tr style=\"height: 20px;\">\n<td style=\"width: 11.0487%; height: 10px; border-style: solid; border-color: #000000; text-align: right;\"><span style=\"color: #000000;\"><strong>\u00dcR\u00dcN:<\/strong><\/span><\/td>\n<td style=\"width: 46.2547%; height: 10px; border-style: solid; border-color: #000000; text-align: center;\"><span style=\"color: #000000;\">P9-SS Klasik Tip El B\u0131\u00e7a\u011f\u0131 \u2013 2xYuva Vidal\u0131<\/span><\/td>\n<\/tr>\n<tr style=\"height: 20px;\">\n<td style=\"width: 11.0487%; height: 20px; border-style: solid; border-color: #000000; text-align: right;\"><span style=\"color: #000000;\"><strong>KAPAK:<\/strong><\/span><\/td>\n<td style=\"width: 46.2547%; height: 20px; border-style: solid; border-color: #000000; text-align: center;\"><span style=\"color: #000000;\">Plastik Kapak<\/span><\/td>\n<\/tr>\n<tr style=\"height: 20px;\">\n<td style=\"width: 11.0487%; height: 20px; border-style: solid; border-color: #000000; text-align: right;\"><span style=\"color: #000000;\"><strong>PAKET:<\/strong><\/span><\/td>\n<td style=\"width: 46.2547%; height: 20px; border-style: solid; border-color: #000000; text-align: center;\"><span style=\"color: #000000;\">20\u2019li Serbest Karton Kutu<\/span><\/td>\n<\/tr>\n<tr style=\"height: 20px;\">\n<td style=\"width: 11.0487%; height: 10px; border-style: solid; border-color: #000000; text-align: right;\"><span style=\"color: #000000;\"><strong>BI\u00c7AK:<\/strong><\/span><\/td>\n<td style=\"width: 46.2547%; height: 10px; border-style: solid; border-color: #000000; text-align: center;\"><span style=\"color: #000000;\">G01 (1 Adet)<\/span><\/td>\n<\/tr>\n<\/tbody>\n<\/table>\n<\/div>\n<div class=\"row\" id=\"row-813962408\">\n<div id=\"col-1166284724\" class=\"col small-12 large-12\">\n<div class=\"col-inner\">\n<div class=\"product-price-container is-xxlarge\">\n<div class=\"price-wrapper\">\n<p class=\"price product-page-price \">\n<\/div>\n<\/div>\n<div class=\"add-to-cart-container form-normal is-normal\"><\/div>\n<\/p><\/div>\n<\/p><\/div>\n<\/div><\/div>\n<\/p><\/div>\n<\/div>\n","protected":false},"featured_media":2379,"comment_status":"closed","ping_status":"closed","template":"","meta":[],"product_cat":[220],"product_tag":[],"class_list":{"0":"post-2378","1":"product","2":"type-product","3":"status-publish","4":"has-post-thumbnail","6":"product_cat-deburring-hobby-knife","8":"first","9":"instock","10":"shipping-taxable","11":"product-type-simple"},"aioseo_notices":[],"_links":{"self":[{"href":"https:\/\/erayman.com\/en\/wp-json\/wp\/v2\/product\/2378"}],"collection":[{"href":"https:\/\/erayman.com\/en\/wp-json\/wp\/v2\/product"}],"about":[{"href":"https:\/\/erayman.com\/en\/wp-json\/wp\/v2\/types\/product"}],"replies":[{"embeddable":true,"href":"https:\/\/erayman.com\/en\/wp-json\/wp\/v2\/comments?post=2378"}],"wp:featuredmedia":[{"embeddable":true,"href":"https:\/\/erayman.com\/en\/wp-json\/wp\/v2\/media\/2379"}],"wp:attachment":[{"href":"https:\/\/erayman.com\/en\/wp-json\/wp\/v2\/media?parent=2378"}],"wp:term":[{"taxonomy":"product_cat","embeddable":true,"href":"https:\/\/erayman.com\/en\/wp-json\/wp\/v2\/product_cat?post=2378"},{"taxonomy":"product_tag","embeddable":true,"href":"https:\/\/erayman.com\/en\/wp-json\/wp\/v2\/product_tag?post=2378"}],"curies":[{"name":"wp","href":"https:\/\/api.w.org\/{rel}","templated":true}]}}