{"id":2366,"date":"2024-10-09T16:24:01","date_gmt":"2024-10-09T13:24:01","guid":{"rendered":"https:\/\/erayman.com\/en\/product\/g01-capak-alma-bicagi-evrensel-tip\/"},"modified":"2024-10-16T01:22:20","modified_gmt":"2024-10-15T22:22:20","slug":"g01-deburring-blade-universal-type","status":"publish","type":"product","link":"https:\/\/erayman.com\/en\/product\/g01-deburring-blade-universal-type\/","title":{"rendered":"G01 DEBURRING BLADE \u2013 UNIVERSAL TYPE"},"content":{"rendered":"","protected":false},"excerpt":{"rendered":"<div class=\"row\" id=\"row-1766793254\">\n<div id=\"col-856300421\" class=\"col product-kdv small-12 large-12\">\n<div class=\"col-inner\">\n<h4 style=\"text-align: left;\"><span style=\"color: #000000;\"><strong class=\"pdesc\">\u00dcR\u00dcN A\u00c7IKLAMASI<\/strong><\/span><\/h4>\n<div class=\"product-short-description\">\n<table style=\"height: 193px; width: 100.103%; border-collapse: collapse; border-style: solid; border-color: #000000;\">\n<tbody>\n<tr style=\"height: 20px;\">\n<td style=\"width: 18px; height: 20px; border-style: solid; border-color: #000000; background-color: #cccccc; text-align: center;\"><span style=\"color: #000000;\"><strong>#<\/strong><\/span><\/td>\n<td style=\"width: 197.429px; height: 20px; border-style: solid; border-color: #000000; background-color: #cccccc; text-align: center;\"><span style=\"color: #000000;\"><strong>\u00dcR\u00dcN G\u00d6RSEL\u0130<\/strong><\/span><\/td>\n<td style=\"width: 294.571px; height: 20px; border-style: solid; border-color: #000000; background-color: #cccccc; text-align: center;\" colspan=\"2\"><span style=\"color: #000000;\"><strong>\u00d6ZELL\u0130KLER<\/strong><\/span><\/td>\n<\/tr>\n<tr style=\"height: 20px;\">\n<td style=\"width: 18px; height: 80px; border-style: solid; border-color: #000000; text-align: center;\" rowspan=\"6\"><span style=\"color: #000000;\"><strong>1<\/strong><\/span><\/td>\n<td style=\"width: 197.429px; height: 80px; border-style: solid; border-color: #000000; text-align: center;\" rowspan=\"6\"><span style=\"color: #000000;\"><a style=\"color: #000000;\" href=\"https:\/\/alyatekstil.com\/wp-content\/uploads\/2021\/03\/MOZART-Precision-Safety.jpg\"><img loading=\"lazy\" decoding=\"async\" class=\"size-full wp-image-10273 aligncenter\" src=\"https:\/\/alyatekstil.com\/wp-content\/uploads\/2021\/03\/MOZART-Precision-Safety.jpg\" alt=\"\" width=\"1321\" height=\"909\"><\/a><\/span><\/td>\n<td style=\"width: 55.1429px; height: 10px; border-style: solid; border-color: #000000; text-align: right;\"><span style=\"color: #000000;\"><strong>KOD:<\/strong><\/span><\/td>\n<td style=\"width: 236.857px; height: 10px; border-style: solid; border-color: #000000; text-align: center;\"><span style=\"color: #000000;\">G01 2057<\/span><\/td>\n<\/tr>\n<tr style=\"height: 20px;\">\n<td style=\"width: 55.1429px; height: 10px; border-style: solid; border-color: #000000; text-align: right;\"><span style=\"color: #000000;\"><strong>\u00dcR\u00dcN:<\/strong><\/span><\/td>\n<td style=\"width: 236.857px; height: 10px; border-style: solid; border-color: #000000; text-align: center;\"><span style=\"color: #000000;\"><strong>G01<\/strong> B\u0131\u00e7ak Ucu PB-2 Evrensel Tip<\/span><\/td>\n<\/tr>\n<tr style=\"height: 20px;\">\n<td style=\"width: 55.1429px; height: 20px; border-style: solid; border-color: #000000; text-align: right;\"><span style=\"color: #000000;\"><strong>\u00d6L\u00c7\u00dc:<\/strong><\/span><\/td>\n<td style=\"width: 236.857px; height: 20px; border-style: solid; border-color: #000000; text-align: center;\"><span style=\"color: #000000;\">36.5 x 5.7 x 0.5mm Karbon \u00c7elik<\/span><\/td>\n<\/tr>\n<tr style=\"height: 20px;\">\n<td style=\"width: 55.1429px; height: 20px; border-style: solid; border-color: #000000; text-align: right;\"><span style=\"color: #000000;\"><strong>KAPLAMA:<\/strong><\/span><\/td>\n<td style=\"width: 236.857px; height: 20px; border-style: solid; border-color: #000000; text-align: center;\"><span style=\"color: #000000;\">YOK<\/span><\/td>\n<\/tr>\n<tr style=\"height: 10px;\">\n<td style=\"width: 55.1429px; border-style: solid; border-color: #000000; text-align: right; height: 10px;\"><span style=\"color: #000000;\"><strong>BI\u00c7AK:<\/strong><\/span><\/td>\n<td style=\"width: 236.857px; border-style: solid; border-color: #000000; text-align: center; height: 10px;\"><span style=\"color: #000000;\"><a style=\"color: #000000;\" href=\"https:\/\/alyatekstil.com\/wp-content\/uploads\/2021\/03\/Mozart-511.050-scaled.jpg\"><img loading=\"lazy\" decoding=\"async\" class=\" wp-image-10329 aligncenter\" src=\"https:\/\/alyatekstil.com\/wp-content\/uploads\/2021\/03\/Mozart-511.050-scaled.jpg\" alt=\"\" width=\"231\" height=\"46\"><\/a><\/span><\/td>\n<\/tr>\n<tr style=\"height: 20px;\">\n<td style=\"width: 55.1429px; height: 10px; border-style: solid; border-color: #000000; text-align: right;\"><span style=\"color: #000000;\"><strong>PAKET:<\/strong><\/span><\/td>\n<td style=\"width: 236.857px; height: 10px; border-style: solid; border-color: #000000; text-align: center;\"><span style=\"color: #000000;\">10 x 100\u2019l\u00fc Dispenser \u2013 1000\u2019li Karton Kutu<\/span><\/td>\n<\/tr>\n<tr style=\"height: 20px;\">\n<td style=\"width: 515.143px; border-style: solid; border-color: #000000; height: 13px; background-color: #cccccc; text-align: center;\" colspan=\"4\"><\/td>\n<\/tr>\n<tr style=\"height: 20px;\">\n<td style=\"width: 18px; border-style: solid; border-color: #000000; height: 80px; text-align: center;\" rowspan=\"6\"><span style=\"color: #000000;\"><strong>2<\/strong><\/span><\/td>\n<td style=\"width: 197.429px; border-style: solid; border-color: #000000; height: 80px; text-align: center;\" rowspan=\"6\"><span style=\"color: #000000;\"><a style=\"color: #000000;\" href=\"https:\/\/alyatekstil.com\/wp-content\/uploads\/2021\/03\/MOZART-Precision-Safety.jpg\"><img loading=\"lazy\" decoding=\"async\" class=\"size-full wp-image-10273 aligncenter\" src=\"https:\/\/alyatekstil.com\/wp-content\/uploads\/2021\/03\/MOZART-Precision-Safety.jpg\" alt=\"\" width=\"1321\" height=\"909\"><\/a><\/span><\/td>\n<td style=\"width: 55.1429px; height: 10px; border-style: solid; border-color: #000000; text-align: right;\"><span style=\"color: #000000;\"><strong>KOD:<\/strong><\/span><\/td>\n<td style=\"width: 236.857px; height: 10px; border-style: solid; border-color: #000000; text-align: center;\"><span style=\"color: #000000;\">G01 511.055<\/span><\/td>\n<\/tr>\n<tr style=\"height: 20px;\">\n<td style=\"width: 55.1429px; height: 10px; border-style: solid; border-color: #000000; text-align: right;\"><span style=\"color: #000000;\"><strong>\u00dcR\u00dcN:<\/strong><\/span><\/td>\n<td style=\"width: 236.857px; height: 10px; border-style: solid; border-color: #000000; text-align: center;\"><span style=\"color: #000000;\"><strong>G01 TiN<\/strong> B\u0131\u00e7ak Ucu PB-2 Evrensel Tip<\/span><\/td>\n<\/tr>\n<tr style=\"height: 20px;\">\n<td style=\"width: 55.1429px; height: 20px; border-style: solid; border-color: #000000; text-align: right;\"><span style=\"color: #000000;\"><strong>\u00d6L\u00c7\u00dc:<\/strong><\/span><\/td>\n<td style=\"width: 236.857px; height: 20px; border-style: solid; border-color: #000000; text-align: center;\"><span style=\"color: #000000;\">36.5 x 5.7 x 0.5mm Karbon \u00c7elik<\/span><\/td>\n<\/tr>\n<tr style=\"height: 20px;\">\n<td style=\"width: 55.1429px; height: 20px; border-style: solid; border-color: #000000; text-align: right;\"><span style=\"color: #000000;\"><strong>KAPLAMA:<\/strong><\/span><\/td>\n<td style=\"width: 236.857px; height: 20px; border-style: solid; border-color: #000000; text-align: center;\"><span style=\"color: #000000;\">TiN \u2013 Titanyum Nitr\u00fcr Kaplama<\/span><\/td>\n<\/tr>\n<tr style=\"height: 15px;\">\n<td style=\"width: 55.1429px; border-style: solid; border-color: #000000; text-align: right; height: 10px;\"><span style=\"color: #000000;\"><strong>BI\u00c7AK:<\/strong><\/span><\/td>\n<td style=\"width: 236.857px; border-style: solid; border-color: #000000; text-align: center; height: 10px;\"><span style=\"color: #000000;\"><a style=\"color: #000000;\" href=\"https:\/\/alyatekstil.com\/wp-content\/uploads\/2021\/03\/Mozart-90.511.050-scaled.jpg\"><img loading=\"lazy\" decoding=\"async\" class=\" wp-image-10330 aligncenter\" src=\"https:\/\/alyatekstil.com\/wp-content\/uploads\/2021\/03\/Mozart-90.511.050-scaled.jpg\" alt=\"\" width=\"222\" height=\"45\"><\/a><\/span><\/td>\n<\/tr>\n<tr style=\"height: 20px;\">\n<td style=\"width: 55.1429px; height: 10px; border-style: solid; border-color: #000000; text-align: right;\"><span style=\"color: #000000;\"><strong>PAKET:<\/strong><\/span><\/td>\n<td style=\"width: 236.857px; height: 10px; border-style: solid; border-color: #000000; text-align: center;\"><span style=\"color: #000000;\">10 x 100\u2019l\u00fc Dispenser \u2013 1000\u2019li Karton Kutu<\/span><\/td>\n<\/tr>\n<\/tbody>\n<\/table>\n<\/div>\n<div class=\"row\" id=\"row-767074900\">\n<div id=\"col-1636410051\" class=\"col small-12 large-12\">\n<div class=\"col-inner\">\n<div class=\"product-price-container is-xxlarge\">\n<div class=\"price-wrapper\">\n<p class=\"price product-page-price \">\n<\/div>\n<\/div>\n<div class=\"add-to-cart-container form-normal is-normal\"><\/div>\n<\/p><\/div>\n<\/p><\/div>\n<\/div><\/div>\n<\/p><\/div>\n<\/div>\n","protected":false},"featured_media":2367,"comment_status":"closed","ping_status":"closed","template":"","meta":[],"product_cat":[220],"product_tag":[],"class_list":{"0":"post-2366","1":"product","2":"type-product","3":"status-publish","4":"has-post-thumbnail","6":"product_cat-deburring-hobby-knife","8":"first","9":"instock","10":"shipping-taxable","11":"product-type-simple"},"aioseo_notices":[],"_links":{"self":[{"href":"https:\/\/erayman.com\/en\/wp-json\/wp\/v2\/product\/2366"}],"collection":[{"href":"https:\/\/erayman.com\/en\/wp-json\/wp\/v2\/product"}],"about":[{"href":"https:\/\/erayman.com\/en\/wp-json\/wp\/v2\/types\/product"}],"replies":[{"embeddable":true,"href":"https:\/\/erayman.com\/en\/wp-json\/wp\/v2\/comments?post=2366"}],"wp:featuredmedia":[{"embeddable":true,"href":"https:\/\/erayman.com\/en\/wp-json\/wp\/v2\/media\/2367"}],"wp:attachment":[{"href":"https:\/\/erayman.com\/en\/wp-json\/wp\/v2\/media?parent=2366"}],"wp:term":[{"taxonomy":"product_cat","embeddable":true,"href":"https:\/\/erayman.com\/en\/wp-json\/wp\/v2\/product_cat?post=2366"},{"taxonomy":"product_tag","embeddable":true,"href":"https:\/\/erayman.com\/en\/wp-json\/wp\/v2\/product_tag?post=2366"}],"curies":[{"name":"wp","href":"https:\/\/api.w.org\/{rel}","templated":true}]}}