{"id":3208,"date":"2024-09-24T17:09:11","date_gmt":"2024-09-24T14:09:11","guid":{"rendered":"https:\/\/erayman.com\/en\/e-katalog\/"},"modified":"2024-10-17T15:43:30","modified_gmt":"2024-10-17T12:43:30","slug":"e-catolog","status":"publish","type":"page","link":"https:\/\/erayman.com\/en\/e-catolog\/","title":{"rendered":"E-Catolog"},"content":{"rendered":"<div class=\"row\"  id=\"row-1325135759\">\n\n\n\t<div id=\"col-1930763717\" class=\"col small-12 large-12\"  >\n\t\t\t\t<div class=\"col-inner\"  >\n\t\t\t\n\t\t\t\n\n\t<div id=\"text-2925806902\" class=\"text\">\n\t\t\n\n<p>Dear Customers,<\/p>\n<p>We are happy to present to you our e-catalogue, which we have prepared to introduce you more closely to the products and services we offer as Erayman. With our innovative approach, we always aim to provide you with the best quality products and the best service.<\/p>\n<p>In our catalogue, you can find detailed information about our wide product range and easily examine the options that best suit your needs. We set customer satisfaction as our primary goal and continue to improve ourselves to offer the best solutions for you.<\/p>\n<p>By cooperating with Erayman, get one step closer to quality products and reliable service. Do not hesitate to contact us for any questions and requests.<\/p>\n<p>We wish you a good reading!<\/p>\n<p>Best regards,<br \/>Erayman Team<\/p>\n\t\t\n<style>\n#text-2925806902 {\n  color: rgb(0,0,0);\n}\n#text-2925806902 > * {\n  color: rgb(0,0,0);\n}\n<\/style>\n\t<\/div>\n\t\n\n\t\t<\/div>\n\t\t\t\t\t<\/div>\n\n\t\n\n<\/div>\n<div class=\"row row-dashed\"  id=\"row-129443338\">\n\n\n\t<div id=\"col-2110430556\" class=\"col medium-3 small-6 large-3\"  >\n\t\t\t\t<div class=\"col-inner\"  >\n\t\t\t\n\t\t\t\n\n\t<div class=\"box has-hover   has-hover box-text-bottom\" >\n\n\t\t<div class=\"box-image\" >\n\t\t\t<a href=\"https:\/\/erayman.com\/wp-content\/uploads\/2024\/09\/Ambalaj-Acma-Bicaklari-sikistirildi-min-2.pdf\" target=\"_blank\" rel=\"noopener\" >\t\t\t<div class=\"image-cover\" style=\"padding-top:200%;\">\n\t\t\t\t<img loading=\"lazy\" decoding=\"async\" width=\"1412\" height=\"1008\" src=\"https:\/\/erayman.com\/en\/wp-content\/uploads\/sites\/2\/2024\/10\/Ambalaj-Acma-Bicaklari-sikistirildi-min-3-pdf.jpg\" class=\"attachment- size-\" alt=\"\" srcset=\"https:\/\/erayman.com\/en\/wp-content\/uploads\/sites\/2\/2024\/10\/Ambalaj-Acma-Bicaklari-sikistirildi-min-3-pdf.jpg 1412w, https:\/\/erayman.com\/en\/wp-content\/uploads\/sites\/2\/2024\/10\/Ambalaj-Acma-Bicaklari-sikistirildi-min-3-pdf-560x400.jpg 560w, https:\/\/erayman.com\/en\/wp-content\/uploads\/sites\/2\/2024\/10\/Ambalaj-Acma-Bicaklari-sikistirildi-min-3-pdf-1121x800.jpg 1121w, https:\/\/erayman.com\/en\/wp-content\/uploads\/sites\/2\/2024\/10\/Ambalaj-Acma-Bicaklari-sikistirildi-min-3-pdf-768x548.jpg 768w, https:\/\/erayman.com\/en\/wp-content\/uploads\/sites\/2\/2024\/10\/Ambalaj-Acma-Bicaklari-sikistirildi-min-3-pdf-510x364.jpg 510w\" sizes=\"(max-width: 1412px) 100vw, 1412px\" \/>\t\t\t\t\t\t\t\t\t\t\t<\/div>\n\t\t\t<\/a>\t\t<\/div>\n\n\t\t<div class=\"box-text text-center\" >\n\t\t\t<div class=\"box-text-inner\">\n\t\t\t\t\n\n\t<div id=\"text-2320948114\" class=\"text\">\n\t\t\n\n<h4>Unpacking Knives<\/h4>\n\t\t\n<style>\n#text-2320948114 {\n  font-size: 0.85rem;\n  line-height: 0.85;\n  color: rgb(0,0,0);\n}\n#text-2320948114 > * {\n  color: rgb(0,0,0);\n}\n<\/style>\n\t<\/div>\n\t\n\n\t\t\t<\/div>\n\t\t<\/div>\n\t<\/div>\n\t\n\n\t\t<\/div>\n\t\t\t\t\t<\/div>\n\n\t\n\n\t<div id=\"col-1469449426\" class=\"col medium-3 small-6 large-3\"  >\n\t\t\t\t<div class=\"col-inner\"  >\n\t\t\t\n\t\t\t\n\n\t<div class=\"box has-hover   has-hover box-text-bottom\" >\n\n\t\t<div class=\"box-image\" >\n\t\t\t<a href=\"https:\/\/erayman.com\/wp-content\/uploads\/2024\/09\/Celik-Kopca-Urun-Katalogu-4.pdf\" >\t\t\t<div class=\"image-cover\" style=\"padding-top:200%;\">\n\t\t\t\t<img loading=\"lazy\" decoding=\"async\" width=\"1058\" height=\"1497\" src=\"https:\/\/erayman.com\/en\/wp-content\/uploads\/sites\/2\/2024\/10\/Celik-Kopca-Urun-Katalogu-4-pdf.jpg\" class=\"attachment- size-\" alt=\"\" srcset=\"https:\/\/erayman.com\/en\/wp-content\/uploads\/sites\/2\/2024\/10\/Celik-Kopca-Urun-Katalogu-4-pdf.jpg 1058w, https:\/\/erayman.com\/en\/wp-content\/uploads\/sites\/2\/2024\/10\/Celik-Kopca-Urun-Katalogu-4-pdf-283x400.jpg 283w, https:\/\/erayman.com\/en\/wp-content\/uploads\/sites\/2\/2024\/10\/Celik-Kopca-Urun-Katalogu-4-pdf-565x800.jpg 565w, https:\/\/erayman.com\/en\/wp-content\/uploads\/sites\/2\/2024\/10\/Celik-Kopca-Urun-Katalogu-4-pdf-768x1087.jpg 768w, https:\/\/erayman.com\/en\/wp-content\/uploads\/sites\/2\/2024\/10\/Celik-Kopca-Urun-Katalogu-4-pdf-510x722.jpg 510w\" sizes=\"(max-width: 1058px) 100vw, 1058px\" \/>\t\t\t\t\t\t\t\t\t\t\t<\/div>\n\t\t\t<\/a>\t\t<\/div>\n\n\t\t<div class=\"box-text text-center\" >\n\t\t\t<div class=\"box-text-inner\">\n\t\t\t\t\n\n\t<div id=\"text-3050851482\" class=\"text\">\n\t\t\n\n<h4>Steel Traveler Product Catalog<\/h4>\n\t\t\n<style>\n#text-3050851482 {\n  font-size: 0.85rem;\n  line-height: 0.85;\n  color: rgb(0,0,0);\n}\n#text-3050851482 > * {\n  color: rgb(0,0,0);\n}\n<\/style>\n\t<\/div>\n\t\n\n\t\t\t<\/div>\n\t\t<\/div>\n\t<\/div>\n\t\n\n\t\t<\/div>\n\t\t\t\t\t<\/div>\n\n\t\n\n\t<div id=\"col-1871385960\" class=\"col medium-3 small-6 large-3\"  >\n\t\t\t\t<div class=\"col-inner\"  >\n\t\t\t\n\t\t\t\n\n\t<div class=\"box has-hover   has-hover box-text-bottom\" >\n\n\t\t<div class=\"box-image\" >\n\t\t\t<a href=\"https:\/\/erayman.com\/wp-content\/uploads\/2024\/09\/Celik-Kopca-Urun-Katalogu-4.pdf\" >\t\t\t<div class=\"image-cover\" style=\"padding-top:200%;\">\n\t\t\t\t<img loading=\"lazy\" decoding=\"async\" width=\"1058\" height=\"1497\" src=\"https:\/\/erayman.com\/en\/wp-content\/uploads\/sites\/2\/2024\/10\/Plastik-Kopca-ve-Aksesuarlari-Urun-Katalogu-1-pdf.jpg\" class=\"attachment- size-\" alt=\"\" srcset=\"https:\/\/erayman.com\/en\/wp-content\/uploads\/sites\/2\/2024\/10\/Plastik-Kopca-ve-Aksesuarlari-Urun-Katalogu-1-pdf.jpg 1058w, https:\/\/erayman.com\/en\/wp-content\/uploads\/sites\/2\/2024\/10\/Plastik-Kopca-ve-Aksesuarlari-Urun-Katalogu-1-pdf-283x400.jpg 283w, https:\/\/erayman.com\/en\/wp-content\/uploads\/sites\/2\/2024\/10\/Plastik-Kopca-ve-Aksesuarlari-Urun-Katalogu-1-pdf-565x800.jpg 565w, https:\/\/erayman.com\/en\/wp-content\/uploads\/sites\/2\/2024\/10\/Plastik-Kopca-ve-Aksesuarlari-Urun-Katalogu-1-pdf-768x1087.jpg 768w, https:\/\/erayman.com\/en\/wp-content\/uploads\/sites\/2\/2024\/10\/Plastik-Kopca-ve-Aksesuarlari-Urun-Katalogu-1-pdf-510x722.jpg 510w\" sizes=\"(max-width: 1058px) 100vw, 1058px\" \/>\t\t\t\t\t\t\t\t\t\t\t<\/div>\n\t\t\t<\/a>\t\t<\/div>\n\n\t\t<div class=\"box-text text-center\" >\n\t\t\t<div class=\"box-text-inner\">\n\t\t\t\t\n\n\t<div id=\"text-1426706361\" class=\"text\">\n\t\t\n\n<p><strong><span style=\"color: #282828;\">Plastic Buckles and Accessories Product Catalog<\/span><\/strong><\/p>\n\t\t\n<style>\n#text-1426706361 {\n  font-size: 0.85rem;\n  line-height: 0.85;\n  color: rgb(0,0,0);\n}\n#text-1426706361 > * {\n  color: rgb(0,0,0);\n}\n<\/style>\n\t<\/div>\n\t\n\n\t\t\t<\/div>\n\t\t<\/div>\n\t<\/div>\n\t\n\n\t\t<\/div>\n\t\t\t\t\t<\/div>\n\n\t\n\n\t<div id=\"col-1004853946\" class=\"col medium-3 small-6 large-3\"  >\n\t\t\t\t<div class=\"col-inner\"  >\n\t\t\t\n\t\t\t\n\n\t<div class=\"box has-hover   has-hover box-text-bottom\" >\n\n\t\t<div class=\"box-image\" >\n\t\t\t\t\t\t<div class=\"image-cover\" style=\"padding-top:200%;\">\n\t\t\t\t<img loading=\"lazy\" decoding=\"async\" width=\"1058\" height=\"1497\" src=\"https:\/\/erayman.com\/en\/wp-content\/uploads\/sites\/2\/2024\/10\/Ambalaj-Acma-Bicaklari-sikistirildi-min-4-pdf.jpg\" class=\"attachment- size-\" alt=\"\" srcset=\"https:\/\/erayman.com\/en\/wp-content\/uploads\/sites\/2\/2024\/10\/Ambalaj-Acma-Bicaklari-sikistirildi-min-4-pdf.jpg 1058w, https:\/\/erayman.com\/en\/wp-content\/uploads\/sites\/2\/2024\/10\/Ambalaj-Acma-Bicaklari-sikistirildi-min-4-pdf-283x400.jpg 283w, https:\/\/erayman.com\/en\/wp-content\/uploads\/sites\/2\/2024\/10\/Ambalaj-Acma-Bicaklari-sikistirildi-min-4-pdf-565x800.jpg 565w, https:\/\/erayman.com\/en\/wp-content\/uploads\/sites\/2\/2024\/10\/Ambalaj-Acma-Bicaklari-sikistirildi-min-4-pdf-768x1087.jpg 768w, https:\/\/erayman.com\/en\/wp-content\/uploads\/sites\/2\/2024\/10\/Ambalaj-Acma-Bicaklari-sikistirildi-min-4-pdf-510x722.jpg 510w\" sizes=\"(max-width: 1058px) 100vw, 1058px\" \/>\t\t\t\t\t\t\t\t\t\t\t<\/div>\n\t\t\t\t\t<\/div>\n\n\t\t<div class=\"box-text text-center\" >\n\t\t\t<div class=\"box-text-inner\">\n\t\t\t\t\n\n\t<div id=\"text-226863476\" class=\"text\">\n\t\t\n\n<h4>Industrial Blades<br \/>Product Catalog<\/h4>\n\t\t\n<style>\n#text-226863476 {\n  font-size: 0.85rem;\n  line-height: 0.85;\n  color: rgb(0,0,0);\n}\n#text-226863476 > * {\n  color: rgb(0,0,0);\n}\n<\/style>\n\t<\/div>\n\t\n\n\t\t\t<\/div>\n\t\t<\/div>\n\t<\/div>\n\t\n\n\t\t<\/div>\n\t\t\t\t\t<\/div>\n\n\t\n\n<\/div>\n<div class=\"row row-dashed\"  id=\"row-191148211\">\n\n\n\t<div id=\"col-1148826161\" class=\"col medium-3 small-6 large-3\"  >\n\t\t\t\t<div class=\"col-inner\"  >\n\t\t\t\n\t\t\t\n\n\t<div class=\"box has-hover   has-hover box-text-bottom\" >\n\n\t\t<div class=\"box-image\" >\n\t\t\t<a href=\"https:\/\/erayman.com\/wp-content\/uploads\/2024\/09\/Ambalaj-Acma-Bicaklari-sikistirildi-min-2.pdf\" target=\"_blank\" rel=\"noopener\" >\t\t\t<div class=\"image-cover\" style=\"padding-top:200%;\">\n\t\t\t\t<img loading=\"lazy\" decoding=\"async\" width=\"1058\" height=\"1497\" src=\"https:\/\/erayman.com\/en\/wp-content\/uploads\/sites\/2\/2024\/10\/Makine-Bicaklari-Urun-Katalogu-pdf.jpg\" class=\"attachment- size-\" alt=\"\" srcset=\"https:\/\/erayman.com\/en\/wp-content\/uploads\/sites\/2\/2024\/10\/Makine-Bicaklari-Urun-Katalogu-pdf.jpg 1058w, https:\/\/erayman.com\/en\/wp-content\/uploads\/sites\/2\/2024\/10\/Makine-Bicaklari-Urun-Katalogu-pdf-283x400.jpg 283w, https:\/\/erayman.com\/en\/wp-content\/uploads\/sites\/2\/2024\/10\/Makine-Bicaklari-Urun-Katalogu-pdf-565x800.jpg 565w, https:\/\/erayman.com\/en\/wp-content\/uploads\/sites\/2\/2024\/10\/Makine-Bicaklari-Urun-Katalogu-pdf-768x1087.jpg 768w, https:\/\/erayman.com\/en\/wp-content\/uploads\/sites\/2\/2024\/10\/Makine-Bicaklari-Urun-Katalogu-pdf-510x722.jpg 510w\" sizes=\"(max-width: 1058px) 100vw, 1058px\" \/>\t\t\t\t\t\t\t\t\t\t\t<\/div>\n\t\t\t<\/a>\t\t<\/div>\n\n\t\t<div class=\"box-text text-center\" >\n\t\t\t<div class=\"box-text-inner\">\n\t\t\t\t\n\n\t<div id=\"text-730832683\" class=\"text\">\n\t\t\n\n<h4>Machine Knives<br \/>Product Catalog<\/h4>\n\t\t\n<style>\n#text-730832683 {\n  font-size: 0.85rem;\n  line-height: 0.85;\n  color: rgb(0,0,0);\n}\n#text-730832683 > * {\n  color: rgb(0,0,0);\n}\n<\/style>\n\t<\/div>\n\t\n\n\t\t\t<\/div>\n\t\t<\/div>\n\t<\/div>\n\t\n\n\t\t<\/div>\n\t\t\t\t\t<\/div>\n\n\t\n\n\t<div id=\"col-151322771\" class=\"col medium-3 small-6 large-3\"  >\n\t\t\t\t<div class=\"col-inner\"  >\n\t\t\t\n\t\t\t\n\n\t<div class=\"box has-hover   has-hover box-text-bottom\" >\n\n\t\t<div class=\"box-image\" >\n\t\t\t<a href=\"https:\/\/erayman.com\/wp-content\/uploads\/2024\/09\/Celik-Kopca-Urun-Katalogu-4.pdf\" >\t\t\t<div class=\"image-cover\" style=\"padding-top:200%;\">\n\t\t\t\t<img loading=\"lazy\" decoding=\"async\" width=\"1176\" height=\"1614\" src=\"https:\/\/erayman.com\/en\/wp-content\/uploads\/sites\/2\/2024\/10\/Is-Guvenligi-El-Bicaklari-Urun-Katalogu-pdf.jpg\" class=\"attachment- size-\" alt=\"\" srcset=\"https:\/\/erayman.com\/en\/wp-content\/uploads\/sites\/2\/2024\/10\/Is-Guvenligi-El-Bicaklari-Urun-Katalogu-pdf.jpg 1176w, https:\/\/erayman.com\/en\/wp-content\/uploads\/sites\/2\/2024\/10\/Is-Guvenligi-El-Bicaklari-Urun-Katalogu-pdf-291x400.jpg 291w, https:\/\/erayman.com\/en\/wp-content\/uploads\/sites\/2\/2024\/10\/Is-Guvenligi-El-Bicaklari-Urun-Katalogu-pdf-583x800.jpg 583w, https:\/\/erayman.com\/en\/wp-content\/uploads\/sites\/2\/2024\/10\/Is-Guvenligi-El-Bicaklari-Urun-Katalogu-pdf-768x1054.jpg 768w, https:\/\/erayman.com\/en\/wp-content\/uploads\/sites\/2\/2024\/10\/Is-Guvenligi-El-Bicaklari-Urun-Katalogu-pdf-1119x1536.jpg 1119w, https:\/\/erayman.com\/en\/wp-content\/uploads\/sites\/2\/2024\/10\/Is-Guvenligi-El-Bicaklari-Urun-Katalogu-pdf-510x700.jpg 510w\" sizes=\"(max-width: 1176px) 100vw, 1176px\" \/>\t\t\t\t\t\t\t\t\t\t\t<\/div>\n\t\t\t<\/a>\t\t<\/div>\n\n\t\t<div class=\"box-text text-center\" >\n\t\t\t<div class=\"box-text-inner\">\n\t\t\t\t\n\n\t<div id=\"text-1436400163\" class=\"text\">\n\t\t\n\n<h4>Work Safety Hand Knives Catalog<\/h4>\n\t\t\n<style>\n#text-1436400163 {\n  font-size: 0.85rem;\n  line-height: 0.85;\n  color: rgb(0,0,0);\n}\n#text-1436400163 > * {\n  color: rgb(0,0,0);\n}\n<\/style>\n\t<\/div>\n\t\n\n\t\t\t<\/div>\n\t\t<\/div>\n\t<\/div>\n\t\n\n\t\t<\/div>\n\t\t\t\t\t<\/div>\n\n\t\n\n\t<div id=\"col-2025336951\" class=\"col medium-3 small-6 large-3\"  >\n\t\t\t\t<div class=\"col-inner\"  >\n\t\t\t\n\t\t\t\n\n\t<div class=\"box has-hover   has-hover box-text-bottom\" >\n\n\t\t<div class=\"box-image\" >\n\t\t\t<a href=\"https:\/\/erayman.com\/wp-content\/uploads\/2024\/09\/Celik-Kopca-Urun-Katalogu-4.pdf\" >\t\t\t<div class=\"image-cover\" style=\"padding-top:200%;\">\n\t\t\t\t<img loading=\"lazy\" decoding=\"async\" width=\"1058\" height=\"1497\" src=\"https:\/\/erayman.com\/en\/wp-content\/uploads\/sites\/2\/2024\/10\/Sonil-Makinasi-Yedek-Parcalari-Katalogu-pdf.jpg\" class=\"attachment- size-\" alt=\"\" srcset=\"https:\/\/erayman.com\/en\/wp-content\/uploads\/sites\/2\/2024\/10\/Sonil-Makinasi-Yedek-Parcalari-Katalogu-pdf.jpg 1058w, https:\/\/erayman.com\/en\/wp-content\/uploads\/sites\/2\/2024\/10\/Sonil-Makinasi-Yedek-Parcalari-Katalogu-pdf-283x400.jpg 283w, https:\/\/erayman.com\/en\/wp-content\/uploads\/sites\/2\/2024\/10\/Sonil-Makinasi-Yedek-Parcalari-Katalogu-pdf-565x800.jpg 565w, https:\/\/erayman.com\/en\/wp-content\/uploads\/sites\/2\/2024\/10\/Sonil-Makinasi-Yedek-Parcalari-Katalogu-pdf-768x1087.jpg 768w, https:\/\/erayman.com\/en\/wp-content\/uploads\/sites\/2\/2024\/10\/Sonil-Makinasi-Yedek-Parcalari-Katalogu-pdf-510x722.jpg 510w\" sizes=\"(max-width: 1058px) 100vw, 1058px\" \/>\t\t\t\t\t\t\t\t\t\t\t<\/div>\n\t\t\t<\/a>\t\t<\/div>\n\n\t\t<div class=\"box-text text-center\" >\n\t\t\t<div class=\"box-text-inner\">\n\t\t\t\t\n\n\t<div id=\"text-1481466294\" class=\"text\">\n\t\t\n\n<h4>Chenille Machine Spare Parts Catalog<\/h4>\n\t\t\n<style>\n#text-1481466294 {\n  font-size: 0.85rem;\n  line-height: 0.85;\n  color: rgb(0,0,0);\n}\n#text-1481466294 > * {\n  color: rgb(0,0,0);\n}\n<\/style>\n\t<\/div>\n\t\n\n\t\t\t<\/div>\n\t\t<\/div>\n\t<\/div>\n\t\n\n\t\t<\/div>\n\t\t\t\t\t<\/div>\n\n\t\n\n\t<div id=\"col-1877669589\" class=\"col medium-3 small-6 large-3\"  >\n\t\t\t\t<div class=\"col-inner\"  >\n\t\t\t\n\t\t\t\n\n\t<div class=\"box has-hover   has-hover box-text-bottom\" >\n\n\t\t<div class=\"box-image\" >\n\t\t\t\t\t\t<div class=\"image-cover\" style=\"padding-top:200%;\">\n\t\t\t\t<img loading=\"lazy\" decoding=\"async\" width=\"1058\" height=\"1497\" src=\"https:\/\/erayman.com\/en\/wp-content\/uploads\/sites\/2\/2024\/10\/Sonil-Makinasi-Yedek-Parcalari-Katalogu-pdf-1.jpg\" class=\"attachment- size-\" alt=\"\" srcset=\"https:\/\/erayman.com\/en\/wp-content\/uploads\/sites\/2\/2024\/10\/Sonil-Makinasi-Yedek-Parcalari-Katalogu-pdf-1.jpg 1058w, https:\/\/erayman.com\/en\/wp-content\/uploads\/sites\/2\/2024\/10\/Sonil-Makinasi-Yedek-Parcalari-Katalogu-pdf-1-283x400.jpg 283w, https:\/\/erayman.com\/en\/wp-content\/uploads\/sites\/2\/2024\/10\/Sonil-Makinasi-Yedek-Parcalari-Katalogu-pdf-1-565x800.jpg 565w, https:\/\/erayman.com\/en\/wp-content\/uploads\/sites\/2\/2024\/10\/Sonil-Makinasi-Yedek-Parcalari-Katalogu-pdf-1-768x1087.jpg 768w, https:\/\/erayman.com\/en\/wp-content\/uploads\/sites\/2\/2024\/10\/Sonil-Makinasi-Yedek-Parcalari-Katalogu-pdf-1-510x722.jpg 510w\" sizes=\"(max-width: 1058px) 100vw, 1058px\" \/>\t\t\t\t\t\t\t\t\t\t\t<\/div>\n\t\t\t\t\t<\/div>\n\n\t\t<div class=\"box-text text-center\" >\n\t\t\t<div class=\"box-text-inner\">\n\t\t\t\t\n\n\t<div id=\"text-2238158937\" class=\"text\">\n\t\t\n\n<h4>Steel Bracelet and Sintered Bracelet Catalog<\/h4>\n\t\t\n<style>\n#text-2238158937 {\n  font-size: 0.85rem;\n  line-height: 0.85;\n  color: rgb(0,0,0);\n}\n#text-2238158937 > * {\n  color: rgb(0,0,0);\n}\n<\/style>\n\t<\/div>\n\t\n\n\t\t\t<\/div>\n\t\t<\/div>\n\t<\/div>\n\t\n\n\t\t<\/div>\n\t\t\t\t\t<\/div>\n\n\t\n\n<\/div>\n<div class=\"row\"  id=\"row-622474193\">\n\n\n\t<div id=\"col-1906099699\" class=\"col small-12 large-12\"  >\n\t\t\t\t<div class=\"col-inner\"  >\n\t\t\t\n\t\t\t\n\n<div class=\"row\"  id=\"row-1654490535\">\n\n\n\t<div id=\"col-1492639591\" class=\"col small-12 large-12\"  >\n\t\t\t\t<div class=\"col-inner\"  >\n\t\t\t\n\t\t\t\n\n\n\t\t<\/div>\n\t\t\t\t\t<\/div>\n\n\t\n\n<\/div>\n<p style=\"text-align: center;\"><span style=\"font-size: 110%; background-color: #fcfcfc; color: #282828;\">Katologlarda&#8217;ki mevcut \u00fcr\u00fcnlerimizi <a style=\"background-color: #fcfcfc; color: #282828;\" href=\"\/urunler\">HEMEN<\/a> g\u00f6r\u00fcnt\u00fcleyin<\/span><\/p>\n\n\t\t<\/div>\n\t\t\t\t\t<\/div>\n\n\t\n\n<\/div>","protected":false},"excerpt":{"rendered":"","protected":false},"author":1,"featured_media":0,"parent":0,"menu_order":0,"comment_status":"closed","ping_status":"closed","template":"","meta":{"footnotes":""},"class_list":["post-3208","page","type-page","status-publish","hentry"],"aioseo_notices":[],"_links":{"self":[{"href":"https:\/\/erayman.com\/en\/wp-json\/wp\/v2\/pages\/3208"}],"collection":[{"href":"https:\/\/erayman.com\/en\/wp-json\/wp\/v2\/pages"}],"about":[{"href":"https:\/\/erayman.com\/en\/wp-json\/wp\/v2\/types\/page"}],"author":[{"embeddable":true,"href":"https:\/\/erayman.com\/en\/wp-json\/wp\/v2\/users\/1"}],"replies":[{"embeddable":true,"href":"https:\/\/erayman.com\/en\/wp-json\/wp\/v2\/comments?post=3208"}],"version-history":[{"count":5,"href":"https:\/\/erayman.com\/en\/wp-json\/wp\/v2\/pages\/3208\/revisions"}],"predecessor-version":[{"id":3232,"href":"https:\/\/erayman.com\/en\/wp-json\/wp\/v2\/pages\/3208\/revisions\/3232"}],"wp:attachment":[{"href":"https:\/\/erayman.com\/en\/wp-json\/wp\/v2\/media?parent=3208"}],"curies":[{"name":"wp","href":"https:\/\/api.w.org\/{rel}","templated":true}]}}