{"id":3133,"date":"2024-10-14T01:05:50","date_gmt":"2024-10-13T22:05:50","guid":{"rendered":"https:\/\/erayman.com\/en\/?page_id=3133"},"modified":"2024-10-17T15:37:21","modified_gmt":"2024-10-17T12:37:21","slug":"about-us","status":"publish","type":"page","link":"https:\/\/erayman.com\/en\/about-us\/","title":{"rendered":"About Us"},"content":{"rendered":"<div class=\"container section-title-container\" ><h3 class=\"section-title section-title-center\"><b><\/b><span class=\"section-title-main\" >About Us<\/span><b><\/b><\/h3><\/div>\n\n<div class=\"row\"  id=\"row-314766212\">\n\n\n\t<div id=\"col-338560622\" class=\"col medium-4 small-12 large-4\"  >\n\t\t\t\t<div class=\"col-inner\"  >\n\t\t\t\n\t\t\t\n\n\t<div class=\"img has-hover x md-x lg-x y md-y lg-y\" id=\"image_39502035\">\n\t\t\t\t\t\t\t\t<div class=\"img-inner image-cover dark\" style=\"padding-top:200%;\">\n\t\t\t<img loading=\"lazy\" decoding=\"async\" width=\"1020\" height=\"700\" src=\"https:\/\/erayman.com\/en\/wp-content\/uploads\/sites\/2\/2024\/10\/hakkimizda-en.jpg\" class=\"attachment-large size-large\" alt=\"\" srcset=\"https:\/\/erayman.com\/en\/wp-content\/uploads\/sites\/2\/2024\/10\/hakkimizda-en.jpg 1166w, https:\/\/erayman.com\/en\/wp-content\/uploads\/sites\/2\/2024\/10\/hakkimizda-en-583x400.jpg 583w, https:\/\/erayman.com\/en\/wp-content\/uploads\/sites\/2\/2024\/10\/hakkimizda-en-768x527.jpg 768w, https:\/\/erayman.com\/en\/wp-content\/uploads\/sites\/2\/2024\/10\/hakkimizda-en-510x350.jpg 510w\" sizes=\"(max-width: 1020px) 100vw, 1020px\" \/>\t\t\t\t\t\t\n\t\t\t\t\t<\/div>\n\t\t\t\t\t\t\t\t\n<style>\n#image_39502035 {\n  width: 100%;\n}\n<\/style>\n\t<\/div>\n\t\n\n\n\t\t<\/div>\n\t\t\t\t\t<\/div>\n\n\t\n\n\t<div id=\"col-1045324681\" class=\"col medium-8 small-12 large-8\"  >\n\t\t\t\t<div class=\"col-inner\"  >\n\t\t\t\n\t\t\t\n\n<p><span style=\"color: #282828;\">Erayman Tekstil Makine serves as one of the leading companies in the industry with our many years of experience and innovative solutions in the textile industry. Since our establishment, we have been acting with the mission of offering the highest quality textile machinery to our customers and making a difference in the sector by producing at global standards.<\/span><\/p>\n<p><span style=\"color: #282828;\">By prioritizing customer satisfaction, we develop technologies that aim to increase efficiency and quality in production processes. Our R&amp;D team works to provide added value to the textile industry by constantly improving our machinery and services.<\/span><\/p>\n<p><span style=\"color: #282828;\">As Erayman Tekstil Makina, we offer the machines that best suit the needs of the textile industry with durable, high-performance and environmentally friendly solutions. Our company, which has gained a solid place in the local and international markets, has become a preferred brand with its trust, quality and solution-oriented approach in customer relations.<\/span><\/p>\n<p><span style=\"color: #282828;\">We continue to grow day by day with our strong engineering infrastructure, modern production facilities and industry-leading innovative approach. We aim to take your business one step further with the products and services we offer to our valued customers.<\/span><\/p>\n<p><span style=\"color: #282828;\">Our mission<\/span><br \/><span style=\"color: #282828;\">As Erayman Tekstil Makina, our mission is to contribute to our customers to increase quality and efficiency in their production processes by offering the most innovative, efficient and reliable machines to the textile industry. By closely following technological developments, we create added value to the sector with environmentally friendly, durable and high-performance solutions. We always put customer satisfaction as our priority and work to offer the most suitable solutions for their needs.<\/span><\/p>\n<p><span style=\"color: #282828;\">Our Vision<\/span><br \/><span style=\"color: #282828;\">Our vision is to become a global brand in the textile machinery industry and to be a leading and reliable solution partner in both the local and international markets. By developing innovative products based on advanced technology, we aim to implement the best practices in the industry and support the concept of sustainable production. As a leading company that shapes the future of the industry, we will continue to be the reliable choice of our customers.<\/span><\/p>\n<p><span style=\"color: #282828;\"><a style=\"color: #282828;\" href=\"\/en\/our-quality-policy\/\">Kalite Politikam\u0131z\u0131 t\u0131klayarak inceleyebilirsiniz<\/a><\/span><\/p>\n<div class=\"social-icons follow-icons full-width text-center\" ><a href=\"#\" target=\"_blank\" data-label=\"Facebook\" class=\"icon button circle is-outline facebook tooltip\" title=\"Facebook&amp;apos; ta takip et\" aria-label=\"Facebook&amp;apos; ta takip et\" rel=\"noopener nofollow\" ><i class=\"icon-facebook\" ><\/i><\/a><a href=\"#\" target=\"_blank\" data-label=\"Instagram\" class=\"icon button circle is-outline instagram tooltip\" title=\"Instagram&amp;apos; da takip et\" aria-label=\"Instagram&amp;apos; da takip et\" rel=\"noopener nofollow\" ><i class=\"icon-instagram\" ><\/i><\/a><a href=\"#\" data-label=\"Twitter\" target=\"_blank\" class=\"icon button circle is-outline twitter tooltip\" title=\"Twitter&amp;apos; da takip et\" aria-label=\"Twitter&amp;apos; da takip et\" rel=\"noopener nofollow\" ><i class=\"icon-twitter\" ><\/i><\/a><a href=\"mailto:#\" data-label=\"E-mail\" target=\"_blank\" class=\"icon button circle is-outline email tooltip\" title=\"Bize e-posta g\u00f6nderin\" aria-label=\"Bize e-posta g\u00f6nderin\" rel=\"nofollow noopener\" ><i class=\"icon-envelop\" ><\/i><\/a><\/div>\n\n\n\t\t<\/div>\n\t\t\t\t\t<\/div>\n\n\t\n\n<\/div>","protected":false},"excerpt":{"rendered":"","protected":false},"author":1,"featured_media":0,"parent":0,"menu_order":0,"comment_status":"closed","ping_status":"closed","template":"","meta":{"footnotes":""},"class_list":["post-3133","page","type-page","status-publish","hentry"],"aioseo_notices":[],"_links":{"self":[{"href":"https:\/\/erayman.com\/en\/wp-json\/wp\/v2\/pages\/3133"}],"collection":[{"href":"https:\/\/erayman.com\/en\/wp-json\/wp\/v2\/pages"}],"about":[{"href":"https:\/\/erayman.com\/en\/wp-json\/wp\/v2\/types\/page"}],"author":[{"embeddable":true,"href":"https:\/\/erayman.com\/en\/wp-json\/wp\/v2\/users\/1"}],"replies":[{"embeddable":true,"href":"https:\/\/erayman.com\/en\/wp-json\/wp\/v2\/comments?post=3133"}],"version-history":[{"count":4,"href":"https:\/\/erayman.com\/en\/wp-json\/wp\/v2\/pages\/3133\/revisions"}],"predecessor-version":[{"id":3276,"href":"https:\/\/erayman.com\/en\/wp-json\/wp\/v2\/pages\/3133\/revisions\/3276"}],"wp:attachment":[{"href":"https:\/\/erayman.com\/en\/wp-json\/wp\/v2\/media?parent=3133"}],"curies":[{"name":"wp","href":"https:\/\/api.w.org\/{rel}","templated":true}]}}